{"id":4138,"date":"2025-01-01T18:15:04","date_gmt":"2025-01-01T17:15:04","guid":{"rendered":"https:\/\/art-bijoux.com\/?post_type=product&#038;p=4138"},"modified":"2025-01-01T18:15:05","modified_gmt":"2025-01-01T17:15:05","slug":"4138-boucles-oreille-zen-paresseux","status":"publish","type":"product","link":"https:\/\/art-bijoux.com\/en\/boutique\/4138-boucles-oreille-zen-paresseux\/","title":{"rendered":"Boucles d\u2019Oreilles Zen \u2013 Verre Recycl\u00e9 et Famille de Paresseux"},"content":{"rendered":"<p><img fetchpriority=\"high\" decoding=\"async\" class=\"size-medium wp-image-4139 alignleft\" src=\"https:\/\/art-bijoux.com\/wp-content\/uploads\/2025\/01\/Paresseux-300x300.jpg\" alt=\"Paire de boucles d'oreille noir et blanc avec paresseux\" width=\"300\" height=\"300\" srcset=\"https:\/\/art-bijoux.com\/wp-content\/uploads\/2025\/01\/Paresseux-300x300.jpg 300w, https:\/\/art-bijoux.com\/wp-content\/uploads\/2025\/01\/Paresseux-1019x1024.jpg 1019w, https:\/\/art-bijoux.com\/wp-content\/uploads\/2025\/01\/Paresseux-150x150.jpg 150w, https:\/\/art-bijoux.com\/wp-content\/uploads\/2025\/01\/Paresseux-100x100.jpg 100w, https:\/\/art-bijoux.com\/wp-content\/uploads\/2025\/01\/Paresseux.jpg 1080w\" sizes=\"(max-width: 300px) 100vw, 300px\" \/><\/p>\n<p>Paire de boucles d&#8217;oreille noir et blanc avec paresseux<\/p>\n<p>Ces boucles d&#8217;oreilles uniques et pleines de charme sont r\u00e9alis\u00e9es en verre fondu noir et blanc, r\u00e9cup\u00e9r\u00e9 parmi les chutes de vitraux. Leur apparence zen et leurs formes irr\u00e9guli\u00e8res, non retouch\u00e9es, ajoutent une authenticit\u00e9 et un caract\u00e8re artisanal \u00e0 ces bijoux.<\/p>\n<p>Con\u00e7ues selon la technique Tiffany, les bords des morceaux de verre ont \u00e9t\u00e9 soigneusement meul\u00e9s, sertis de cuivre, soud\u00e9s \u00e0 l&#8217;\u00e9tain, puis patin\u00e9s, offrant une finition \u00e9l\u00e9gante et raffin\u00e9e. Une fixation pour oreilles perc\u00e9es a \u00e9t\u00e9 solidement install\u00e9e au sommet.<\/p>\n<p>La touche finale est apport\u00e9e par des breloques en m\u00e9tal argent\u00e9 : un &#8220;paparesseux&#8221; orne l\u2019une des boucles, tandis que l\u2019autre est d\u00e9cor\u00e9e d\u2019un adorable duo de maman paresseux et son b\u00e9b\u00e9. Ce design original et ludique rend hommage \u00e0 la lenteur, la s\u00e9r\u00e9nit\u00e9 et la douceur de vivre, \u00e0 travers cette famille de paresseux pleine de po\u00e9sie.<\/p>\n<h3>Caract\u00e9ristiques des boucles d&#8217;oreilles :<\/h3>\n<ul>\n<li><strong>Mat\u00e9riau principal<\/strong> : Verre fondu noir et blanc, r\u00e9cup\u00e9r\u00e9 dans les chutes de vitraux<\/li>\n<li><strong>Style du verre<\/strong> : Apparence zen, formes irr\u00e9guli\u00e8res et naturelles<\/li>\n<li><strong>Technique de montage<\/strong> :\n<ul>\n<li>Bords meul\u00e9s et sertis de cuivre<\/li>\n<li>Soudure \u00e0 l\u2019\u00e9tain selon la technique Tiffany<\/li>\n<li>Patine pour une finition soign\u00e9e<\/li>\n<\/ul>\n<\/li>\n<li><strong>Fixation<\/strong> : Pour oreilles perc\u00e9es, install\u00e9e au sommet\n<div class=\"mceTemp\"><\/div>\n<\/li>\n<li><strong>Breloques<\/strong> :\n<ul>\n<li>Paresseux solitaire en m\u00e9tal argent\u00e9 sur une boucle<\/li>\n<li>Maman paresseux avec b\u00e9b\u00e9 sur l\u2019autre boucle<\/li>\n<\/ul>\n<\/li>\n<li><strong>Inspiration<\/strong> : Hommage \u00e0 la lenteur et \u00e0 la s\u00e9r\u00e9nit\u00e9<\/li>\n<\/ul>\n","protected":false},"excerpt":{"rendered":"<p>Paire de boucles d&#8217;oreille zen, en verre fondu r\u00e9cup\u00e9r\u00e9 noir et blanc, avec breloques repr\u00e9sentant des paresseux : maman, b\u00e9b\u00e9 et papa<\/p>\n","protected":false},"featured_media":4139,"comment_status":"open","ping_status":"closed","template":"","meta":[],"product_brand":[],"product_cat":[50,51,176],"product_tag":[52,84,49,27],"class_list":{"0":"post-4138","1":"product","2":"type-product","3":"status-publish","4":"has-post-thumbnail","6":"product_cat-boucle-doreille-fusing","7":"product_cat-boucle-oreille-tiffany","8":"product_cat-breloque-bijou-verre","9":"product_tag-portrait-animal","10":"product_tag-boucle-oreille","11":"product_tag-fusing-verre","12":"product_tag-tiffany-verre","13":"pa_bijou-boucle-oreille","14":"pa_breloque-paresseux","16":"first","17":"instock","18":"purchasable","19":"product-type-simple"},"_links":{"self":[{"href":"https:\/\/art-bijoux.com\/en\/wp-json\/wp\/v2\/product\/4138","targetHints":{"allow":["GET"]}}],"collection":[{"href":"https:\/\/art-bijoux.com\/en\/wp-json\/wp\/v2\/product"}],"about":[{"href":"https:\/\/art-bijoux.com\/en\/wp-json\/wp\/v2\/types\/product"}],"replies":[{"embeddable":true,"href":"https:\/\/art-bijoux.com\/en\/wp-json\/wp\/v2\/comments?post=4138"}],"version-history":[{"count":0,"href":"https:\/\/art-bijoux.com\/en\/wp-json\/wp\/v2\/product\/4138\/revisions"}],"wp:featuredmedia":[{"embeddable":true,"href":"https:\/\/art-bijoux.com\/en\/wp-json\/wp\/v2\/media\/4139"}],"wp:attachment":[{"href":"https:\/\/art-bijoux.com\/en\/wp-json\/wp\/v2\/media?parent=4138"}],"wp:term":[{"taxonomy":"product_brand","embeddable":true,"href":"https:\/\/art-bijoux.com\/en\/wp-json\/wp\/v2\/product_brand?post=4138"},{"taxonomy":"product_cat","embeddable":true,"href":"https:\/\/art-bijoux.com\/en\/wp-json\/wp\/v2\/product_cat?post=4138"},{"taxonomy":"product_tag","embeddable":true,"href":"https:\/\/art-bijoux.com\/en\/wp-json\/wp\/v2\/product_tag?post=4138"}],"curies":[{"name":"wp","href":"https:\/\/api.w.org\/{rel}","templated":true}]}}