{"id":414,"date":"2024-05-01T10:04:13","date_gmt":"2024-05-01T08:04:13","guid":{"rendered":"https:\/\/art-bijoux.com\/?post_type=product&#038;p=414"},"modified":"2024-05-04T18:13:14","modified_gmt":"2024-05-04T16:13:14","slug":"sa-majeste-des-mouches-broche-mouche-tiffany-en-verre-vert-et-noir-elegance-naturelle-et-realisme-sublime","status":"publish","type":"product","link":"https:\/\/art-bijoux.com\/en\/boutique\/sa-majeste-des-mouches-broche-mouche-tiffany-en-verre-vert-et-noir-elegance-naturelle-et-realisme-sublime\/","title":{"rendered":"Broche Sa Majest\u00e9 des Mouches &#8211; Broche Mouche Tiffany en Verre Vert et Noir &#8211; \u00c9l\u00e9gance Naturelle et R\u00e9alisme Sublime"},"content":{"rendered":"<figure id=\"attachment_411\" aria-describedby=\"caption-attachment-411\" style=\"width: 286px\" class=\"wp-caption alignnone\"><img fetchpriority=\"high\" decoding=\"async\" class=\"size-medium wp-image-411\" src=\"https:\/\/art-bijoux.com\/wp-content\/uploads\/2024\/05\/Mouche-286x300.webp\" alt=\"Une mouche en broche\" width=\"286\" height=\"300\" srcset=\"https:\/\/art-bijoux.com\/wp-content\/uploads\/2024\/05\/Mouche-286x300.webp 286w, https:\/\/art-bijoux.com\/wp-content\/uploads\/2024\/05\/Mouche-600x630.webp 600w, https:\/\/art-bijoux.com\/wp-content\/uploads\/2024\/05\/Mouche-975x1024.webp 975w, https:\/\/art-bijoux.com\/wp-content\/uploads\/2024\/05\/Mouche-768x806.webp 768w, https:\/\/art-bijoux.com\/wp-content\/uploads\/2024\/05\/Mouche-1463x1536.webp 1463w, https:\/\/art-bijoux.com\/wp-content\/uploads\/2024\/05\/Mouche.webp 1829w\" sizes=\"(max-width: 286px) 100vw, 286px\" \/><figcaption id=\"caption-attachment-411\" class=\"wp-caption-text\">Une broche en forme de mouche<\/figcaption><\/figure>\n<p>Ajoutez une touche de nature et d&#8217;originalit\u00e9 \u00e0 votre tenue avec notre broche Mouche Tiffany en verre, une pi\u00e8ce qui \u00e9voque le charme de la nature avec un r\u00e9alisme sublime. Chaque broche est une \u0153uvre d&#8217;art unique, m\u00e9ticuleusement con\u00e7ue et fabriqu\u00e9e \u00e0 la main, affirmant notre engagement envers la cr\u00e9ativit\u00e9 et la qualit\u00e9 artisanale.<\/p>\n<p>Cette broche remarquable repr\u00e9sente une mouche avec une pr\u00e9cision et des d\u00e9tails qui la rendent reconnaissable au premier coup d\u2019\u0153il. Sa t\u00eate est une perle de verre vert, capturant la brillance et la vivacit\u00e9 de cette cr\u00e9ature fascinante. Le haut de son corps et ses ailes sont en verre vert opaque gris fonc\u00e9, offrant une nuance subtile et une texture \u00e9l\u00e9gante. Les deux parties de son corps sont en verre opaque noir, cr\u00e9ant un contraste saisissant et ajoutant une touche de myst\u00e8re \u00e0 l&#8217;ensemble.<\/p>\n<p>Portez cette broche avec fiert\u00e9 pour ajouter une touche de style unique \u00e0 votre tenue, que ce soit sur une veste, un chapeau ou un sac \u00e0 main. Exprimez votre amour pour la nature et votre appr\u00e9ciation pour l&#8217;artisanat exceptionnel avec cette broche Mouche Tiffany en verre.<\/p>\n<p><strong>Caract\u00e9ristiques :<\/strong><\/p>\n<ul>\n<li>Mat\u00e9riel : Verre vert, noir et gris fonc\u00e9, perle de verre, cuivre, \u00e9tain, m\u00e9tal argent\u00e9<\/li>\n<li>Style : Naturel, r\u00e9aliste, pi\u00e8ce unique<\/li>\n<li>Dimensions : hauteur : 5,2 cm, largeur : 5,4 cm<\/li>\n<\/ul>\n<p>Faites sensation avec cette broche remarquable qui allie \u00e9l\u00e9gance naturelle et r\u00e9alisme sublime. Commandez d\u00e8s maintenant et laissez cette pi\u00e8ce exceptionnelle ajouter une touche d&#8217;originalit\u00e9 \u00e0 votre collection de bijoux.<\/p>\n","protected":false},"excerpt":{"rendered":"<p>Une mouche en verre<\/p>\n","protected":false},"featured_media":411,"comment_status":"open","ping_status":"closed","template":"","meta":[],"product_brand":[],"product_cat":[39],"product_tag":[37,27],"class_list":{"0":"post-414","1":"product","2":"type-product","3":"status-publish","4":"has-post-thumbnail","6":"product_cat-broche-tiffany","7":"product_tag-broche-verre-soie","8":"product_tag-tiffany-verre","10":"first","11":"instock","12":"purchasable","13":"product-type-simple"},"_links":{"self":[{"href":"https:\/\/art-bijoux.com\/en\/wp-json\/wp\/v2\/product\/414","targetHints":{"allow":["GET"]}}],"collection":[{"href":"https:\/\/art-bijoux.com\/en\/wp-json\/wp\/v2\/product"}],"about":[{"href":"https:\/\/art-bijoux.com\/en\/wp-json\/wp\/v2\/types\/product"}],"replies":[{"embeddable":true,"href":"https:\/\/art-bijoux.com\/en\/wp-json\/wp\/v2\/comments?post=414"}],"version-history":[{"count":0,"href":"https:\/\/art-bijoux.com\/en\/wp-json\/wp\/v2\/product\/414\/revisions"}],"wp:featuredmedia":[{"embeddable":true,"href":"https:\/\/art-bijoux.com\/en\/wp-json\/wp\/v2\/media\/411"}],"wp:attachment":[{"href":"https:\/\/art-bijoux.com\/en\/wp-json\/wp\/v2\/media?parent=414"}],"wp:term":[{"taxonomy":"product_brand","embeddable":true,"href":"https:\/\/art-bijoux.com\/en\/wp-json\/wp\/v2\/product_brand?post=414"},{"taxonomy":"product_cat","embeddable":true,"href":"https:\/\/art-bijoux.com\/en\/wp-json\/wp\/v2\/product_cat?post=414"},{"taxonomy":"product_tag","embeddable":true,"href":"https:\/\/art-bijoux.com\/en\/wp-json\/wp\/v2\/product_tag?post=414"}],"curies":[{"name":"wp","href":"https:\/\/api.w.org\/{rel}","templated":true}]}}