{"id":4145,"date":"2025-01-01T18:37:06","date_gmt":"2025-01-01T17:37:06","guid":{"rendered":"https:\/\/art-bijoux.com\/?post_type=product&#038;p=4145"},"modified":"2025-02-01T00:00:02","modified_gmt":"2025-01-31T23:00:02","slug":"boucles-oreilles-verre-recycle-chiens","status":"publish","type":"product","link":"https:\/\/art-bijoux.com\/en\/boutique\/boucles-oreilles-verre-recycle-chiens\/","title":{"rendered":"Boucles d\u2019Oreilles Uniques \u2013 Verre Recycl\u00e9 et Breloque Petit Chien Adorable"},"content":{"rendered":"<figure id=\"attachment_4146\" aria-describedby=\"caption-attachment-4146\" style=\"width: 214px\" class=\"wp-caption alignleft\"><img fetchpriority=\"high\" decoding=\"async\" class=\"size-medium wp-image-4146\" src=\"https:\/\/art-bijoux.com\/wp-content\/uploads\/2025\/01\/Ouaf-2-214x300.jpg\" alt=\"Ouaf! boucles d'oreilles\" width=\"214\" height=\"300\" srcset=\"https:\/\/art-bijoux.com\/wp-content\/uploads\/2025\/01\/Ouaf-2-214x300.jpg 214w, https:\/\/art-bijoux.com\/wp-content\/uploads\/2025\/01\/Ouaf-2-730x1024.jpg 730w, https:\/\/art-bijoux.com\/wp-content\/uploads\/2025\/01\/Ouaf-2-768x1077.jpg 768w, https:\/\/art-bijoux.com\/wp-content\/uploads\/2025\/01\/Ouaf-2-600x841.jpg 600w, https:\/\/art-bijoux.com\/wp-content\/uploads\/2025\/01\/Ouaf-2.jpg 1070w\" sizes=\"(max-width: 214px) 100vw, 214px\" \/><figcaption id=\"caption-attachment-4146\" class=\"wp-caption-text\">Ouaf ! boucles d&#8217;oreilles<\/figcaption><\/figure>\n<p>Cette paire de boucles d\u2019oreilles unique et \u00e9l\u00e9gante est con\u00e7ue \u00e0 partir de verre \u00e0 vitres cass\u00e9es recycl\u00e9, transform\u00e9 en v\u00e9ritables \u0153uvres d\u2019art miniatures. L\u2019une des boucles est transparente avec de subtils \u00e9clats fondus qui captent la lumi\u00e8re, tandis que l\u2019autre pr\u00e9sente un \u00e9clat bleu intense, cr\u00e9ant un contraste harmonieux et captivant.<\/p>\n<p>Mont\u00e9es selon la technique Tiffany, les morceaux de verre ont \u00e9t\u00e9 soigneusement meul\u00e9s, sertis de cuivre, soud\u00e9s \u00e0 l\u2019\u00e9tain, puis patin\u00e9s pour une finition artisanale impeccable. Une fixation pour oreilles perc\u00e9es a \u00e9t\u00e9 ajout\u00e9e au sommet, o\u00f9 se trouve \u00e9galement une minuscule breloque en m\u00e9tal repr\u00e9sentant un adorable petit chien assis, apportant une touche de charme et de d\u00e9licatesse.<\/p>\n<h3>Caract\u00e9ristiques des boucles d\u2019oreilles :<\/h3>\n<ul>\n<li><strong>Mat\u00e9riau principal<\/strong> : Verre \u00e0 vitres recycl\u00e9\n<ul>\n<li>Une boucle transparente avec \u00e9clats fondus discrets<\/li>\n<li>Une boucle avec un \u00e9clat bleu intense sur fond transparent<\/li>\n<\/ul>\n<\/li>\n<li><strong>Technique de montage<\/strong> :\n<ul>\n<li>Bords meul\u00e9s et sertis de cuivre<\/li>\n<li>Soudure \u00e0 l\u2019\u00e9tain selon la m\u00e9thode Tiffany<\/li>\n<li>Patine pour une finition \u00e9l\u00e9gante<\/li>\n<\/ul>\n<\/li>\n<li><strong>Fixation<\/strong> : Pour oreilles perc\u00e9es, au sommet<\/li>\n<li><strong>Breloque<\/strong> : Minuscule chien assis en m\u00e9tal, fix\u00e9 au sommet<\/li>\n<li><strong>Style<\/strong> : Bijou artisanal, original et respectueux de l\u2019environnement<\/li>\n<\/ul>\n<p>&nbsp;<\/p>\n","protected":false},"excerpt":{"rendered":"<p>Paire de boucles d&#8217;oreilles en verre \u00e0 votre recycl\u00e9, avec des breloques repr\u00e9sentant des minuscules chiens assis. Fond transparent et bleu.<\/p>\n","protected":false},"featured_media":4146,"comment_status":"open","ping_status":"closed","template":"","meta":[],"product_brand":[],"product_cat":[50,51],"product_tag":[52,49,27],"class_list":{"0":"post-4145","1":"product","2":"type-product","3":"status-publish","4":"has-post-thumbnail","6":"product_cat-boucle-doreille-fusing","7":"product_cat-boucle-oreille-tiffany","8":"product_tag-portrait-animal","9":"product_tag-fusing-verre","10":"product_tag-tiffany-verre","11":"pa_bijou-boucle-oreille","12":"pa_breloque-chien","14":"first","15":"instock","16":"purchasable","17":"product-type-simple"},"_links":{"self":[{"href":"https:\/\/art-bijoux.com\/en\/wp-json\/wp\/v2\/product\/4145","targetHints":{"allow":["GET"]}}],"collection":[{"href":"https:\/\/art-bijoux.com\/en\/wp-json\/wp\/v2\/product"}],"about":[{"href":"https:\/\/art-bijoux.com\/en\/wp-json\/wp\/v2\/types\/product"}],"replies":[{"embeddable":true,"href":"https:\/\/art-bijoux.com\/en\/wp-json\/wp\/v2\/comments?post=4145"}],"version-history":[{"count":0,"href":"https:\/\/art-bijoux.com\/en\/wp-json\/wp\/v2\/product\/4145\/revisions"}],"wp:featuredmedia":[{"embeddable":true,"href":"https:\/\/art-bijoux.com\/en\/wp-json\/wp\/v2\/media\/4146"}],"wp:attachment":[{"href":"https:\/\/art-bijoux.com\/en\/wp-json\/wp\/v2\/media?parent=4145"}],"wp:term":[{"taxonomy":"product_brand","embeddable":true,"href":"https:\/\/art-bijoux.com\/en\/wp-json\/wp\/v2\/product_brand?post=4145"},{"taxonomy":"product_cat","embeddable":true,"href":"https:\/\/art-bijoux.com\/en\/wp-json\/wp\/v2\/product_cat?post=4145"},{"taxonomy":"product_tag","embeddable":true,"href":"https:\/\/art-bijoux.com\/en\/wp-json\/wp\/v2\/product_tag?post=4145"}],"curies":[{"name":"wp","href":"https:\/\/api.w.org\/{rel}","templated":true}]}}