{"id":4167,"date":"2025-01-04T13:53:32","date_gmt":"2025-01-04T12:53:32","guid":{"rendered":"https:\/\/art-bijoux.com\/?post_type=product&#038;p=4167"},"modified":"2025-03-25T13:15:54","modified_gmt":"2025-03-25T12:15:54","slug":"pendentif-tiffany-chouette-vigne","status":"publish","type":"product","link":"https:\/\/art-bijoux.com\/en\/boutique\/pendentif-tiffany-chouette-vigne\/","title":{"rendered":"La Vigne, c&#8217;est Chouette 1"},"content":{"rendered":"<figure id=\"attachment_4154\" aria-describedby=\"caption-attachment-4154\" style=\"width: 300px\" class=\"wp-caption alignnone\"><img fetchpriority=\"high\" decoding=\"async\" class=\"size-medium wp-image-4154\" src=\"https:\/\/art-bijoux.com\/wp-content\/uploads\/2025\/01\/Vigne-chouette-1-c-300x300.jpg\" alt=\"Vigne chouette oval bleu\" width=\"300\" height=\"300\" srcset=\"https:\/\/art-bijoux.com\/wp-content\/uploads\/2025\/01\/Vigne-chouette-1-c-300x300.jpg 300w, https:\/\/art-bijoux.com\/wp-content\/uploads\/2025\/01\/Vigne-chouette-1-c-1024x1024.jpg 1024w, https:\/\/art-bijoux.com\/wp-content\/uploads\/2025\/01\/Vigne-chouette-1-c-150x150.jpg 150w, https:\/\/art-bijoux.com\/wp-content\/uploads\/2025\/01\/Vigne-chouette-1-c-768x768.jpg 768w, https:\/\/art-bijoux.com\/wp-content\/uploads\/2025\/01\/Vigne-chouette-1-c-600x600.jpg 600w, https:\/\/art-bijoux.com\/wp-content\/uploads\/2025\/01\/Vigne-chouette-1-c-100x100.jpg 100w, https:\/\/art-bijoux.com\/wp-content\/uploads\/2025\/01\/Vigne-chouette-1-c.jpg 1080w\" sizes=\"(max-width: 300px) 100vw, 300px\" \/><figcaption id=\"caption-attachment-4154\" class=\"wp-caption-text\">Vigne chouette avec c\u0153ur de pierre bleu<\/figcaption><\/figure>\n<p>Ce pendentif imposant et \u00e9l\u00e9gant (8,2 x 8,2 cm) est une pi\u00e8ce unique r\u00e9alis\u00e9e \u00e0 partir de deux morceaux de verre de tr\u00e8s grande qualit\u00e9, issue des chutes de la c\u00e9l\u00e8bre lampe <em>Vigne<\/em> compos\u00e9e de 1000 pi\u00e8ces. Ces fragments d&#8217;exception ont \u00e9t\u00e9 soigneusement meul\u00e9s, sertis, soud\u00e9s, puis patin\u00e9s selon la technique Tiffany, conf\u00e9rant au bijou un raffinement artisanal incomparable.<\/p>\n<p>\u00c0 l&#8217;arri\u00e8re, une b\u00e9li\u00e8re solidement soud\u00e9e permet de le porter sur une cha\u00eene ou un lacet, offrant un confort d&#8217;utilisation optimal. Une breloque repr\u00e9sentant une majestueuse chouette en m\u00e9tal argent\u00e9, aux yeux en pierre noire \u00e0 facettes et au corps fa\u00e7onn\u00e9 dans une pierre en turquoise, symbole de protection contre les \u00e9nergies n\u00e9gatives, est \u00e9galement fix\u00e9e \u00e0 l&#8217;arri\u00e8re, ajoutant une dimension mystique et naturelle.<\/p>\n<p>&nbsp;<\/p>\n<h3>Caract\u00e9ristiques<\/h3>\n<ul>\n<li><strong>Dimensions<\/strong> : 8,2cmx8,2cm<\/li>\n<li><strong>Mat\u00e9riau principal<\/strong> : Verre de haute qualit\u00e9, m\u00e9tal, pierre<\/li>\n<li><strong>Technique de montage<\/strong> :\n<ul>\n<li>Technique Tiffany<\/li>\n<\/ul>\n<\/li>\n<li><strong>Attache<\/strong> : b\u00e9li\u00e8re et anneaux en m\u00e9tal dor\u00e9<\/li>\n<li><strong>Breloque<\/strong> :\n<ul>\n<li>Chouette<\/li>\n<li>Corps en turquoise<\/li>\n<\/ul>\n<\/li>\n<li><strong>Style<\/strong> : Contemporain<\/li>\n<\/ul>\n","protected":false},"excerpt":{"rendered":"<p>Pendentif en verre de haute qualit\u00e9 repr\u00e9sentant une feuille de vigne. Une breloque repr\u00e9sentant une chouette au corps en turquoise a \u00e9t\u00e9 solidement soud\u00e9e.<\/p>\n","protected":false},"featured_media":4154,"comment_status":"open","ping_status":"closed","template":"","meta":[],"product_brand":[],"product_cat":[176,28],"product_tag":[52,29,32,26,27],"class_list":{"0":"post-4167","1":"product","2":"type-product","3":"status-publish","4":"has-post-thumbnail","6":"product_cat-breloque-bijou-verre","7":"product_cat-pendentif-tiffany","8":"product_tag-portrait-animal","9":"product_tag-breloque-metal-pierre","10":"product_tag-chouette","11":"product_tag-pendentif-verre","12":"product_tag-tiffany-verre","13":"pa_bijou-pendentif","14":"pa_breloque-chouette","16":"first","17":"outofstock","18":"purchasable","19":"product-type-simple"},"_links":{"self":[{"href":"https:\/\/art-bijoux.com\/en\/wp-json\/wp\/v2\/product\/4167","targetHints":{"allow":["GET"]}}],"collection":[{"href":"https:\/\/art-bijoux.com\/en\/wp-json\/wp\/v2\/product"}],"about":[{"href":"https:\/\/art-bijoux.com\/en\/wp-json\/wp\/v2\/types\/product"}],"replies":[{"embeddable":true,"href":"https:\/\/art-bijoux.com\/en\/wp-json\/wp\/v2\/comments?post=4167"}],"version-history":[{"count":0,"href":"https:\/\/art-bijoux.com\/en\/wp-json\/wp\/v2\/product\/4167\/revisions"}],"wp:featuredmedia":[{"embeddable":true,"href":"https:\/\/art-bijoux.com\/en\/wp-json\/wp\/v2\/media\/4154"}],"wp:attachment":[{"href":"https:\/\/art-bijoux.com\/en\/wp-json\/wp\/v2\/media?parent=4167"}],"wp:term":[{"taxonomy":"product_brand","embeddable":true,"href":"https:\/\/art-bijoux.com\/en\/wp-json\/wp\/v2\/product_brand?post=4167"},{"taxonomy":"product_cat","embeddable":true,"href":"https:\/\/art-bijoux.com\/en\/wp-json\/wp\/v2\/product_cat?post=4167"},{"taxonomy":"product_tag","embeddable":true,"href":"https:\/\/art-bijoux.com\/en\/wp-json\/wp\/v2\/product_tag?post=4167"}],"curies":[{"name":"wp","href":"https:\/\/api.w.org\/{rel}","templated":true}]}}