{"id":4177,"date":"2025-01-10T13:33:34","date_gmt":"2025-01-10T12:33:34","guid":{"rendered":"https:\/\/art-bijoux.com\/?post_type=product&#038;p=4177"},"modified":"2025-01-10T13:33:35","modified_gmt":"2025-01-10T12:33:35","slug":"4177-vitrail-tiffany-oiseau-rosier-tondo","status":"publish","type":"product","link":"https:\/\/art-bijoux.com\/en\/boutique\/4177-vitrail-tiffany-oiseau-rosier-tondo\/","title":{"rendered":"Tradition et Lumi\u00e8re \u2013 Vitrail Oiseau et Rosiers en Cercle Parfait"},"content":{"rendered":"<p>Ce magnifique vitrail de 130 pi\u00e8ces est une \u0153uvre d&#8217;art \u00e0 la fois d\u00e9corative et lumineuse, parfaite pour sublimer un int\u00e9rieur ou une fen\u00eatre.<\/p>\n<figure id=\"attachment_4178\" aria-describedby=\"caption-attachment-4178\" style=\"width: 200px\" class=\"wp-caption alignleft\"><img fetchpriority=\"high\" decoding=\"async\" class=\"size-medium wp-image-4178\" src=\"https:\/\/art-bijoux.com\/wp-content\/uploads\/2025\/01\/Oiseaux-et-rosiers-200x300.png\" alt=\"Vitrail circulaire oiseau en vol et rosiers\" width=\"200\" height=\"300\" srcset=\"https:\/\/art-bijoux.com\/wp-content\/uploads\/2025\/01\/Oiseaux-et-rosiers-200x300.png 200w, https:\/\/art-bijoux.com\/wp-content\/uploads\/2025\/01\/Oiseaux-et-rosiers-683x1024.png 683w, https:\/\/art-bijoux.com\/wp-content\/uploads\/2025\/01\/Oiseaux-et-rosiers-768x1152.png 768w, https:\/\/art-bijoux.com\/wp-content\/uploads\/2025\/01\/Oiseaux-et-rosiers-600x900.png 600w, https:\/\/art-bijoux.com\/wp-content\/uploads\/2025\/01\/Oiseaux-et-rosiers.png 1000w\" sizes=\"(max-width: 200px) 100vw, 200px\" \/><figcaption id=\"caption-attachment-4178\" class=\"wp-caption-text\">Vitrail circulaire oiseau en vol et rosiers<\/figcaption><\/figure>\n<p><span>Il mesure 30 cm de diam\u00e8tre, forme appel\u00e9e &#8220;tondo&#8221; en art. C&#8217;est une pi\u00e8ce r\u00e9alis\u00e9e avec la technique Tiffany, garantissant un travail artisanal de grande pr\u00e9cision. Chaque morceau de verre a \u00e9t\u00e9 soigneusement coup\u00e9, meul\u00e9, serti de cuivre, soud\u00e9 \u00e0 l&#8217;\u00e9tain et patin\u00e9 pour un rendu \u00e9l\u00e9gant.<\/span><\/p>\n<p><span>Le motif, d&#8217;inspiration traditionnelle, met en sc\u00e8ne un oiseau beige en plein vol devant un fond de rosiers aux p\u00e9tales d\u00e9licats dans des tons de bleu et beige, entour\u00e9 d&#8217;un feuillage riche en nuances de vert. Le fond en verre transparent bistr\u00e9 apporte une subtile luminosit\u00e9, tandis que la circonf\u00e9rence en verre grenat fonc\u00e9 de haute qualit\u00e9 encadre le tableau avec distinction. Un plomb en U a \u00e9t\u00e9 ajout\u00e9 pour renforcer la circonf\u00e9rence, et la patine couleur cuivre dor\u00e9 compl\u00e8te cette \u0153uvre avec une finition durable.<br \/>\n<\/span><\/p>\n<ul>\n<li><strong><span>Forme et dimensions<\/span><\/strong><span> : Cercle de 30cm de diam\u00e8tre<br \/>\n<\/span><\/li>\n<li><strong><span>Technique de fabrication<\/span><\/strong><span>: Technique Tiffany<br \/>\n<\/span><\/p>\n<ul>\n<li><span>Verre coup\u00e9, meul\u00e9, serti de cuivre<\/span><\/li>\n<li><span>Soudure \u00e0 l&#8217;\u00e9tain, patine<\/span><\/li>\n<\/ul>\n<\/li>\n<li><strong><span>Motif<\/span><\/strong><span>:<\/span>\n<ul>\n<li><span>Oiseau beige en vol<\/span><\/li>\n<li><span>Rosiers aux p\u00e9tales bleus et beiges, feuillage en nuance<\/span><\/li>\n<li><span>Fond en verre transparent bistr\u00e9<\/span><\/li>\n<\/ul>\n<\/li>\n<li><strong><span>Encadrement<\/span><\/strong><span> :<\/span>\n<ul>\n<li><span>Circonf\u00e9rence en verre grenat fonc\u00e9 de haute qualit\u00e9<\/span><\/li>\n<li><span>Renforc\u00e9e par un plomb en U<\/span><\/li>\n<\/ul>\n<\/li>\n<li><strong><span>Style<\/span><\/strong><span> : Traditionnel, mod\u00e8le l\u00e9ger gr\u00e2ce \u00e0 ses 130 pi\u00e8ces<br \/>\n<\/span><\/li>\n<\/ul>\n","protected":false},"excerpt":{"rendered":"<p>Vitrail circulaire de30 cm de diam\u00e8tre repr\u00e9sentant un oiseau beige en vol devant des rosiers aux p\u00e9tales beige et bleus et au feuillage vert.<\/p>\n","protected":false},"featured_media":4178,"comment_status":"open","ping_status":"closed","template":"","meta":[],"product_brand":[],"product_cat":[180,24],"product_tag":[52,38,27],"class_list":{"0":"post-4177","1":"product","2":"type-product","3":"status-publish","4":"has-post-thumbnail","6":"product_cat-portrait-animal","7":"product_cat-diversite-oeuvres-art","8":"product_tag-portrait-animal","9":"product_tag-fleur-soie-metal","10":"product_tag-tiffany-verre","11":"pa_vitrail-animal","12":"pa_vitrail-tiffany","14":"first","15":"instock","16":"sale","17":"purchasable","18":"product-type-simple"},"_links":{"self":[{"href":"https:\/\/art-bijoux.com\/en\/wp-json\/wp\/v2\/product\/4177","targetHints":{"allow":["GET"]}}],"collection":[{"href":"https:\/\/art-bijoux.com\/en\/wp-json\/wp\/v2\/product"}],"about":[{"href":"https:\/\/art-bijoux.com\/en\/wp-json\/wp\/v2\/types\/product"}],"replies":[{"embeddable":true,"href":"https:\/\/art-bijoux.com\/en\/wp-json\/wp\/v2\/comments?post=4177"}],"version-history":[{"count":0,"href":"https:\/\/art-bijoux.com\/en\/wp-json\/wp\/v2\/product\/4177\/revisions"}],"wp:featuredmedia":[{"embeddable":true,"href":"https:\/\/art-bijoux.com\/en\/wp-json\/wp\/v2\/media\/4178"}],"wp:attachment":[{"href":"https:\/\/art-bijoux.com\/en\/wp-json\/wp\/v2\/media?parent=4177"}],"wp:term":[{"taxonomy":"product_brand","embeddable":true,"href":"https:\/\/art-bijoux.com\/en\/wp-json\/wp\/v2\/product_brand?post=4177"},{"taxonomy":"product_cat","embeddable":true,"href":"https:\/\/art-bijoux.com\/en\/wp-json\/wp\/v2\/product_cat?post=4177"},{"taxonomy":"product_tag","embeddable":true,"href":"https:\/\/art-bijoux.com\/en\/wp-json\/wp\/v2\/product_tag?post=4177"}],"curies":[{"name":"wp","href":"https:\/\/api.w.org\/{rel}","templated":true}]}}