{"id":418,"date":"2024-05-01T10:55:17","date_gmt":"2024-05-01T08:55:17","guid":{"rendered":"https:\/\/art-bijoux.com\/?post_type=product&#038;p=418"},"modified":"2025-04-10T15:36:31","modified_gmt":"2025-04-10T13:36:31","slug":"triangle-fleur-art-deco","status":"publish","type":"product","link":"https:\/\/art-bijoux.com\/en\/boutique\/triangle-fleur-art-deco\/","title":{"rendered":"Broche Triangle Fleur Art D\u00e9co &#8211;"},"content":{"rendered":"<figure id=\"attachment_410\" aria-describedby=\"caption-attachment-410\" style=\"width: 300px\" class=\"wp-caption alignleft\"><img fetchpriority=\"high\" decoding=\"async\" class=\"size-medium wp-image-410\" src=\"https:\/\/art-bijoux.com\/wp-content\/uploads\/2024\/05\/Fleur-rose-vert-300x177.webp\" alt=\"Broche 3 p\u00e9tales rose et une feuille verte\" width=\"300\" height=\"177\" srcset=\"https:\/\/art-bijoux.com\/wp-content\/uploads\/2024\/05\/Fleur-rose-vert-300x177.webp 300w, https:\/\/art-bijoux.com\/wp-content\/uploads\/2024\/05\/Fleur-rose-vert-600x353.webp 600w, https:\/\/art-bijoux.com\/wp-content\/uploads\/2024\/05\/Fleur-rose-vert-1024x603.webp 1024w, https:\/\/art-bijoux.com\/wp-content\/uploads\/2024\/05\/Fleur-rose-vert-768x452.webp 768w, https:\/\/art-bijoux.com\/wp-content\/uploads\/2024\/05\/Fleur-rose-vert-1536x904.webp 1536w, https:\/\/art-bijoux.com\/wp-content\/uploads\/2024\/05\/Fleur-rose-vert.webp 1920w\" sizes=\"(max-width: 300px) 100vw, 300px\" \/><figcaption id=\"caption-attachment-410\" class=\"wp-caption-text\">Triangle floral<\/figcaption><\/figure>\n<p>D\u00e9couvrez l&#8217;\u00e9l\u00e9gance intemporelle de notre broche Fleur en verre Tiffany, une pi\u00e8ce qui fusionne l&#8217;art d\u00e9coratif et le charme floral avec une sophistication incomparable. Chaque broche est une \u0153uvre d&#8217;art unique, m\u00e9ticuleusement con\u00e7ue et fabriqu\u00e9e \u00e0 la main, affirmant notre engagement envers la cr\u00e9ativit\u00e9 et la qualit\u00e9 artisanale.<\/p>\n<p>Inspir\u00e9e de l&#8217;art d\u00e9coratif, cette broche remarquable repr\u00e9sente une fleur en forme de triangle, capturant l&#8217;essence de l&#8217;esth\u00e9tique moderne et raffin\u00e9e. Les trois p\u00e9tales rose, d\u00e9licatement con\u00e7us, ajoutent une touche\u00a0 de f\u00e9minit\u00e9 \u00e0 la pi\u00e8ce, tandis que la feuille verte apporte une note de fra\u00eecheur et de vitalit\u00e9. Chaque d\u00e9tail est soigneusement travaill\u00e9 pour cr\u00e9er une composition florale harmonieuse et \u00e9quilibr\u00e9e.<\/p>\n<p>La patine dans des tons gris moyen ajoute une touche de sophistication et de raffinement \u00e0 la broche, lui conf\u00e9rant une allure de bijou ancien \u00e9l\u00e9gant. La fixation \u00e0 l&#8217;arri\u00e8re, de couleur argent\u00e9e, est solidement soud\u00e9e, assurant une fixation s\u00e9curis\u00e9e sur vos v\u00eatements ou accessoires.<\/p>\n<p>Portez cette broche avec fiert\u00e9 pour ajouter une touche d&#8217;\u00e9l\u00e9gance art d\u00e9co et un charme floral \u00e0 votre tenue, que ce soit sur un manteau, une \u00e9charpe ou un chapeau. Exprimez votre passion pour l&#8217;art et votre appr\u00e9ciation pour l&#8217;artisanat exceptionnel avec cette broche Fleur en verre Tiffany.<\/p>\n<p><strong>Caract\u00e9ristiques :<\/strong><\/p>\n<ul>\n<li>Mat\u00e9riel : Verre Tiffany, cuivre, \u00e9tain, m\u00e9tal argent\u00e9<\/li>\n<li>Couleur : Rose, vert<\/li>\n<li>Style : Art d\u00e9co, floral, \u00e9l\u00e9gant<\/li>\n<li>Dimensions : hauteur : 4,3 cm, largeur : 9,5 cm<\/li>\n<\/ul>\n<p>Faites sensation avec cette broche remarquable qui allie \u00e9l\u00e9gance art d\u00e9co et charme floral. Commandez d\u00e8s maintenant et laissez cette pi\u00e8ce exceptionnelle ajouter une touche de sophistication \u00e0 votre collection de bijoux.<\/p>\n","protected":false},"excerpt":{"rendered":"<p>Une broche en verre r\u00e9cup\u00e9r\u00e9, style art-d\u00e9co: 2 pi\u00e8ces mauve et une bleu r\u00e9cup\u00e9r\u00e9es parmi les chutes d&#8217;un vitrail, soud\u00e9s autour d&#8217;un galet d&#8217;aquarium.<\/p>\n","protected":false},"featured_media":4996,"comment_status":"open","ping_status":"closed","template":"","meta":[],"product_brand":[],"product_cat":[39],"product_tag":[37,38,27],"class_list":{"0":"post-418","1":"product","2":"type-product","3":"status-publish","4":"has-post-thumbnail","6":"product_cat-broche-tiffany","7":"product_tag-broche-verre-soie","8":"product_tag-fleur-soie-metal","9":"product_tag-tiffany-verre","10":"pa_bijou-broche","12":"first","13":"instock","14":"purchasable","15":"product-type-simple"},"_links":{"self":[{"href":"https:\/\/art-bijoux.com\/en\/wp-json\/wp\/v2\/product\/418","targetHints":{"allow":["GET"]}}],"collection":[{"href":"https:\/\/art-bijoux.com\/en\/wp-json\/wp\/v2\/product"}],"about":[{"href":"https:\/\/art-bijoux.com\/en\/wp-json\/wp\/v2\/types\/product"}],"replies":[{"embeddable":true,"href":"https:\/\/art-bijoux.com\/en\/wp-json\/wp\/v2\/comments?post=418"}],"version-history":[{"count":1,"href":"https:\/\/art-bijoux.com\/en\/wp-json\/wp\/v2\/product\/418\/revisions"}],"predecessor-version":[{"id":1205,"href":"https:\/\/art-bijoux.com\/en\/wp-json\/wp\/v2\/product\/418\/revisions\/1205"}],"wp:featuredmedia":[{"embeddable":true,"href":"https:\/\/art-bijoux.com\/en\/wp-json\/wp\/v2\/media\/4996"}],"wp:attachment":[{"href":"https:\/\/art-bijoux.com\/en\/wp-json\/wp\/v2\/media?parent=418"}],"wp:term":[{"taxonomy":"product_brand","embeddable":true,"href":"https:\/\/art-bijoux.com\/en\/wp-json\/wp\/v2\/product_brand?post=418"},{"taxonomy":"product_cat","embeddable":true,"href":"https:\/\/art-bijoux.com\/en\/wp-json\/wp\/v2\/product_cat?post=418"},{"taxonomy":"product_tag","embeddable":true,"href":"https:\/\/art-bijoux.com\/en\/wp-json\/wp\/v2\/product_tag?post=418"}],"curies":[{"name":"wp","href":"https:\/\/api.w.org\/{rel}","templated":true}]}}