{"id":4206,"date":"2025-01-17T13:18:15","date_gmt":"2025-01-17T12:18:15","guid":{"rendered":"https:\/\/art-bijoux.com\/?post_type=product&#038;p=4206"},"modified":"2026-03-13T10:45:41","modified_gmt":"2026-03-13T09:45:41","slug":"pendentif-coeur","status":"publish","type":"product","link":"https:\/\/art-bijoux.com\/en\/boutique\/pendentif-coeur\/","title":{"rendered":"Quelque chose sur le c\u0153ur-\u200b\u200bPendentif Unique en Verre et M\u00e9tal Argent\u00e9"},"content":{"rendered":"<figure id=\"attachment_4204\" aria-describedby=\"caption-attachment-4204\" style=\"width: 289px\" class=\"wp-caption alignleft\"><img fetchpriority=\"high\" decoding=\"async\" class=\"size-medium wp-image-4204\" src=\"https:\/\/art-bijoux.com\/wp-content\/uploads\/2025\/01\/Coeur-allonge-c-289x300.jpg\" alt=\"C\u0153ur de forme allong\u00e9e en verre recycl\u00e9 avec breloque\" width=\"289\" height=\"300\" srcset=\"https:\/\/art-bijoux.com\/wp-content\/uploads\/2025\/01\/Coeur-allonge-c-289x300.jpg 289w, https:\/\/art-bijoux.com\/wp-content\/uploads\/2025\/01\/Coeur-allonge-c-987x1024.jpg 987w, https:\/\/art-bijoux.com\/wp-content\/uploads\/2025\/01\/Coeur-allonge-c-768x797.jpg 768w, https:\/\/art-bijoux.com\/wp-content\/uploads\/2025\/01\/Coeur-allonge-c-600x623.jpg 600w, https:\/\/art-bijoux.com\/wp-content\/uploads\/2025\/01\/Coeur-allonge-c.jpg 1080w\" sizes=\"(max-width: 289px) 100vw, 289px\" \/><figcaption id=\"caption-attachment-4204\" class=\"wp-caption-text\">C\u0153ur de forme allong\u00e9e en verre recycl\u00e9 avec breloque<\/figcaption><\/figure>\n<p>Ce pendentif romantique en forme de c\u0153ur allong\u00e9 est une pi\u00e8ce unique qui allie \u00e9l\u00e9gance et durabilit\u00e9. R\u00e9alis\u00e9 \u00e0 partir de deux morceaux de verre colorescent rouge, r\u00e9cup\u00e9r\u00e9s sur un vitrail, chaque \u00e9l\u00e9ment a \u00e9t\u00e9 soigneusement meul\u00e9, serti et soud\u00e9, selon un processus artisanal m\u00e9ticuleux selon la technique Tiffany.<\/p>\n<p>Une breloque en m\u00e9tal argent\u00e9, assortie \u00e0 la forme du c\u0153ur, est d\u00e9licatement fix\u00e9e en diagonale sur la surface. Ses motifs grav\u00e9s apportent une touche d&#8217;originalit\u00e9 et de raffinement. Un anneau argent\u00e9, solidement soud\u00e9 au sommet, permet de porter ce bijou sur une cha\u00eene ou un lacet. Ce pendentif est l&#8217;expression parfaite pour dire &#8220;Je t&#8217;aime&#8221; en offrant un cadeau \u00e0 la fois symbolique et artistique.<\/p>\n<h3>Caract\u00e9ristiques du pendentif :<\/h3>\n<ul>\n<li><strong>Mat\u00e9riaux principaux<\/strong>:\n<ul>\n<li>Verre colorescent rouge, r\u00e9cup\u00e9r\u00e9 sur un vitrail<\/li>\n<li>Breloque en m\u00e9tal argent\u00e9, grav\u00e9e et plac\u00e9e en diagonale<\/li>\n<li>Anneau en m\u00e9tal argent\u00e9<\/li>\n<li>Cuivre, \u00e9tain<\/li>\n<\/ul>\n<\/li>\n<li><strong>Technique de fabrication<\/strong> :\n<ul>\n<li>Verre meul\u00e9, serti et soud\u00e9 selon la technique Tiffany<\/li>\n<\/ul>\n<\/li>\n<li><strong>Style<\/strong> : \u00c9l\u00e9gant<\/li>\n<li><strong>Id\u00e9e cadeau<\/strong> : Pour dire &#8220;Je t&#8217;aime !pend&#8221;<\/li>\n<\/ul>\n","protected":false},"excerpt":{"rendered":"<p>Un pendentif en verre recycl\u00e9 en forme de c\u0153ur allong\u00e9, avec une breloque de forme assortie en m\u00e9tal argent\u00e9 avec des gravures.<\/p>\n","protected":false},"featured_media":4204,"comment_status":"open","ping_status":"closed","template":"","meta":[],"product_brand":[],"product_cat":[176,277,28],"product_tag":[29,26,27],"class_list":{"0":"post-4206","1":"product","2":"type-product","3":"status-publish","4":"has-post-thumbnail","6":"product_cat-breloque-bijou-verre","7":"product_cat-saintvalentin-coeur-bijou","8":"product_cat-pendentif-tiffany","9":"product_tag-breloque-metal-pierre","10":"product_tag-pendentif-verre","11":"product_tag-tiffany-verre","13":"first","14":"outofstock","15":"purchasable","16":"product-type-simple"},"_links":{"self":[{"href":"https:\/\/art-bijoux.com\/en\/wp-json\/wp\/v2\/product\/4206","targetHints":{"allow":["GET"]}}],"collection":[{"href":"https:\/\/art-bijoux.com\/en\/wp-json\/wp\/v2\/product"}],"about":[{"href":"https:\/\/art-bijoux.com\/en\/wp-json\/wp\/v2\/types\/product"}],"replies":[{"embeddable":true,"href":"https:\/\/art-bijoux.com\/en\/wp-json\/wp\/v2\/comments?post=4206"}],"version-history":[{"count":1,"href":"https:\/\/art-bijoux.com\/en\/wp-json\/wp\/v2\/product\/4206\/revisions"}],"predecessor-version":[{"id":6354,"href":"https:\/\/art-bijoux.com\/en\/wp-json\/wp\/v2\/product\/4206\/revisions\/6354"}],"wp:featuredmedia":[{"embeddable":true,"href":"https:\/\/art-bijoux.com\/en\/wp-json\/wp\/v2\/media\/4204"}],"wp:attachment":[{"href":"https:\/\/art-bijoux.com\/en\/wp-json\/wp\/v2\/media?parent=4206"}],"wp:term":[{"taxonomy":"product_brand","embeddable":true,"href":"https:\/\/art-bijoux.com\/en\/wp-json\/wp\/v2\/product_brand?post=4206"},{"taxonomy":"product_cat","embeddable":true,"href":"https:\/\/art-bijoux.com\/en\/wp-json\/wp\/v2\/product_cat?post=4206"},{"taxonomy":"product_tag","embeddable":true,"href":"https:\/\/art-bijoux.com\/en\/wp-json\/wp\/v2\/product_tag?post=4206"}],"curies":[{"name":"wp","href":"https:\/\/api.w.org\/{rel}","templated":true}]}}