{"id":4207,"date":"2025-01-18T17:04:15","date_gmt":"2025-01-18T16:04:15","guid":{"rendered":"https:\/\/art-bijoux.com\/?post_type=product&#038;p=4207"},"modified":"2025-03-25T13:14:57","modified_gmt":"2025-03-25T12:14:57","slug":"amour-en-cage-pour-dire-je-taime","status":"publish","type":"product","link":"https:\/\/art-bijoux.com\/en\/boutique\/amour-en-cage-pour-dire-je-taime\/","title":{"rendered":"Amour en cage &#8211; Pour dire je t&#8217;aime"},"content":{"rendered":"<figure id=\"attachment_4208\" aria-describedby=\"caption-attachment-4208\" style=\"width: 300px\" class=\"wp-caption alignleft\"><img fetchpriority=\"high\" decoding=\"async\" class=\"size-medium wp-image-4208\" src=\"https:\/\/art-bijoux.com\/wp-content\/uploads\/2025\/01\/Amour-en-cage-dore-c-300x300.jpg\" alt=\"Amour en cage, verre de r\u00e9cup\u00e9ration fondu mis dans un filet de m\u00e9tal dor\u00e9 \" width=\"300\" height=\"300\" srcset=\"https:\/\/art-bijoux.com\/wp-content\/uploads\/2025\/01\/Amour-en-cage-dore-c-300x300.jpg 300w, https:\/\/art-bijoux.com\/wp-content\/uploads\/2025\/01\/Amour-en-cage-dore-c-1024x1022.jpg 1024w, https:\/\/art-bijoux.com\/wp-content\/uploads\/2025\/01\/Amour-en-cage-dore-c-150x150.jpg 150w, https:\/\/art-bijoux.com\/wp-content\/uploads\/2025\/01\/Amour-en-cage-dore-c-768x767.jpg 768w, https:\/\/art-bijoux.com\/wp-content\/uploads\/2025\/01\/Amour-en-cage-dore-c-600x599.jpg 600w, https:\/\/art-bijoux.com\/wp-content\/uploads\/2025\/01\/Amour-en-cage-dore-c-100x100.jpg 100w, https:\/\/art-bijoux.com\/wp-content\/uploads\/2025\/01\/Amour-en-cage-dore-c.jpg 1082w\" sizes=\"(max-width: 300px) 100vw, 300px\" \/><figcaption id=\"caption-attachment-4208\" class=\"wp-caption-text\">Amour en cage, verre de r\u00e9cup\u00e9ration fondu mis dans un filet de m\u00e9tal dor\u00e9<\/figcaption><\/figure>\n<p>Ce pendentif artisanal est une v\u00e9ritable d\u00e9claration d&#8217;amour, exprim\u00e9e \u00e0 travers un design unique et une symbolique forte. Con\u00e7u \u00e0 partir de verre recycl\u00e9 fondu, il est compos\u00e9 de &#8220;frittes&#8221; issues des chutes d&#8217;un vitrail colorescent rouge et orange, superpos\u00e9es avec soin pour former un c\u0153ur vibrant et lumineux. Les morceaux ont \u00e9t\u00e9 fusionn\u00e9s et meul\u00e9s, garantissant un travail artisanal de grande pr\u00e9cision.<\/p>\n<p>Le c\u0153ur est envelopp\u00e9 dans un treillage d\u00e9licat en mailles de m\u00e9tal dor\u00e9es, symbolisant \u00ab l&#8217;amour en cage \u00bb, un hommage po\u00e9tique \u00e0 la complexit\u00e9 et \u00e0 la beaut\u00e9 des \u00e9motions humaines. Une cha\u00eenette discr\u00e8te permet de le porter avec un collier ou un lacet, ajoutant une touche \u00e9l\u00e9gante et pratique \u00e0 ce bijo.<\/p>\n","protected":false},"excerpt":{"rendered":"<p>Pendentif unique en verre recycl\u00e9 rouge et orange, fondu au four et enferm\u00e9 dans un treillages de m\u00e9tal aux mailles dor\u00e9es.<\/p>\n","protected":false},"featured_media":4208,"comment_status":"open","ping_status":"closed","template":"","meta":[],"product_brand":[],"product_cat":[182],"product_tag":[49],"class_list":{"0":"post-4207","1":"product","2":"type-product","3":"status-publish","4":"has-post-thumbnail","6":"product_cat-pendentif-fusing","7":"product_tag-fusing-verre","8":"pa_bijou-pendentif","10":"first","11":"outofstock","12":"purchasable","13":"product-type-simple"},"_links":{"self":[{"href":"https:\/\/art-bijoux.com\/en\/wp-json\/wp\/v2\/product\/4207","targetHints":{"allow":["GET"]}}],"collection":[{"href":"https:\/\/art-bijoux.com\/en\/wp-json\/wp\/v2\/product"}],"about":[{"href":"https:\/\/art-bijoux.com\/en\/wp-json\/wp\/v2\/types\/product"}],"replies":[{"embeddable":true,"href":"https:\/\/art-bijoux.com\/en\/wp-json\/wp\/v2\/comments?post=4207"}],"version-history":[{"count":0,"href":"https:\/\/art-bijoux.com\/en\/wp-json\/wp\/v2\/product\/4207\/revisions"}],"wp:featuredmedia":[{"embeddable":true,"href":"https:\/\/art-bijoux.com\/en\/wp-json\/wp\/v2\/media\/4208"}],"wp:attachment":[{"href":"https:\/\/art-bijoux.com\/en\/wp-json\/wp\/v2\/media?parent=4207"}],"wp:term":[{"taxonomy":"product_brand","embeddable":true,"href":"https:\/\/art-bijoux.com\/en\/wp-json\/wp\/v2\/product_brand?post=4207"},{"taxonomy":"product_cat","embeddable":true,"href":"https:\/\/art-bijoux.com\/en\/wp-json\/wp\/v2\/product_cat?post=4207"},{"taxonomy":"product_tag","embeddable":true,"href":"https:\/\/art-bijoux.com\/en\/wp-json\/wp\/v2\/product_tag?post=4207"}],"curies":[{"name":"wp","href":"https:\/\/api.w.org\/{rel}","templated":true}]}}