{"id":4210,"date":"2025-01-18T17:04:37","date_gmt":"2025-01-18T16:04:37","guid":{"rendered":"https:\/\/art-bijoux.com\/?post_type=product&#038;p=4210"},"modified":"2025-03-25T13:14:23","modified_gmt":"2025-03-25T12:14:23","slug":"amour-en-cage-pour-dire-je-taime-2","status":"publish","type":"product","link":"https:\/\/art-bijoux.com\/en\/boutique\/amour-en-cage-pour-dire-je-taime-2\/","title":{"rendered":"Amour en cage &#8211; Pour dire je t&#8217;aime"},"content":{"rendered":"<figure id=\"attachment_4211\" aria-describedby=\"caption-attachment-4211\" style=\"width: 300px\" class=\"wp-caption alignnone\"><img fetchpriority=\"high\" decoding=\"async\" class=\"size-medium wp-image-4211\" src=\"https:\/\/art-bijoux.com\/wp-content\/uploads\/2025\/01\/Amour-en-cage-argente-c-300x300.jpg\" alt=\"Pendentif en verre fondu rouge en orange en forme de c\u0153ur, dans un filet de m\u00e9tal argent\u00e9\" width=\"300\" height=\"300\" srcset=\"https:\/\/art-bijoux.com\/wp-content\/uploads\/2025\/01\/Amour-en-cage-argente-c-300x300.jpg 300w, https:\/\/art-bijoux.com\/wp-content\/uploads\/2025\/01\/Amour-en-cage-argente-c-1024x1024.jpg 1024w, https:\/\/art-bijoux.com\/wp-content\/uploads\/2025\/01\/Amour-en-cage-argente-c-150x150.jpg 150w, https:\/\/art-bijoux.com\/wp-content\/uploads\/2025\/01\/Amour-en-cage-argente-c-768x768.jpg 768w, https:\/\/art-bijoux.com\/wp-content\/uploads\/2025\/01\/Amour-en-cage-argente-c-600x600.jpg 600w, https:\/\/art-bijoux.com\/wp-content\/uploads\/2025\/01\/Amour-en-cage-argente-c-100x100.jpg 100w, https:\/\/art-bijoux.com\/wp-content\/uploads\/2025\/01\/Amour-en-cage-argente-c.jpg 1080w\" sizes=\"(max-width: 300px) 100vw, 300px\" \/><figcaption id=\"caption-attachment-4211\" class=\"wp-caption-text\">Pendentif en verre fondu rouge en orange en forme de c\u0153ur, dans un filet de m\u00e9tal argent\u00e9<\/figcaption><\/figure>\n<p>Ce pendentif artisanal est une v\u00e9ritable d\u00e9claration d&#8217;amour, exprim\u00e9e \u00e0 travers un design unique et une symbolique forte. Con\u00e7u \u00e0 partir de verre recycl\u00e9 fondu, il est compos\u00e9 de &#8220;frittes&#8221; issues des chutes d&#8217;un vitrail colorescent rouge et orange, superpos\u00e9es avec soin pour former un c\u0153ur vibrant et lumineux. Les morceaux ont \u00e9t\u00e9 fusionn\u00e9s et meul\u00e9s, garantissant un travail artisanal de grande pr\u00e9cision.<\/p>\n<p>Le c\u0153ur est envelopp\u00e9 dans un treillage d\u00e9licat en mailles de m\u00e9tal argent\u00e9, symbolisant \u00ab l&#8217;amour en cage \u00bb, un hommage po\u00e9tique \u00e0 la complexit\u00e9 et \u00e0 la beaut\u00e9 des \u00e9motions humaines. Une cha\u00eenette discr\u00e8te permet de le porter avec un collier ou un lacet, ajoutant une touche \u00e9l\u00e9gante et pratique \u00e0 ce bijou.<\/p>\n","protected":false},"excerpt":{"rendered":"<p>Pendentif unique en verre recycl\u00e9 rouge et orange, fondu au four et enferm\u00e9 dans un treillages de m\u00e9tal aux mailles dor\u00e9es.<\/p>\n","protected":false},"featured_media":4211,"comment_status":"open","ping_status":"closed","template":"","meta":[],"product_brand":[],"product_cat":[277,182],"product_tag":[49],"class_list":{"0":"post-4210","1":"product","2":"type-product","3":"status-publish","4":"has-post-thumbnail","6":"product_cat-saintvalentin-coeur-bijou","7":"product_cat-pendentif-fusing","8":"product_tag-fusing-verre","9":"pa_bijou-pendentif","11":"first","12":"outofstock","13":"purchasable","14":"product-type-simple"},"yoast_head":"<!-- This site is optimized with the Yoast SEO plugin v27.4 - https:\/\/yoast.com\/product\/yoast-seo-wordpress\/ -->\n<title>Amour en cage - Pour dire je t&#039;aime - art-bijoux<\/title>\n<meta name=\"description\" content=\"Pendentif unique en verre recycl\u00e9 rouge et orange, fondu au four et enferm\u00e9 dans un treillages de m\u00e9tal aux mailles argent\u00e9es.\" \/>\n<meta name=\"robots\" content=\"index, follow, max-snippet:-1, max-image-preview:large, max-video-preview:-1\" \/>\n<link rel=\"canonical\" href=\"https:\/\/art-bijoux.com\/en\/boutique\/amour-en-cage-pour-dire-je-taime-2\/\" \/>\n<meta property=\"og:locale\" content=\"en_US\" \/>\n<meta property=\"og:type\" content=\"article\" \/>\n<meta property=\"og:title\" content=\"Amour en cage - Pour dire je t&#039;aime - art-bijoux\" \/>\n<meta property=\"og:description\" content=\"Pendentif unique en verre recycl\u00e9 rouge et orange, fondu au four et enferm\u00e9 dans un treillages de m\u00e9tal aux mailles argent\u00e9es.\" \/>\n<meta property=\"og:url\" content=\"https:\/\/art-bijoux.com\/en\/boutique\/amour-en-cage-pour-dire-je-taime-2\/\" \/>\n<meta property=\"og:site_name\" content=\"art-bijoux\" \/>\n<meta property=\"article:modified_time\" content=\"2025-03-25T12:14:23+00:00\" \/>\n<meta property=\"og:image\" content=\"https:\/\/art-bijoux.com\/wp-content\/uploads\/2025\/01\/Amour-en-cage-argente-c.jpg\" \/>\n\t<meta property=\"og:image:width\" content=\"1080\" \/>\n\t<meta property=\"og:image:height\" content=\"1080\" \/>\n\t<meta property=\"og:image:type\" content=\"image\/jpeg\" \/>\n<meta name=\"twitter:card\" content=\"summary_large_image\" \/>\n<meta name=\"twitter:label1\" content=\"Est. reading time\" \/>\n\t<meta name=\"twitter:data1\" content=\"2 minutes\" \/>\n<script type=\"application\/ld+json\" class=\"yoast-schema-graph\">{\"@context\":\"https:\\\/\\\/schema.org\",\"@graph\":[{\"@type\":\"WebPage\",\"@id\":\"https:\\\/\\\/art-bijoux.com\\\/en\\\/boutique\\\/amour-en-cage-pour-dire-je-taime-2\\\/\",\"url\":\"https:\\\/\\\/art-bijoux.com\\\/en\\\/boutique\\\/amour-en-cage-pour-dire-je-taime-2\\\/\",\"name\":\"Amour en cage - Pour dire je t'aime - art-bijoux\",\"isPartOf\":{\"@id\":\"https:\\\/\\\/art-bijoux.com\\\/en\\\/#website\"},\"primaryImageOfPage\":{\"@id\":\"https:\\\/\\\/art-bijoux.com\\\/en\\\/boutique\\\/amour-en-cage-pour-dire-je-taime-2\\\/#primaryimage\"},\"image\":{\"@id\":\"https:\\\/\\\/art-bijoux.com\\\/en\\\/boutique\\\/amour-en-cage-pour-dire-je-taime-2\\\/#primaryimage\"},\"thumbnailUrl\":\"https:\\\/\\\/art-bijoux.com\\\/wp-content\\\/uploads\\\/2025\\\/01\\\/Amour-en-cage-argente-c.jpg\",\"datePublished\":\"2025-01-18T16:04:37+00:00\",\"dateModified\":\"2025-03-25T12:14:23+00:00\",\"description\":\"Pendentif unique en verre recycl\u00e9 rouge et orange, fondu au four et enferm\u00e9 dans un treillages de m\u00e9tal aux mailles argent\u00e9es.\",\"breadcrumb\":{\"@id\":\"https:\\\/\\\/art-bijoux.com\\\/en\\\/boutique\\\/amour-en-cage-pour-dire-je-taime-2\\\/#breadcrumb\"},\"inLanguage\":\"en-US\",\"potentialAction\":[{\"@type\":\"ReadAction\",\"target\":[\"https:\\\/\\\/art-bijoux.com\\\/en\\\/boutique\\\/amour-en-cage-pour-dire-je-taime-2\\\/\"]}]},{\"@type\":\"ImageObject\",\"inLanguage\":\"en-US\",\"@id\":\"https:\\\/\\\/art-bijoux.com\\\/en\\\/boutique\\\/amour-en-cage-pour-dire-je-taime-2\\\/#primaryimage\",\"url\":\"https:\\\/\\\/art-bijoux.com\\\/wp-content\\\/uploads\\\/2025\\\/01\\\/Amour-en-cage-argente-c.jpg\",\"contentUrl\":\"https:\\\/\\\/art-bijoux.com\\\/wp-content\\\/uploads\\\/2025\\\/01\\\/Amour-en-cage-argente-c.jpg\",\"width\":1080,\"height\":1080,\"caption\":\"Pendentif en verre fondu rouge en orange en forme de c\u0153ur, dans un filet de m\u00e9tal argent\u00e9\"},{\"@type\":\"BreadcrumbList\",\"@id\":\"https:\\\/\\\/art-bijoux.com\\\/en\\\/boutique\\\/amour-en-cage-pour-dire-je-taime-2\\\/#breadcrumb\",\"itemListElement\":[{\"@type\":\"ListItem\",\"position\":1,\"name\":\"Accueil\",\"item\":\"https:\\\/\\\/art-bijoux.com\\\/en\\\/home\\\/\"},{\"@type\":\"ListItem\",\"position\":2,\"name\":\"Shop\",\"item\":\"https:\\\/\\\/art-bijoux.com\\\/en\\\/shop\\\/\"},{\"@type\":\"ListItem\",\"position\":3,\"name\":\"Amour en cage &#8211; Pour dire je t&rsquo;aime\"}]},{\"@type\":\"WebSite\",\"@id\":\"https:\\\/\\\/art-bijoux.com\\\/en\\\/#website\",\"url\":\"https:\\\/\\\/art-bijoux.com\\\/en\\\/\",\"name\":\"art-bijoux\",\"description\":\"Osez porter \\\/ offrir un vitrail unique \u00e0 prix abordable\",\"publisher\":{\"@id\":\"https:\\\/\\\/art-bijoux.com\\\/en\\\/#organization\"},\"potentialAction\":[{\"@type\":\"SearchAction\",\"target\":{\"@type\":\"EntryPoint\",\"urlTemplate\":\"https:\\\/\\\/art-bijoux.com\\\/en\\\/?s={search_term_string}\"},\"query-input\":{\"@type\":\"PropertyValueSpecification\",\"valueRequired\":true,\"valueName\":\"search_term_string\"}}],\"inLanguage\":\"en-US\"},{\"@type\":\"Organization\",\"@id\":\"https:\\\/\\\/art-bijoux.com\\\/en\\\/#organization\",\"name\":\"art-bijoux\",\"url\":\"https:\\\/\\\/art-bijoux.com\\\/en\\\/\",\"logo\":{\"@type\":\"ImageObject\",\"inLanguage\":\"en-US\",\"@id\":\"https:\\\/\\\/art-bijoux.com\\\/en\\\/#\\\/schema\\\/logo\\\/image\\\/\",\"url\":\"https:\\\/\\\/art-bijoux.com\\\/wp-content\\\/uploads\\\/2024\\\/06\\\/Art-Bijoux-Logo-Small.png\",\"contentUrl\":\"https:\\\/\\\/art-bijoux.com\\\/wp-content\\\/uploads\\\/2024\\\/06\\\/Art-Bijoux-Logo-Small.png\",\"width\":722,\"height\":137,\"caption\":\"art-bijoux\"},\"image\":{\"@id\":\"https:\\\/\\\/art-bijoux.com\\\/en\\\/#\\\/schema\\\/logo\\\/image\\\/\"}}]}<\/script>\n<!-- \/ Yoast SEO plugin. -->","yoast_head_json":{"title":"Amour en cage - Pour dire je t'aime - art-bijoux","description":"Pendentif unique en verre recycl\u00e9 rouge et orange, fondu au four et enferm\u00e9 dans un treillages de m\u00e9tal aux mailles argent\u00e9es.","robots":{"index":"index","follow":"follow","max-snippet":"max-snippet:-1","max-image-preview":"max-image-preview:large","max-video-preview":"max-video-preview:-1"},"canonical":"https:\/\/art-bijoux.com\/en\/boutique\/amour-en-cage-pour-dire-je-taime-2\/","og_locale":"en_US","og_type":"article","og_title":"Amour en cage - Pour dire je t'aime - art-bijoux","og_description":"Pendentif unique en verre recycl\u00e9 rouge et orange, fondu au four et enferm\u00e9 dans un treillages de m\u00e9tal aux mailles argent\u00e9es.","og_url":"https:\/\/art-bijoux.com\/en\/boutique\/amour-en-cage-pour-dire-je-taime-2\/","og_site_name":"art-bijoux","article_modified_time":"2025-03-25T12:14:23+00:00","og_image":[{"width":1080,"height":1080,"url":"https:\/\/art-bijoux.com\/wp-content\/uploads\/2025\/01\/Amour-en-cage-argente-c.jpg","type":"image\/jpeg"}],"twitter_card":"summary_large_image","twitter_misc":{"Est. reading time":"2 minutes"},"schema":{"@context":"https:\/\/schema.org","@graph":[{"@type":"WebPage","@id":"https:\/\/art-bijoux.com\/en\/boutique\/amour-en-cage-pour-dire-je-taime-2\/","url":"https:\/\/art-bijoux.com\/en\/boutique\/amour-en-cage-pour-dire-je-taime-2\/","name":"Amour en cage - Pour dire je t'aime - art-bijoux","isPartOf":{"@id":"https:\/\/art-bijoux.com\/en\/#website"},"primaryImageOfPage":{"@id":"https:\/\/art-bijoux.com\/en\/boutique\/amour-en-cage-pour-dire-je-taime-2\/#primaryimage"},"image":{"@id":"https:\/\/art-bijoux.com\/en\/boutique\/amour-en-cage-pour-dire-je-taime-2\/#primaryimage"},"thumbnailUrl":"https:\/\/art-bijoux.com\/wp-content\/uploads\/2025\/01\/Amour-en-cage-argente-c.jpg","datePublished":"2025-01-18T16:04:37+00:00","dateModified":"2025-03-25T12:14:23+00:00","description":"Pendentif unique en verre recycl\u00e9 rouge et orange, fondu au four et enferm\u00e9 dans un treillages de m\u00e9tal aux mailles argent\u00e9es.","breadcrumb":{"@id":"https:\/\/art-bijoux.com\/en\/boutique\/amour-en-cage-pour-dire-je-taime-2\/#breadcrumb"},"inLanguage":"en-US","potentialAction":[{"@type":"ReadAction","target":["https:\/\/art-bijoux.com\/en\/boutique\/amour-en-cage-pour-dire-je-taime-2\/"]}]},{"@type":"ImageObject","inLanguage":"en-US","@id":"https:\/\/art-bijoux.com\/en\/boutique\/amour-en-cage-pour-dire-je-taime-2\/#primaryimage","url":"https:\/\/art-bijoux.com\/wp-content\/uploads\/2025\/01\/Amour-en-cage-argente-c.jpg","contentUrl":"https:\/\/art-bijoux.com\/wp-content\/uploads\/2025\/01\/Amour-en-cage-argente-c.jpg","width":1080,"height":1080,"caption":"Pendentif en verre fondu rouge en orange en forme de c\u0153ur, dans un filet de m\u00e9tal argent\u00e9"},{"@type":"BreadcrumbList","@id":"https:\/\/art-bijoux.com\/en\/boutique\/amour-en-cage-pour-dire-je-taime-2\/#breadcrumb","itemListElement":[{"@type":"ListItem","position":1,"name":"Accueil","item":"https:\/\/art-bijoux.com\/en\/home\/"},{"@type":"ListItem","position":2,"name":"Shop","item":"https:\/\/art-bijoux.com\/en\/shop\/"},{"@type":"ListItem","position":3,"name":"Amour en cage &#8211; Pour dire je t&rsquo;aime"}]},{"@type":"WebSite","@id":"https:\/\/art-bijoux.com\/en\/#website","url":"https:\/\/art-bijoux.com\/en\/","name":"art-bijoux","description":"Osez porter \/ offrir un vitrail unique \u00e0 prix abordable","publisher":{"@id":"https:\/\/art-bijoux.com\/en\/#organization"},"potentialAction":[{"@type":"SearchAction","target":{"@type":"EntryPoint","urlTemplate":"https:\/\/art-bijoux.com\/en\/?s={search_term_string}"},"query-input":{"@type":"PropertyValueSpecification","valueRequired":true,"valueName":"search_term_string"}}],"inLanguage":"en-US"},{"@type":"Organization","@id":"https:\/\/art-bijoux.com\/en\/#organization","name":"art-bijoux","url":"https:\/\/art-bijoux.com\/en\/","logo":{"@type":"ImageObject","inLanguage":"en-US","@id":"https:\/\/art-bijoux.com\/en\/#\/schema\/logo\/image\/","url":"https:\/\/art-bijoux.com\/wp-content\/uploads\/2024\/06\/Art-Bijoux-Logo-Small.png","contentUrl":"https:\/\/art-bijoux.com\/wp-content\/uploads\/2024\/06\/Art-Bijoux-Logo-Small.png","width":722,"height":137,"caption":"art-bijoux"},"image":{"@id":"https:\/\/art-bijoux.com\/en\/#\/schema\/logo\/image\/"}}]}},"_links":{"self":[{"href":"https:\/\/art-bijoux.com\/en\/wp-json\/wp\/v2\/product\/4210","targetHints":{"allow":["GET"]}}],"collection":[{"href":"https:\/\/art-bijoux.com\/en\/wp-json\/wp\/v2\/product"}],"about":[{"href":"https:\/\/art-bijoux.com\/en\/wp-json\/wp\/v2\/types\/product"}],"replies":[{"embeddable":true,"href":"https:\/\/art-bijoux.com\/en\/wp-json\/wp\/v2\/comments?post=4210"}],"version-history":[{"count":0,"href":"https:\/\/art-bijoux.com\/en\/wp-json\/wp\/v2\/product\/4210\/revisions"}],"wp:featuredmedia":[{"embeddable":true,"href":"https:\/\/art-bijoux.com\/en\/wp-json\/wp\/v2\/media\/4211"}],"wp:attachment":[{"href":"https:\/\/art-bijoux.com\/en\/wp-json\/wp\/v2\/media?parent=4210"}],"wp:term":[{"taxonomy":"product_brand","embeddable":true,"href":"https:\/\/art-bijoux.com\/en\/wp-json\/wp\/v2\/product_brand?post=4210"},{"taxonomy":"product_cat","embeddable":true,"href":"https:\/\/art-bijoux.com\/en\/wp-json\/wp\/v2\/product_cat?post=4210"},{"taxonomy":"product_tag","embeddable":true,"href":"https:\/\/art-bijoux.com\/en\/wp-json\/wp\/v2\/product_tag?post=4210"}],"curies":[{"name":"wp","href":"https:\/\/api.w.org\/{rel}","templated":true}]}}