{"id":422,"date":"2024-05-01T11:41:24","date_gmt":"2024-05-01T09:41:24","guid":{"rendered":"https:\/\/art-bijoux.com\/?post_type=product&#038;p=422"},"modified":"2025-06-26T16:11:11","modified_gmt":"2025-06-26T14:11:11","slug":"broche-organique-bleue-eclats-de-couleur-et-mystere-abstrait","status":"publish","type":"product","link":"https:\/\/art-bijoux.com\/en\/boutique\/broche-organique-bleue-eclats-de-couleur-et-mystere-abstrait\/","title":{"rendered":"Broche Organique Bleue &#8211; \u00c9clats de Couleur et Myst\u00e8re Abstrait"},"content":{"rendered":"<figure id=\"attachment_405\" aria-describedby=\"caption-attachment-405\" style=\"width: 300px\" class=\"wp-caption alignleft\"><img fetchpriority=\"high\" decoding=\"async\" class=\"size-medium wp-image-405\" src=\"https:\/\/art-bijoux.com\/wp-content\/uploads\/2024\/05\/bleu-marbre-et-mauve-300x194.webp\" alt=\"Broche g\u00e9om\u00e9trique bleue\" width=\"300\" height=\"194\" srcset=\"https:\/\/art-bijoux.com\/wp-content\/uploads\/2024\/05\/bleu-marbre-et-mauve-300x194.webp 300w, https:\/\/art-bijoux.com\/wp-content\/uploads\/2024\/05\/bleu-marbre-et-mauve-600x387.webp 600w, https:\/\/art-bijoux.com\/wp-content\/uploads\/2024\/05\/bleu-marbre-et-mauve-1024x661.webp 1024w, https:\/\/art-bijoux.com\/wp-content\/uploads\/2024\/05\/bleu-marbre-et-mauve-768x496.webp 768w, https:\/\/art-bijoux.com\/wp-content\/uploads\/2024\/05\/bleu-marbre-et-mauve-1536x991.webp 1536w, https:\/\/art-bijoux.com\/wp-content\/uploads\/2024\/05\/bleu-marbre-et-mauve.webp 1920w\" sizes=\"(max-width: 300px) 100vw, 300px\" \/><figcaption id=\"caption-attachment-405\" class=\"wp-caption-text\">Abstraction organique dans les tons bleus<\/figcaption><\/figure>\n<p>Ajoutez une touche d&#8217;originalit\u00e9 et de myst\u00e8re \u00e0 votre tenue avec notre broche abstraite en verres opaques violet et bleu. Chaque broche est une pi\u00e8ce unique, m\u00e9ticuleusement con\u00e7ue et fabriqu\u00e9e \u00e0 la main, affirmant notre engagement envers la cr\u00e9ativit\u00e9 et la qualit\u00e9 artisanale.<\/p>\n<p>Cette broche captivante se compose de deux pi\u00e8ces en verre violet opaques et une pi\u00e8ce en verre bleu de qualit\u00e9 URUBORO, habilement soud\u00e9es autour d&#8217;une perle de verre transparente. La transparence de la perle r\u00e9v\u00e8le subtilement des nuances de rouille et le m\u00e9tal de la fixation, ajoutant une dimension de myst\u00e8re et d&#8217;intrigue \u00e0 la pi\u00e8ce.<\/p>\n<p>Les formes abstraites de la broche \u00e9voquent un sentiment de libert\u00e9 artistique, permettant \u00e0 chacun d&#8217;interpr\u00e9ter la signification derri\u00e8re les motifs selon son propre regard. Le verre bleu de qualit\u00e9 URUBORO pr\u00e9sente des aur\u00e9oles plus p\u00e2les, cr\u00e9ant un contraste subtil et ajoutant une touche de dynamisme visuel \u00e0 l&#8217;ensemble.<\/p>\n<p>Portez cette broche unique avec fiert\u00e9 pour ajouter une touche d&#8217;\u00e9l\u00e9gance et de myst\u00e8re \u00e0 votre tenue, que ce soit sur un chemisier, une \u00e9charpe ou un chapeau. Exprimez votre individualit\u00e9 et votre amour pour l&#8217;artisanat exceptionnel avec cette broche abstraite en verre opalescent.<\/p>\n<p>Fabriqu\u00e9 avec les restes du vitrail &#8220;Jardin de Christian Dior&#8221;<\/p>\n<p><img decoding=\"async\" class=\"alignleft size-medium wp-image-423\" src=\"https:\/\/art-bijoux.com\/wp-content\/uploads\/2024\/05\/Jardin-Dior-construction-300x218.webp\" alt=\"\" width=\"300\" height=\"218\" srcset=\"https:\/\/art-bijoux.com\/wp-content\/uploads\/2024\/05\/Jardin-Dior-construction-300x218.webp 300w, https:\/\/art-bijoux.com\/wp-content\/uploads\/2024\/05\/Jardin-Dior-construction-600x437.webp 600w, https:\/\/art-bijoux.com\/wp-content\/uploads\/2024\/05\/Jardin-Dior-construction-768x559.webp 768w, https:\/\/art-bijoux.com\/wp-content\/uploads\/2024\/05\/Jardin-Dior-construction.webp 800w\" sizes=\"(max-width: 300px) 100vw, 300px\" \/><\/p>\n","protected":false},"excerpt":{"rendered":"<p>Une broche compos\u00e9e de 2 pi\u00e8ces violettes et une bleue soud\u00e9es autour d&#8217;une perle de verre transparente<\/p>\n","protected":false},"featured_media":4994,"comment_status":"open","ping_status":"closed","template":"","meta":[],"product_brand":[],"product_cat":[39],"product_tag":[36,37,27],"class_list":{"0":"post-422","1":"product","2":"type-product","3":"status-publish","4":"has-post-thumbnail","6":"product_cat-broche-tiffany","7":"product_tag-verre-abstrait","8":"product_tag-broche-verre-soie","9":"product_tag-tiffany-verre","10":"pa_bijou-broche","12":"first","13":"outofstock","14":"purchasable","15":"product-type-simple"},"_links":{"self":[{"href":"https:\/\/art-bijoux.com\/en\/wp-json\/wp\/v2\/product\/422","targetHints":{"allow":["GET"]}}],"collection":[{"href":"https:\/\/art-bijoux.com\/en\/wp-json\/wp\/v2\/product"}],"about":[{"href":"https:\/\/art-bijoux.com\/en\/wp-json\/wp\/v2\/types\/product"}],"replies":[{"embeddable":true,"href":"https:\/\/art-bijoux.com\/en\/wp-json\/wp\/v2\/comments?post=422"}],"version-history":[{"count":0,"href":"https:\/\/art-bijoux.com\/en\/wp-json\/wp\/v2\/product\/422\/revisions"}],"wp:featuredmedia":[{"embeddable":true,"href":"https:\/\/art-bijoux.com\/en\/wp-json\/wp\/v2\/media\/4994"}],"wp:attachment":[{"href":"https:\/\/art-bijoux.com\/en\/wp-json\/wp\/v2\/media?parent=422"}],"wp:term":[{"taxonomy":"product_brand","embeddable":true,"href":"https:\/\/art-bijoux.com\/en\/wp-json\/wp\/v2\/product_brand?post=422"},{"taxonomy":"product_cat","embeddable":true,"href":"https:\/\/art-bijoux.com\/en\/wp-json\/wp\/v2\/product_cat?post=422"},{"taxonomy":"product_tag","embeddable":true,"href":"https:\/\/art-bijoux.com\/en\/wp-json\/wp\/v2\/product_tag?post=422"}],"curies":[{"name":"wp","href":"https:\/\/api.w.org\/{rel}","templated":true}]}}