{"id":4229,"date":"2025-01-21T19:55:56","date_gmt":"2025-01-21T18:55:56","guid":{"rendered":"https:\/\/art-bijoux.com\/?post_type=product&#038;p=4229"},"modified":"2025-02-16T00:00:01","modified_gmt":"2025-02-15T23:00:01","slug":"duo-de-contrebasse","status":"publish","type":"product","link":"https:\/\/art-bijoux.com\/en\/boutique\/duo-de-contrebasse\/","title":{"rendered":"DUO DE CONTREBASSE &#8211;"},"content":{"rendered":"<figure id=\"attachment_4230\" aria-describedby=\"caption-attachment-4230\" style=\"width: 258px\" class=\"wp-caption alignleft\"><img fetchpriority=\"high\" decoding=\"async\" class=\"size-medium wp-image-4230\" src=\"https:\/\/art-bijoux.com\/wp-content\/uploads\/2025\/01\/duo-contrebasse-1-258x300.jpg\" alt=\"Duo de contrebasse, peinture \u00e0 l'huile\" width=\"258\" height=\"300\" srcset=\"https:\/\/art-bijoux.com\/wp-content\/uploads\/2025\/01\/duo-contrebasse-1-258x300.jpg 258w, https:\/\/art-bijoux.com\/wp-content\/uploads\/2025\/01\/duo-contrebasse-1-768x892.jpg 768w, https:\/\/art-bijoux.com\/wp-content\/uploads\/2025\/01\/duo-contrebasse-1-600x697.jpg 600w, https:\/\/art-bijoux.com\/wp-content\/uploads\/2025\/01\/duo-contrebasse-1.jpg 827w\" sizes=\"(max-width: 258px) 100vw, 258px\" \/><figcaption id=\"caption-attachment-4230\" class=\"wp-caption-text\">Duo de contrebasse, peinture \u00e0 l&#8217;huile<\/figcaption><\/figure>\n<figure id=\"attachment_4232\" aria-describedby=\"caption-attachment-4232\" style=\"width: 249px\" class=\"wp-caption alignleft\"><img decoding=\"async\" class=\"size-medium wp-image-4232\" src=\"https:\/\/art-bijoux.com\/wp-content\/uploads\/2025\/01\/Duo-de-contrebasse-2-249x300.jpg\" alt=\"Duo de contrebasse, peinture \u00e0 l'huile\" width=\"249\" height=\"300\" srcset=\"https:\/\/art-bijoux.com\/wp-content\/uploads\/2025\/01\/Duo-de-contrebasse-2-249x300.jpg 249w, https:\/\/art-bijoux.com\/wp-content\/uploads\/2025\/01\/Duo-de-contrebasse-2-768x925.jpg 768w, https:\/\/art-bijoux.com\/wp-content\/uploads\/2025\/01\/Duo-de-contrebasse-2-600x723.jpg 600w, https:\/\/art-bijoux.com\/wp-content\/uploads\/2025\/01\/Duo-de-contrebasse-2.jpg 827w\" sizes=\"(max-width: 249px) 100vw, 249px\" \/><figcaption id=\"caption-attachment-4232\" class=\"wp-caption-text\">Duo de contrebasse, peinture \u00e0 l&#8217;huile<\/figcaption><\/figure>\n<p><strong>&#8220;Duo de Contrebasse&#8221;<\/strong> est une \u0153uvre fascinante, compos\u00e9e de deux parties distinctes, encadr\u00e9es s\u00e9par\u00e9ment, et r\u00e9alis\u00e9es \u00e0 l&#8217;<strong>huile sur papier sp\u00e9cifique<\/strong>. Ce diptyque harmonieux, dans une palette chaleureuse de <strong>marrons, dor\u00e9s et roux<\/strong>, c\u00e9l\u00e8bre l\u2019union de la musique, du mouvement et de la f\u00e9minit\u00e9.<\/p>\n<p><strong>Composition :<\/strong><\/p>\n<p><strong>Vues \u00e0 la fois de face et de profil.<\/strong><\/p>\n<ul>\n<li><strong>Les deux femmes<\/strong>, au centre de la sc\u00e8ne, sont repr\u00e9sent\u00e9es dans une posture intime et gracieuse, leurs corps enlac\u00e9s dans une danse visuelle, les seins lourds et nus, qui semble prolonger les notes de leur musique.<\/li>\n<li><strong>La contrebasse<\/strong>, instrument imposant, est \u00e0 la fois sujet et prolongement des figures f\u00e9minines, renfor\u00e7ant l\u2019harmonie entre la musique et les \u00e9motions qu\u2019elle \u00e9veille.<\/li>\n<li><strong>Une a des cheveux longs tress\u00e9s, l&#8217;autre est blonde<\/strong>, ce qui ajoute une dimension textur\u00e9e et fluide, rappelant la continuit\u00e9 des lignes musicales et des gestes \u00e9l\u00e9gants.<\/li>\n<li>Le fond est vert p\u00e2le et des nuances de bronze assurent l&#8217;assise des instruments.<\/li>\n<li><strong>Les partitions<\/strong>, coll\u00e9es et visibles en transparence, flottent subtilement sur la toile, comme une \u00e9vocation de m\u00e9lodies suspendues dans l\u2019air.<\/li>\n<li><strong>L&#8217;encadrement<\/strong>, un papier marbr\u00e9 \u00e0 la cuve a \u00e9t\u00e9 utilis\u00e9 en Marie-Louise et s&#8217;harmonise avec la peinture, vers laquelle elle guide l\u2019\u0153il. Une baquette fine, dor\u00e9e et mouchet\u00e9e, qui fixe le sous-verre, assure la finition.<\/li>\n<\/ul>\n<p><strong>Caract\u00e9ristiques principales :<\/strong><\/p>\n<ul>\n<li><strong>Technique :<\/strong> Peinture \u00e0 l&#8217;huile sur papier, offrant une profondeur et des nuances riches et vibrantes.<\/li>\n<li><strong>Format :<\/strong> Deux parties distinctes encadr\u00e9es s\u00e9par\u00e9ment, qui dialoguent entre elles pour former un tout.<\/li>\n<li><strong>Palette :<\/strong> Tons chauds et profonds de marron, dor\u00e9 et roux, \u00e9voquant la chaleur et l\u2019intimit\u00e9 d\u2019une performance musicale.<\/li>\n<li><strong>Th\u00e8me :<\/strong> La fusion de l\u2019art musical et visuel, incarn\u00e9e par deux figures f\u00e9minines et leur contrebasse.<\/li>\n<li><strong>Style :<\/strong> Semi-abstrait avec des touches de r\u00e9alisme, mettant l\u2019accent sur les formes fluides, les textures et les \u00e9motions.<\/li>\n<\/ul>\n<p><strong>&#8220;Duo de Contrebasse&#8221;<\/strong> est une ode \u00e0 la musique et \u00e0 l\u2019harmonie, o\u00f9 chaque \u00e9l\u00e9ment \u2013 les figures, l\u2019instrument, et les partitions \u2013 s\u2019entrelace pour former une symphonie visuelle. Cette \u0153uvre est id\u00e9ale pour les amateurs d\u2019art qui souhaitent enrichir leur espace d\u2019une pi\u00e8ce alliant sensualit\u00e9, po\u00e9sie et cr\u00e9ativit\u00e9.<\/p>\n","protected":false},"excerpt":{"rendered":"<p>Deux tableau semi-abstraits repr\u00e9sentent deux femmes, une brune et une blonde, entrelac\u00e9es en train de jouer de la contrebasse.<\/p>\n","protected":false},"featured_media":4232,"comment_status":"open","ping_status":"closed","template":"","meta":[],"product_brand":[],"product_cat":[267,278,24],"product_tag":[194],"class_list":{"0":"post-4229","1":"product","2":"type-product","3":"status-publish","4":"has-post-thumbnail","6":"product_cat-huile","7":"product_cat-peinturehuile-tableau","8":"product_cat-diversite-oeuvres-art","9":"product_tag-metier-breloque-metal","11":"first","12":"instock","13":"purchasable","14":"product-type-simple"},"_links":{"self":[{"href":"https:\/\/art-bijoux.com\/en\/wp-json\/wp\/v2\/product\/4229","targetHints":{"allow":["GET"]}}],"collection":[{"href":"https:\/\/art-bijoux.com\/en\/wp-json\/wp\/v2\/product"}],"about":[{"href":"https:\/\/art-bijoux.com\/en\/wp-json\/wp\/v2\/types\/product"}],"replies":[{"embeddable":true,"href":"https:\/\/art-bijoux.com\/en\/wp-json\/wp\/v2\/comments?post=4229"}],"version-history":[{"count":0,"href":"https:\/\/art-bijoux.com\/en\/wp-json\/wp\/v2\/product\/4229\/revisions"}],"wp:featuredmedia":[{"embeddable":true,"href":"https:\/\/art-bijoux.com\/en\/wp-json\/wp\/v2\/media\/4232"}],"wp:attachment":[{"href":"https:\/\/art-bijoux.com\/en\/wp-json\/wp\/v2\/media?parent=4229"}],"wp:term":[{"taxonomy":"product_brand","embeddable":true,"href":"https:\/\/art-bijoux.com\/en\/wp-json\/wp\/v2\/product_brand?post=4229"},{"taxonomy":"product_cat","embeddable":true,"href":"https:\/\/art-bijoux.com\/en\/wp-json\/wp\/v2\/product_cat?post=4229"},{"taxonomy":"product_tag","embeddable":true,"href":"https:\/\/art-bijoux.com\/en\/wp-json\/wp\/v2\/product_tag?post=4229"}],"curies":[{"name":"wp","href":"https:\/\/api.w.org\/{rel}","templated":true}]}}