{"id":4234,"date":"2025-01-24T11:01:39","date_gmt":"2025-01-24T10:01:39","guid":{"rendered":"https:\/\/art-bijoux.com\/?post_type=product&#038;p=4234"},"modified":"2025-02-16T00:00:01","modified_gmt":"2025-02-15T23:00:01","slug":"pendentif-coeur-verre","status":"publish","type":"product","link":"https:\/\/art-bijoux.com\/en\/boutique\/pendentif-coeur-verre\/","title":{"rendered":"Pour faire fondre un C\u0153ur de Verre \u2013 Pendentif Saint Valentin en Verre Recycl\u00e9 Rouge et Orange"},"content":{"rendered":"<figure id=\"attachment_4235\" aria-describedby=\"caption-attachment-4235\" style=\"width: 286px\" class=\"wp-caption alignleft\"><img fetchpriority=\"high\" decoding=\"async\" class=\"size-medium wp-image-4235\" src=\"https:\/\/art-bijoux.com\/wp-content\/uploads\/2025\/01\/Petit-coeur-fusing-c-286x300.jpg\" alt=\"C\u0153ur en verre recycl\u00e9 fondu, mont\u00e9 en Tiffany\" width=\"286\" height=\"300\" srcset=\"https:\/\/art-bijoux.com\/wp-content\/uploads\/2025\/01\/Petit-coeur-fusing-c-286x300.jpg 286w, https:\/\/art-bijoux.com\/wp-content\/uploads\/2025\/01\/Petit-coeur-fusing-c-978x1024.jpg 978w, https:\/\/art-bijoux.com\/wp-content\/uploads\/2025\/01\/Petit-coeur-fusing-c-768x804.jpg 768w, https:\/\/art-bijoux.com\/wp-content\/uploads\/2025\/01\/Petit-coeur-fusing-c-600x628.jpg 600w, https:\/\/art-bijoux.com\/wp-content\/uploads\/2025\/01\/Petit-coeur-fusing-c.jpg 1080w\" sizes=\"(max-width: 286px) 100vw, 286px\" \/><figcaption id=\"caption-attachment-4235\" class=\"wp-caption-text\">C\u0153ur en verre recycl\u00e9 fondu, mont\u00e9 en Tiffany<\/figcaption><\/figure>\n<p>Ce pendentif unique, issu de la collection Saint Valentin 2025 de l&#8217;atelier Art-Bijoux, est une v\u00e9ritable d\u00e9claration d&#8217;amour. R\u00e9alis\u00e9 \u00e0 partir de verre de r\u00e9cup\u00e9ration fondu, il m\u00eale des tons \u00e9clatants de rouge et d&#8217;orange pour cr\u00e9er un c\u0153ur vibrant. Des &#8220;frittes&#8221; de verre, minutieusement r\u00e9cup\u00e9r\u00e9es parmi les chutes d&#8217;un grand vitrail, ont \u00e9t\u00e9 superpos\u00e9es et entrecrois\u00e9es sur une base de verre transparent pr\u00e9-d\u00e9coup\u00e9e, formant un c\u0153ur au motif. d\u00e9licat et travaill\u00e9.<\/p>\n<p>Apr\u00e8s fusion, les bords irr\u00e9guliers ont \u00e9t\u00e9 soigneusement meul\u00e9s, sertis de cuivre, soud\u00e9s \u00e0 l&#8217;\u00e9tain et patin\u00e9s en nuances cuivr\u00e9es pour une finition raffin\u00e9e et artisanale. Une b\u00e9li\u00e8re solidement soud\u00e9e \u00e0 l&#8217;arri\u00e8re permet de porter ce bijou unique sur un collier ou un lacet. Offrir ce pendentif, c&#8217;est dire &#8220;Je t&#8217;aime&#8221; avec singularit\u00e9 et \u00e9l\u00e9gance, \u00e0 travers une pi\u00e8ce exceptionnelle de savoir-faire artisanal.<\/p>\n<h3>Caract\u00e9ristiques du pend<\/h3>\n<ul>\n<li><strong>Forme et motif<\/strong>: C\u0153ur de verre<\/li>\n<li><strong>Mat\u00e9riaux principaux<\/strong> :\n<ul>\n<li>Verre de r\u00e9cup\u00e9ration fondu : rouge, orange et transparent<\/li>\n<li>Sertissage au cuivre et soudure \u00e0 l&#8217;\u00e9tain<\/li>\n<\/ul>\n<\/li>\n<li><strong>Technique de fabrication<\/strong> :\n<ul>\n<li>Bords irr\u00e9guliers meul\u00e9s et patin\u00e9s en nuances cuivr\u00e9es<\/li>\n<li>B\u00e9li\u00e8re soud\u00e9e \u00e0 l&#8217;arri\u00e8re pour permettre de le porter avec un collier ou un lacet<\/li>\n<\/ul>\n<\/li>\n<li><strong>Collection<\/strong> : Saint-Valentin 2025<\/li>\n<li><strong>Symbolique<\/strong> : Une d\u00e9claration d&#8217;amour unique<\/li>\n<\/ul>\n","protected":false},"excerpt":{"rendered":"<p>Pendentif unique en verre de r\u00e9cup\u00e9ration fondu, repr\u00e9sentant un c\u0153ur r\u00e9alis\u00e9 \u00e0 partir de &#8220;frittes&#8221; de verre orange et rouge.<\/p>\n","protected":false},"featured_media":4235,"comment_status":"open","ping_status":"closed","template":"","meta":[],"product_brand":[],"product_cat":[277,182,186,28],"product_tag":[49,26,27],"class_list":{"0":"post-4234","1":"product","2":"type-product","3":"status-publish","4":"has-post-thumbnail","6":"product_cat-saintvalentin-coeur-bijou","7":"product_cat-pendentif-fusing","8":"product_cat-bijou-pendentif-fusing-tiffany","9":"product_cat-pendentif-tiffany","10":"product_tag-fusing-verre","11":"product_tag-pendentif-verre","12":"product_tag-tiffany-verre","13":"pa_bijou-pendentif","15":"first","16":"instock","17":"purchasable","18":"product-type-simple"},"_links":{"self":[{"href":"https:\/\/art-bijoux.com\/en\/wp-json\/wp\/v2\/product\/4234","targetHints":{"allow":["GET"]}}],"collection":[{"href":"https:\/\/art-bijoux.com\/en\/wp-json\/wp\/v2\/product"}],"about":[{"href":"https:\/\/art-bijoux.com\/en\/wp-json\/wp\/v2\/types\/product"}],"replies":[{"embeddable":true,"href":"https:\/\/art-bijoux.com\/en\/wp-json\/wp\/v2\/comments?post=4234"}],"version-history":[{"count":1,"href":"https:\/\/art-bijoux.com\/en\/wp-json\/wp\/v2\/product\/4234\/revisions"}],"predecessor-version":[{"id":4333,"href":"https:\/\/art-bijoux.com\/en\/wp-json\/wp\/v2\/product\/4234\/revisions\/4333"}],"wp:featuredmedia":[{"embeddable":true,"href":"https:\/\/art-bijoux.com\/en\/wp-json\/wp\/v2\/media\/4235"}],"wp:attachment":[{"href":"https:\/\/art-bijoux.com\/en\/wp-json\/wp\/v2\/media?parent=4234"}],"wp:term":[{"taxonomy":"product_brand","embeddable":true,"href":"https:\/\/art-bijoux.com\/en\/wp-json\/wp\/v2\/product_brand?post=4234"},{"taxonomy":"product_cat","embeddable":true,"href":"https:\/\/art-bijoux.com\/en\/wp-json\/wp\/v2\/product_cat?post=4234"},{"taxonomy":"product_tag","embeddable":true,"href":"https:\/\/art-bijoux.com\/en\/wp-json\/wp\/v2\/product_tag?post=4234"}],"curies":[{"name":"wp","href":"https:\/\/api.w.org\/{rel}","templated":true}]}}