{"id":425,"date":"2024-05-01T12:08:13","date_gmt":"2024-05-01T10:08:13","guid":{"rendered":"https:\/\/art-bijoux.com\/?post_type=product&#038;p=425"},"modified":"2024-05-23T20:18:39","modified_gmt":"2024-05-23T18:18:39","slug":"broche-abstraite-orange-elegance-artisanale-et-modernite-abstraite","status":"publish","type":"product","link":"https:\/\/art-bijoux.com\/en\/boutique\/broche-abstraite-orange-elegance-artisanale-et-modernite-abstraite\/","title":{"rendered":"Broche Abstraite Orange &#8211; \u00c9l\u00e9gance Artisanale et Modernit\u00e9 Abstraite"},"content":{"rendered":"<figure id=\"attachment_401\" aria-describedby=\"caption-attachment-401\" style=\"width: 300px\" class=\"wp-caption alignleft\"><img fetchpriority=\"high\" decoding=\"async\" class=\"size-medium wp-image-401\" src=\"https:\/\/art-bijoux.com\/wp-content\/uploads\/2024\/05\/3-pieces-coeur-orange-300x228.webp\" alt=\"Broche formes g\u00e9om\u00e9trique orang\u00e9es\" width=\"300\" height=\"228\" srcset=\"https:\/\/art-bijoux.com\/wp-content\/uploads\/2024\/05\/3-pieces-coeur-orange-300x228.webp 300w, https:\/\/art-bijoux.com\/wp-content\/uploads\/2024\/05\/3-pieces-coeur-orange-600x456.webp 600w, https:\/\/art-bijoux.com\/wp-content\/uploads\/2024\/05\/3-pieces-coeur-orange-1024x779.webp 1024w, https:\/\/art-bijoux.com\/wp-content\/uploads\/2024\/05\/3-pieces-coeur-orange-768x584.webp 768w, https:\/\/art-bijoux.com\/wp-content\/uploads\/2024\/05\/3-pieces-coeur-orange-1536x1168.webp 1536w, https:\/\/art-bijoux.com\/wp-content\/uploads\/2024\/05\/3-pieces-coeur-orange.webp 1920w\" sizes=\"(max-width: 300px) 100vw, 300px\" \/><figcaption id=\"caption-attachment-401\" class=\"wp-caption-text\">Des tons chauds pour une broche abstraite<\/figcaption><\/figure>\n<p>Ajoutez une touche d&#8217;originalit\u00e9 et de modernit\u00e9 \u00e0 votre tenue avec notre broche abstraite en verre orange. Chaque broche est une pi\u00e8ce unique, m\u00e9ticuleusement con\u00e7ue et fabriqu\u00e9e \u00e0 la main, affirmant notre engagement envers la cr\u00e9ativit\u00e9 et la qualit\u00e9 artisanale.<\/p>\n<p>Cette broche captivante se compose de deux pi\u00e8ces en verre cath\u00e9drale orange qui encadrent un morceau de verre vermillon semi-transparent, ajoutant une dimension de profondeur et de texture \u00e0 l&#8217;ensemble. La transparence du verre vermillon laisse subtilement appara\u00eetre une petite bande de la fixation, solidement soud\u00e9e \u00e0 l&#8217;arri\u00e8re, ajoutant une touche de diversit\u00e9 \u00e0 la pi\u00e8ce.<\/p>\n<p>Les pi\u00e8ces de verre ont \u00e9t\u00e9 soigneusement choisies dans notre stock pour s&#8217;embo\u00eeter avec un minimum de retouches, garantissant ainsi une harmonie parfaite entre les \u00e9l\u00e9ments. C&#8217;est cette attention aux d\u00e9tails qui fait de chaque broche une \u0153uvre d&#8217;art unique, pr\u00eate \u00e0 ajouter une touche d&#8217;\u00e9l\u00e9gance artisanale \u00e0 votre tenue.<\/p>\n<p>Portez cette broche abstraite avec fiert\u00e9 pour exprimer votre individualit\u00e9 et votre amour pour l&#8217;artisanat exceptionnel. Que ce soit sur un revers de veste, un chapeau ou une \u00e9charpe, cette pi\u00e8ce remarquable ne manquera pas de susciter l&#8217;admiration.<\/p>\n<p><strong>Caract\u00e9ristiques :<\/strong><\/p>\n<ul>\n<li>Mat\u00e9riel : Verre cath\u00e9drale orange, vermillon semi-transparent, cuivre, \u00e9tain, m\u00e9tal argent\u00e9<\/li>\n<li>Style : Abstrait, moderne, artisanal<\/li>\n<li>Dimensions : largeur : 6,7 cm, hauteur : 6,6 cm<\/li>\n<\/ul>\n<p>Faites sensation avec cette broche abstraite qui allie \u00e9l\u00e9gance artisanale et modernit\u00e9 abstraite. Commandez d\u00e8s maintenant et laissez cette pi\u00e8ce remarquable ajouter une touche d&#8217;originalit\u00e9 \u00e0 votre collection de bijoux.<\/p>\n","protected":false},"excerpt":{"rendered":"<p>Une broche abstraite dans les tons oranges<\/p>\n","protected":false},"featured_media":401,"comment_status":"open","ping_status":"closed","template":"","meta":[],"product_brand":[],"product_cat":[39],"product_tag":[36,37,27],"class_list":{"0":"post-425","1":"product","2":"type-product","3":"status-publish","4":"has-post-thumbnail","6":"product_cat-broche-tiffany","7":"product_tag-verre-abstrait","8":"product_tag-broche-verre-soie","9":"product_tag-tiffany-verre","11":"first","12":"instock","13":"purchasable","14":"product-type-simple"},"_links":{"self":[{"href":"https:\/\/art-bijoux.com\/en\/wp-json\/wp\/v2\/product\/425","targetHints":{"allow":["GET"]}}],"collection":[{"href":"https:\/\/art-bijoux.com\/en\/wp-json\/wp\/v2\/product"}],"about":[{"href":"https:\/\/art-bijoux.com\/en\/wp-json\/wp\/v2\/types\/product"}],"replies":[{"embeddable":true,"href":"https:\/\/art-bijoux.com\/en\/wp-json\/wp\/v2\/comments?post=425"}],"version-history":[{"count":0,"href":"https:\/\/art-bijoux.com\/en\/wp-json\/wp\/v2\/product\/425\/revisions"}],"wp:featuredmedia":[{"embeddable":true,"href":"https:\/\/art-bijoux.com\/en\/wp-json\/wp\/v2\/media\/401"}],"wp:attachment":[{"href":"https:\/\/art-bijoux.com\/en\/wp-json\/wp\/v2\/media?parent=425"}],"wp:term":[{"taxonomy":"product_brand","embeddable":true,"href":"https:\/\/art-bijoux.com\/en\/wp-json\/wp\/v2\/product_brand?post=425"},{"taxonomy":"product_cat","embeddable":true,"href":"https:\/\/art-bijoux.com\/en\/wp-json\/wp\/v2\/product_cat?post=425"},{"taxonomy":"product_tag","embeddable":true,"href":"https:\/\/art-bijoux.com\/en\/wp-json\/wp\/v2\/product_tag?post=425"}],"curies":[{"name":"wp","href":"https:\/\/api.w.org\/{rel}","templated":true}]}}