{"id":426,"date":"2024-05-01T12:15:38","date_gmt":"2024-05-01T10:15:38","guid":{"rendered":"https:\/\/art-bijoux.com\/?post_type=product&#038;p=426"},"modified":"2024-05-04T18:10:31","modified_gmt":"2024-05-04T16:10:31","slug":"chapeau-chinois-orange-elegance-culturelle-et-artisanat-raffine","status":"publish","type":"product","link":"https:\/\/art-bijoux.com\/en\/boutique\/chapeau-chinois-orange-elegance-culturelle-et-artisanat-raffine\/","title":{"rendered":"Broche Chapeau Chinois Orange &#8211; \u00c9l\u00e9gance Culturelle et Artisanat Raffin\u00e9"},"content":{"rendered":"<figure id=\"attachment_407\" aria-describedby=\"caption-attachment-407\" style=\"width: 300px\" class=\"wp-caption alignleft\"><img fetchpriority=\"high\" decoding=\"async\" class=\"size-medium wp-image-407\" src=\"https:\/\/art-bijoux.com\/wp-content\/uploads\/2024\/05\/chapeau-chinois-300x276.webp\" alt=\"Broche orange en forme de chapeau chinois\" width=\"300\" height=\"276\" srcset=\"https:\/\/art-bijoux.com\/wp-content\/uploads\/2024\/05\/chapeau-chinois-300x276.webp 300w, https:\/\/art-bijoux.com\/wp-content\/uploads\/2024\/05\/chapeau-chinois-600x552.webp 600w, https:\/\/art-bijoux.com\/wp-content\/uploads\/2024\/05\/chapeau-chinois-1024x942.webp 1024w, https:\/\/art-bijoux.com\/wp-content\/uploads\/2024\/05\/chapeau-chinois-768x706.webp 768w, https:\/\/art-bijoux.com\/wp-content\/uploads\/2024\/05\/chapeau-chinois-1536x1413.webp 1536w, https:\/\/art-bijoux.com\/wp-content\/uploads\/2024\/05\/chapeau-chinois.webp 1920w\" sizes=\"(max-width: 300px) 100vw, 300px\" \/><figcaption id=\"caption-attachment-407\" class=\"wp-caption-text\">Un chapeau chinois orang\u00e9<\/figcaption><\/figure>\n<p>D\u00e9couvrez l&#8217;\u00e9l\u00e9gance intemporelle de notre broche chapeau chinois en verre, une pi\u00e8ce qui c\u00e9l\u00e8bre la richesse culturelle et l&#8217;artisanat raffin\u00e9. Chaque broche est une \u0153uvre d&#8217;art unique, m\u00e9ticuleusement con\u00e7ue et fabriqu\u00e9e \u00e0 la main, t\u00e9moignant de notre engagement envers la cr\u00e9ativit\u00e9 et la qualit\u00e9 artisanale.<\/p>\n<p>Cette broche captivante repr\u00e9sente un chapeau chinois stylis\u00e9, avec deux pi\u00e8ces orang\u00e9es qui servent de base \u00e0 un triangle en verre cath\u00e9drale assorti, \u00e9voquant l&#8217;harmonie et l&#8217;\u00e9quilibre caract\u00e9ristiques de l&#8217;esth\u00e9tique asiatique. La fixation de s\u00e9curit\u00e9, solidement soud\u00e9e \u00e0 l&#8217;arri\u00e8re, est une petite \u00e9pingle de 2,2 cm de largeur, assurant une accroche s\u00fbre et confortable.<\/p>\n<p>Chaque d\u00e9tail de cette broche a \u00e9t\u00e9 soigneusement pens\u00e9, de la s\u00e9lection des couleurs au choix des formes, pour cr\u00e9er une pi\u00e8ce qui incarne \u00e0 la fois la tradition et la modernit\u00e9. Que ce soit sur un revers de veste, un chapeau ou une \u00e9charpe, cette broche ajoutera une touche de sophistication et d&#8217;exotisme \u00e0 votre tenue.<\/p>\n<p><strong>Caract\u00e9ristiques :<\/strong><\/p>\n<ul>\n<li>Mat\u00e9riel : Verre cath\u00e9drale orange et verre vermillon, cuivre, \u00e9tain, m\u00e9tal argent\u00e9<\/li>\n<li>Style : Culturel, \u00e9l\u00e9gant, raffin\u00e9<\/li>\n<li>Dimensions de l&#8217;\u00e9pingle : 2,2 cm de largeur<\/li>\n<li>Dimensions de la broche : largeur : 4,9 cm, hauteur : 5,6 cm<\/li>\n<\/ul>\n<p>Faites sensation avec cette broche chapeau chinois qui allie \u00e9l\u00e9gance culturelle et artisanat raffin\u00e9. Commandez d\u00e8s maintenant et laissez cette pi\u00e8ce remarquable ajouter une touche de gr\u00e2ce \u00e0 votre collection de bijoux.<\/p>\n","protected":false},"excerpt":{"rendered":"<p>Un chapeau chinois orange en verre<\/p>\n","protected":false},"featured_media":407,"comment_status":"open","ping_status":"closed","template":"","meta":[],"product_brand":[],"product_cat":[39],"product_tag":[36,37,27],"class_list":{"0":"post-426","1":"product","2":"type-product","3":"status-publish","4":"has-post-thumbnail","6":"product_cat-broche-tiffany","7":"product_tag-verre-abstrait","8":"product_tag-broche-verre-soie","9":"product_tag-tiffany-verre","11":"first","12":"instock","13":"purchasable","14":"product-type-simple"},"_links":{"self":[{"href":"https:\/\/art-bijoux.com\/en\/wp-json\/wp\/v2\/product\/426","targetHints":{"allow":["GET"]}}],"collection":[{"href":"https:\/\/art-bijoux.com\/en\/wp-json\/wp\/v2\/product"}],"about":[{"href":"https:\/\/art-bijoux.com\/en\/wp-json\/wp\/v2\/types\/product"}],"replies":[{"embeddable":true,"href":"https:\/\/art-bijoux.com\/en\/wp-json\/wp\/v2\/comments?post=426"}],"version-history":[{"count":0,"href":"https:\/\/art-bijoux.com\/en\/wp-json\/wp\/v2\/product\/426\/revisions"}],"wp:featuredmedia":[{"embeddable":true,"href":"https:\/\/art-bijoux.com\/en\/wp-json\/wp\/v2\/media\/407"}],"wp:attachment":[{"href":"https:\/\/art-bijoux.com\/en\/wp-json\/wp\/v2\/media?parent=426"}],"wp:term":[{"taxonomy":"product_brand","embeddable":true,"href":"https:\/\/art-bijoux.com\/en\/wp-json\/wp\/v2\/product_brand?post=426"},{"taxonomy":"product_cat","embeddable":true,"href":"https:\/\/art-bijoux.com\/en\/wp-json\/wp\/v2\/product_cat?post=426"},{"taxonomy":"product_tag","embeddable":true,"href":"https:\/\/art-bijoux.com\/en\/wp-json\/wp\/v2\/product_tag?post=426"}],"curies":[{"name":"wp","href":"https:\/\/api.w.org\/{rel}","templated":true}]}}