{"id":4282,"date":"2025-01-25T11:59:33","date_gmt":"2025-01-25T10:59:33","guid":{"rendered":"https:\/\/art-bijoux.com\/?post_type=product&#038;p=4282"},"modified":"2026-03-13T10:57:28","modified_gmt":"2026-03-13T09:57:28","slug":"la-mecanique-du-coeur-enfin-mise-au-jour","status":"publish","type":"product","link":"https:\/\/art-bijoux.com\/en\/boutique\/la-mecanique-du-coeur-enfin-mise-au-jour\/","title":{"rendered":"La M\u00e9canique du C\u0153ur enfin Mise au jour"},"content":{"rendered":"<figure id=\"attachment_4245\" aria-describedby=\"caption-attachment-4245\" style=\"width: 300px\" class=\"wp-caption alignleft\"><img fetchpriority=\"high\" decoding=\"async\" class=\"size-medium wp-image-4245\" src=\"https:\/\/art-bijoux.com\/wp-content\/uploads\/2025\/01\/Mecanique-du-coeur-1-c-300x288.jpg\" alt=\"C\u0153ur orange avec breloque engrenage\" width=\"300\" height=\"288\" srcset=\"https:\/\/art-bijoux.com\/wp-content\/uploads\/2025\/01\/Mecanique-du-coeur-1-c-300x288.jpg 300w, https:\/\/art-bijoux.com\/wp-content\/uploads\/2025\/01\/Mecanique-du-coeur-1-c-1024x982.jpg 1024w, https:\/\/art-bijoux.com\/wp-content\/uploads\/2025\/01\/Mecanique-du-coeur-1-c-768x737.jpg 768w, https:\/\/art-bijoux.com\/wp-content\/uploads\/2025\/01\/Mecanique-du-coeur-1-c-600x575.jpg 600w, https:\/\/art-bijoux.com\/wp-content\/uploads\/2025\/01\/Mecanique-du-coeur-1-c.jpg 1126w\" sizes=\"(max-width: 300px) 100vw, 300px\" \/><figcaption id=\"caption-attachment-4245\" class=\"wp-caption-text\">C\u0153ur orange avec breloque engrenage<\/figcaption><\/figure>\n<p>Ce pendentif unique, cr\u00e9\u00e9 pour la collection Saint Valentin, d\u00e9voile avec po\u00e9sie et originalit\u00e9 <em>la m\u00e9canique du c\u0153ur<\/em>. R\u00e9alis\u00e9 \u00e0 partir de deux morceaux de verre r\u00e9cup\u00e9r\u00e9, dans des nuances orange colorescentes, minutieusement mont\u00e9s selon la technique Tiffany, il allie savoir-faire artisanal et symbolisme profond.<\/p>\n<p>Suspendu \u00e0 la surface, un engrenage en m\u00e9tal apporte une touche industrielle et \u00e9vocatrice, sugg\u00e9rant que l\u2019amour, tout comme une machine d\u00e9licate, fonctionne gr\u00e2ce \u00e0 un subtil \u00e9quilibre de ses rouages. Les bords des morceaux de verre ont \u00e9t\u00e9 soigneusement meul\u00e9s, sertis de cuivre, soud\u00e9s \u00e0 l\u2019\u00e9tain, puis patin\u00e9s pour une finition \u00e9l\u00e9gante et authentique dans des tons chauds cuivr\u00e9s. Une b\u00e9li\u00e8re solidement fix\u00e9e \u00e0 l\u2019arri\u00e8re permet de porter ce bijou sur une cha\u00eene ou un lacet, transformant ce pendentif en une d\u00e9claration d\u2019amour originale et unique.<\/p>\n<hr \/>\n<h3>Caract\u00e9ristiques du pendentif :<\/h3>\n<ul>\n<li><strong>Mat\u00e9riaux principaux<\/strong> :\n<ul>\n<li>Deux morceaux de verre r\u00e9cup\u00e9r\u00e9 mont\u00e9s en Tiffany<\/li>\n<li>Engrenage en m\u00e9tal suspendu, symbolisant <em>la m\u00e9canique du c\u0153ur<\/em><\/li>\n<\/ul>\n<\/li>\n<li><strong>Technique de fabrication<\/strong> :\n<ul>\n<li>Verre meul\u00e9, serti de cuivre et soud\u00e9 \u00e0 l\u2019\u00e9tain<\/li>\n<li>Patine appliqu\u00e9e pour une finition artisanale et raffin\u00e9e<\/li>\n<\/ul>\n<\/li>\n<li><strong>Fixation<\/strong> : B\u00e9li\u00e8re soud\u00e9e \u00e0 l\u2019arri\u00e8re pour porter sur une cha\u00eene ou un lacet<\/li>\n<li><strong>Symbolique<\/strong> : <em>La m\u00e9canique du c\u0153ur<\/em>, une m\u00e9taphore des rouages subtils et complexes de l\u2019amour<\/li>\n<\/ul>\n<p>&nbsp;<\/p>\n","protected":false},"excerpt":{"rendered":"<p>Ce pendentif unique a \u00e9t\u00e9 r\u00e9alis\u00e9 avec deux morceaux de verre dans des tons chauds d&#8217;orange. Un engrenage a \u00e9t\u00e9 fix\u00e9 et symbolise la m\u00e9canique de l&#8217;amour.<\/p>\n","protected":false},"featured_media":4245,"comment_status":"open","ping_status":"closed","template":"","meta":[],"product_brand":[],"product_cat":[176,277,28],"product_tag":[29,26,27],"class_list":{"0":"post-4282","1":"product","2":"type-product","3":"status-publish","4":"has-post-thumbnail","6":"product_cat-breloque-bijou-verre","7":"product_cat-saintvalentin-coeur-bijou","8":"product_cat-pendentif-tiffany","9":"product_tag-breloque-metal-pierre","10":"product_tag-pendentif-verre","11":"product_tag-tiffany-verre","12":"pa_bijou-pendentif","14":"first","15":"outofstock","16":"sale","17":"purchasable","18":"product-type-simple"},"_links":{"self":[{"href":"https:\/\/art-bijoux.com\/en\/wp-json\/wp\/v2\/product\/4282","targetHints":{"allow":["GET"]}}],"collection":[{"href":"https:\/\/art-bijoux.com\/en\/wp-json\/wp\/v2\/product"}],"about":[{"href":"https:\/\/art-bijoux.com\/en\/wp-json\/wp\/v2\/types\/product"}],"replies":[{"embeddable":true,"href":"https:\/\/art-bijoux.com\/en\/wp-json\/wp\/v2\/comments?post=4282"}],"version-history":[{"count":2,"href":"https:\/\/art-bijoux.com\/en\/wp-json\/wp\/v2\/product\/4282\/revisions"}],"predecessor-version":[{"id":6356,"href":"https:\/\/art-bijoux.com\/en\/wp-json\/wp\/v2\/product\/4282\/revisions\/6356"}],"wp:featuredmedia":[{"embeddable":true,"href":"https:\/\/art-bijoux.com\/en\/wp-json\/wp\/v2\/media\/4245"}],"wp:attachment":[{"href":"https:\/\/art-bijoux.com\/en\/wp-json\/wp\/v2\/media?parent=4282"}],"wp:term":[{"taxonomy":"product_brand","embeddable":true,"href":"https:\/\/art-bijoux.com\/en\/wp-json\/wp\/v2\/product_brand?post=4282"},{"taxonomy":"product_cat","embeddable":true,"href":"https:\/\/art-bijoux.com\/en\/wp-json\/wp\/v2\/product_cat?post=4282"},{"taxonomy":"product_tag","embeddable":true,"href":"https:\/\/art-bijoux.com\/en\/wp-json\/wp\/v2\/product_tag?post=4282"}],"curies":[{"name":"wp","href":"https:\/\/api.w.org\/{rel}","templated":true}]}}