{"id":4294,"date":"2025-01-30T18:13:56","date_gmt":"2025-01-30T17:13:56","guid":{"rendered":"https:\/\/art-bijoux.com\/?post_type=product&#038;p=4294"},"modified":"2026-01-11T10:59:38","modified_gmt":"2026-01-11T09:59:38","slug":"sac-en-crochet-mauve-et-patchwork-80-recycle-100-unique","status":"publish","type":"product","link":"https:\/\/art-bijoux.com\/en\/boutique\/sac-en-crochet-mauve-et-patchwork-80-recycle-100-unique\/","title":{"rendered":"Mini sac en crochet mauve et patchwork \u2013 80 % recycl\u00e9, 100 % unique"},"content":{"rendered":"<figure id=\"attachment_4292\" aria-describedby=\"caption-attachment-4292\" style=\"width: 300px\" class=\"wp-caption alignnone\"><img fetchpriority=\"high\" decoding=\"async\" class=\"size-medium wp-image-4292\" src=\"https:\/\/art-bijoux.com\/wp-content\/uploads\/2025\/01\/Sac-noeud-c-300x300.jpg\" alt=\"Un mini sac en mat\u00e9riaux recycl\u00e9, avec 3 breloques &quot;sac&quot; en pierre, pour ranger son t\u00e9l\u00e9phone \u00e9l\u00e9gamment\" width=\"300\" height=\"300\" srcset=\"https:\/\/art-bijoux.com\/wp-content\/uploads\/2025\/01\/Sac-noeud-c-300x300.jpg 300w, https:\/\/art-bijoux.com\/wp-content\/uploads\/2025\/01\/Sac-noeud-c-1024x1024.jpg 1024w, https:\/\/art-bijoux.com\/wp-content\/uploads\/2025\/01\/Sac-noeud-c-150x150.jpg 150w, https:\/\/art-bijoux.com\/wp-content\/uploads\/2025\/01\/Sac-noeud-c-768x768.jpg 768w, https:\/\/art-bijoux.com\/wp-content\/uploads\/2025\/01\/Sac-noeud-c-600x600.jpg 600w, https:\/\/art-bijoux.com\/wp-content\/uploads\/2025\/01\/Sac-noeud-c-100x100.jpg 100w, https:\/\/art-bijoux.com\/wp-content\/uploads\/2025\/01\/Sac-noeud-c.jpg 1080w\" sizes=\"(max-width: 300px) 100vw, 300px\" \/><figcaption id=\"caption-attachment-4292\" class=\"wp-caption-text\">Un mini sac en mat\u00e9riaux recycl\u00e9, avec 3 breloques &#8220;sac&#8221; en pierre, pour ranger son t\u00e9l\u00e9phone \u00e9l\u00e9gamment<\/figcaption><\/figure>\n<p>Ce mini sac, con\u00e7u avec 80 % de mat\u00e9riaux recycl\u00e9s (fil \u00e0 tricoter, tissus, fil \u00e0 coudre, cha\u00eenette&#8230;), allie originalit\u00e9 et engagement \u00e9cologique. <strong>Crochet\u00e9 \u00e0 la main dans un joli mauve fonc\u00e9, il est enti\u00e8rement doubl\u00e9 d&#8217;un patchwork de tissus de coton qui redescend en rabat sur la partie sup\u00e9rieure.<\/strong><\/p>\n<p>Sa longue cha\u00eenette, partiellement crochet\u00e9e pour plus de confort, permet de le porter en bandouli\u00e8re. \u00c0 l&#8217;int\u00e9rieur, une pochette pratique permet de ranger une carte d&#8217;identit\u00e9 ou une carte bancaire. Le sac se ferme gr\u00e2ce \u00e0 un fermoir magn\u00e9tique puissant, dissimul\u00e9 sous un n\u0153ud en tissu orn\u00e9 d&#8217;un vieux bouton, apportant une touche vintage. Trois magnifiques breloques en pierre, en forme de minuscules sac \u00e0 main, viennent compl\u00e9ter son originalit\u00e9.<\/p>\n<p>Pratique et raffin\u00e9, il repose sur <strong>quatre pieds m\u00e9talliques qui prot\u00e8gent sa base<\/strong> . Ses dimensions de <strong>18 x 13 x 5,5 cm \u00e9vitent de se faire mal au dos en portant un gros sac.<br \/>\n<\/strong><\/p>\n","protected":false},"excerpt":{"rendered":"<p>Mini sac en bandouli\u00e8re, r\u00e9alis\u00e9 \u00e0 la main avec une majorit\u00e9 de mat\u00e9riaux recycl\u00e9s, permet de ranger avec \u00e9l\u00e9gance son t\u00e9l\u00e9phone portable.<\/p>\n","protected":false},"featured_media":4292,"comment_status":"open","ping_status":"closed","template":"","meta":[],"product_brand":[],"product_cat":[281,24],"product_tag":[29],"class_list":{"0":"post-4294","1":"product","2":"type-product","3":"status-publish","4":"has-post-thumbnail","6":"product_cat-sac-bag-upcycling","7":"product_cat-diversite-oeuvres-art","8":"product_tag-breloque-metal-pierre","10":"first","11":"instock","12":"sale","13":"purchasable","14":"product-type-simple"},"_links":{"self":[{"href":"https:\/\/art-bijoux.com\/en\/wp-json\/wp\/v2\/product\/4294","targetHints":{"allow":["GET"]}}],"collection":[{"href":"https:\/\/art-bijoux.com\/en\/wp-json\/wp\/v2\/product"}],"about":[{"href":"https:\/\/art-bijoux.com\/en\/wp-json\/wp\/v2\/types\/product"}],"replies":[{"embeddable":true,"href":"https:\/\/art-bijoux.com\/en\/wp-json\/wp\/v2\/comments?post=4294"}],"version-history":[{"count":2,"href":"https:\/\/art-bijoux.com\/en\/wp-json\/wp\/v2\/product\/4294\/revisions"}],"predecessor-version":[{"id":6343,"href":"https:\/\/art-bijoux.com\/en\/wp-json\/wp\/v2\/product\/4294\/revisions\/6343"}],"wp:featuredmedia":[{"embeddable":true,"href":"https:\/\/art-bijoux.com\/en\/wp-json\/wp\/v2\/media\/4292"}],"wp:attachment":[{"href":"https:\/\/art-bijoux.com\/en\/wp-json\/wp\/v2\/media?parent=4294"}],"wp:term":[{"taxonomy":"product_brand","embeddable":true,"href":"https:\/\/art-bijoux.com\/en\/wp-json\/wp\/v2\/product_brand?post=4294"},{"taxonomy":"product_cat","embeddable":true,"href":"https:\/\/art-bijoux.com\/en\/wp-json\/wp\/v2\/product_cat?post=4294"},{"taxonomy":"product_tag","embeddable":true,"href":"https:\/\/art-bijoux.com\/en\/wp-json\/wp\/v2\/product_tag?post=4294"}],"curies":[{"name":"wp","href":"https:\/\/api.w.org\/{rel}","templated":true}]}}