{"id":4301,"date":"2025-02-01T10:35:56","date_gmt":"2025-02-01T09:35:56","guid":{"rendered":"https:\/\/art-bijoux.com\/?post_type=product&#038;p=4301"},"modified":"2025-02-16T00:00:01","modified_gmt":"2025-02-15T23:00:01","slug":"cheval-galop-liberte","status":"publish","type":"product","link":"https:\/\/art-bijoux.com\/en\/boutique\/cheval-galop-liberte\/","title":{"rendered":"Cheval noir au galop en toute libert\u00e9 &#8211; carte postale peinte sur soie"},"content":{"rendered":"<figure id=\"attachment_4302\" aria-describedby=\"caption-attachment-4302\" style=\"width: 300px\" class=\"wp-caption alignnone\"><img fetchpriority=\"high\" decoding=\"async\" class=\"size-medium wp-image-4302\" src=\"https:\/\/art-bijoux.com\/wp-content\/uploads\/2025\/02\/Carte-cheval-noir-galop-300x209.jpg\" alt=\"Carte postale en soie peinte \u00e0 la main avec un cheval noir au galop\" width=\"300\" height=\"209\" srcset=\"https:\/\/art-bijoux.com\/wp-content\/uploads\/2025\/02\/Carte-cheval-noir-galop-300x209.jpg 300w, https:\/\/art-bijoux.com\/wp-content\/uploads\/2025\/02\/Carte-cheval-noir-galop-1024x713.jpg 1024w, https:\/\/art-bijoux.com\/wp-content\/uploads\/2025\/02\/Carte-cheval-noir-galop-768x535.jpg 768w, https:\/\/art-bijoux.com\/wp-content\/uploads\/2025\/02\/Carte-cheval-noir-galop-600x418.jpg 600w, https:\/\/art-bijoux.com\/wp-content\/uploads\/2025\/02\/Carte-cheval-noir-galop.jpg 1500w\" sizes=\"(max-width: 300px) 100vw, 300px\" \/><figcaption id=\"caption-attachment-4302\" class=\"wp-caption-text\">Carte postale en soie peinte \u00e0 la main avec un cheval noir au galop<\/figcaption><\/figure>\n<p>A envoyer avec un message sinc\u00e8re, \u00e0 collectionner, \u00e0 exposer dans un sous-verre, cette carte postale est une v\u00e9ritable pi\u00e8ce d\u2019art, peinte sur de la soie naturelle r\u00e9cup\u00e9r\u00e9e parmi les chutes d\u2019un grand foulard, offrant une seconde vie \u00e0 ce mat\u00e9riau noble. Elle d\u00e9peint un cheval noir au galop, en toute libert\u00e9, sans entrave, crini\u00e8re au vent, et inspire un sentiment de libert\u00e9.<\/p>\n<p>Sur la prairie, verte comme celles de Normandie, et le ciel, peint dans de subtiles nuances de soleil couchant, mauve et bleu, un cheval de profil galope et nous invite \u00e0 regarder vers l&#8217;avant. Cette carte est id\u00e9ale pour les amateurs d\u2019art et de chevaux.<\/p>\n<h3>Caract\u00e9ristiques de la carte postale :<\/h3>\n<ul>\n<li><strong>Mat\u00e9riau principal<\/strong> : Soie naturelle r\u00e9cup\u00e9r\u00e9e, peinte \u00e0 la main \u00e0 l&#8217;encre et \u00e9tuv\u00e9 \u00e0 la vapeur<\/li>\n<li><strong>Motif<\/strong> : Cheval au galop dans une prairie au soleil couchant<\/li>\n<li><strong>Arri\u00e8re-plan<\/strong> : Ciel bleu et gris avec des reflets mauve<\/li>\n<li><strong>Montage<\/strong> : Carton bleu fonc\u00e9 avec une fen\u00eatre encadrant la sc\u00e8ne<\/li>\n<li><strong>Style<\/strong> : \u00c9l\u00e9gance artisanale et fascination pour la libert\u00e9 du cheval<\/li>\n<\/ul>\n<p>Cette description met en avant le charme artisanal et l\u2019histoire unique de cette carte postale. Id\u00e9ale pour ceux qui veulent rompre leurs entraves.<\/p>\n","protected":false},"excerpt":{"rendered":"<p>Carte postale en soie naturelle r\u00e9cup\u00e9r\u00e9e. Elle repr\u00e9sente un bourg typiquement fran\u00e7ais avec ses maisons regroup\u00e9es autour de l&#8217;\u00e9glise au toits d&#8217;ardoises.<\/p>\n","protected":false},"featured_media":4302,"comment_status":"open","ping_status":"closed","template":"","meta":[],"product_brand":[],"product_cat":[179],"product_tag":[52,280,224,34,43],"class_list":{"0":"post-4301","1":"product","2":"type-product","3":"status-publish","4":"has-post-thumbnail","6":"product_cat-carte-soie-paysage","7":"product_tag-portrait-animal","8":"product_tag-cheval-horse","9":"product_tag-portrait-animalier","10":"product_tag-spiritualite-croix-anges","11":"product_tag-twill-soie","12":"pa_carte-postale-soie-paysage","14":"first","15":"instock","16":"purchasable","17":"product-type-simple"},"_links":{"self":[{"href":"https:\/\/art-bijoux.com\/en\/wp-json\/wp\/v2\/product\/4301","targetHints":{"allow":["GET"]}}],"collection":[{"href":"https:\/\/art-bijoux.com\/en\/wp-json\/wp\/v2\/product"}],"about":[{"href":"https:\/\/art-bijoux.com\/en\/wp-json\/wp\/v2\/types\/product"}],"replies":[{"embeddable":true,"href":"https:\/\/art-bijoux.com\/en\/wp-json\/wp\/v2\/comments?post=4301"}],"version-history":[{"count":0,"href":"https:\/\/art-bijoux.com\/en\/wp-json\/wp\/v2\/product\/4301\/revisions"}],"wp:featuredmedia":[{"embeddable":true,"href":"https:\/\/art-bijoux.com\/en\/wp-json\/wp\/v2\/media\/4302"}],"wp:attachment":[{"href":"https:\/\/art-bijoux.com\/en\/wp-json\/wp\/v2\/media?parent=4301"}],"wp:term":[{"taxonomy":"product_brand","embeddable":true,"href":"https:\/\/art-bijoux.com\/en\/wp-json\/wp\/v2\/product_brand?post=4301"},{"taxonomy":"product_cat","embeddable":true,"href":"https:\/\/art-bijoux.com\/en\/wp-json\/wp\/v2\/product_cat?post=4301"},{"taxonomy":"product_tag","embeddable":true,"href":"https:\/\/art-bijoux.com\/en\/wp-json\/wp\/v2\/product_tag?post=4301"}],"curies":[{"name":"wp","href":"https:\/\/api.w.org\/{rel}","templated":true}]}}