{"id":4305,"date":"2025-02-01T13:05:30","date_gmt":"2025-02-01T12:05:30","guid":{"rendered":"https:\/\/art-bijoux.com\/?post_type=product&#038;p=4305"},"modified":"2025-05-26T01:00:01","modified_gmt":"2025-05-25T23:00:01","slug":"sac-vegan-jute-upcycling","status":"publish","type":"product","link":"https:\/\/art-bijoux.com\/en\/boutique\/sac-vegan-jute-upcycling\/","title":{"rendered":"\u00c9thique, Vegan &#038; Color\u00e9 &#8211; Un Nouveau Look pour un Sac \u00e0 Patates"},"content":{"rendered":"<figure id=\"attachment_4306\" aria-describedby=\"caption-attachment-4306\" style=\"width: 197px\" class=\"wp-caption alignleft\"><img fetchpriority=\"high\" decoding=\"async\" class=\"size-medium wp-image-4306\" src=\"https:\/\/art-bijoux.com\/wp-content\/uploads\/2025\/02\/Sac-a-patates-197x300.jpg\" alt=\"Sac \u00e0 main vegan en toile de jute et tissus 100% recycl\u00e9s\" width=\"197\" height=\"300\" srcset=\"https:\/\/art-bijoux.com\/wp-content\/uploads\/2025\/02\/Sac-a-patates-197x300.jpg 197w, https:\/\/art-bijoux.com\/wp-content\/uploads\/2025\/02\/Sac-a-patates-671x1024.jpg 671w, https:\/\/art-bijoux.com\/wp-content\/uploads\/2025\/02\/Sac-a-patates-768x1172.jpg 768w, https:\/\/art-bijoux.com\/wp-content\/uploads\/2025\/02\/Sac-a-patates-600x916.jpg 600w, https:\/\/art-bijoux.com\/wp-content\/uploads\/2025\/02\/Sac-a-patates.jpg 983w\" sizes=\"(max-width: 197px) 100vw, 197px\" \/><figcaption id=\"caption-attachment-4306\" class=\"wp-caption-text\">Sac \u00e0 main vegan en toile de jute et tissus 100% recycl\u00e9s<\/figcaption><\/figure>\n<p>Ce sac \u00e0 main unique est un v\u00e9ritable hommage \u00e0 l\u2019upcycling et \u00e0 la cr\u00e9ativit\u00e9 ! Fabriqu\u00e9 \u00e0 partir d\u2019un sac \u00e0 patates en toile de jute, il a \u00e9t\u00e9 transform\u00e9 avec soin pour devenir un accessoire unique, \u00e0 la fois robuste, \u00e9thique et original.<\/p>\n<p>\ud83d\udccf <strong>Dimensions<\/strong> : 32 cm de haut x 22 cm de large<br \/>\n\u267b <strong>Mat\u00e9riaux 100% recycl\u00e9s<\/strong> : la toile de jute, les rubans, les ficelles, le tissus de la doublure et de la poche, le fil \u00e0 coudre\u2026 tout provient de la r\u00e9cup\u00e9ration (et les patates du jardin&#8230; mais elles ne sont pas en vente ici !).<\/p>\n<p>\ud83d\udd39 <strong>Un design unique et color\u00e9<\/strong> :<\/p>\n<ul>\n<li>Un tissage de rubans et de ficelles apporte une touche vive et originale \u00e0 la grille initialement situ\u00e9e \u00e0 l\u2019avant.<\/li>\n<li>Les liens rouges d\u2019origine permettent de fermer le sac en toute simplicit\u00e9 et composent les 2 anses pour le tenir.<\/li>\n<li>Une <strong>poche int\u00e9rieure<\/strong> cousue\u00a0 permet de ranger une carte ou de petits objets essentiels.<\/li>\n<li>Les c\u00f4t\u00e9s ont \u00e9t\u00e9 renforc\u00e9s pour une meilleure tenue et durabilit\u00e9.<\/li>\n<\/ul>\n<p>\ud83c\udf31 <strong>Un sac \u00e9co-responsable, vegan et pratique<\/strong>, id\u00e9al pour transporter l\u2019essentiel tout en affichant un style unique et engag\u00e9.<\/p>\n","protected":false},"excerpt":{"rendered":"<p>Un sac \u00e0 patates en toile de jute enti\u00e8rement relook\u00e9 en sac \u00e0 main. 100% recycl\u00e9s, tous les mat\u00e9riaux proviennent de la r\u00e9cup\u00e9ration : sac, galons, rubans.<\/p>\n","protected":false},"featured_media":4306,"comment_status":"open","ping_status":"closed","template":"","meta":[],"product_brand":[],"product_cat":[281],"product_tag":[],"class_list":{"0":"post-4305","1":"product","2":"type-product","3":"status-publish","4":"has-post-thumbnail","6":"product_cat-sac-bag-upcycling","8":"first","9":"instock","10":"purchasable","11":"product-type-simple"},"_links":{"self":[{"href":"https:\/\/art-bijoux.com\/en\/wp-json\/wp\/v2\/product\/4305","targetHints":{"allow":["GET"]}}],"collection":[{"href":"https:\/\/art-bijoux.com\/en\/wp-json\/wp\/v2\/product"}],"about":[{"href":"https:\/\/art-bijoux.com\/en\/wp-json\/wp\/v2\/types\/product"}],"replies":[{"embeddable":true,"href":"https:\/\/art-bijoux.com\/en\/wp-json\/wp\/v2\/comments?post=4305"}],"version-history":[{"count":0,"href":"https:\/\/art-bijoux.com\/en\/wp-json\/wp\/v2\/product\/4305\/revisions"}],"wp:featuredmedia":[{"embeddable":true,"href":"https:\/\/art-bijoux.com\/en\/wp-json\/wp\/v2\/media\/4306"}],"wp:attachment":[{"href":"https:\/\/art-bijoux.com\/en\/wp-json\/wp\/v2\/media?parent=4305"}],"wp:term":[{"taxonomy":"product_brand","embeddable":true,"href":"https:\/\/art-bijoux.com\/en\/wp-json\/wp\/v2\/product_brand?post=4305"},{"taxonomy":"product_cat","embeddable":true,"href":"https:\/\/art-bijoux.com\/en\/wp-json\/wp\/v2\/product_cat?post=4305"},{"taxonomy":"product_tag","embeddable":true,"href":"https:\/\/art-bijoux.com\/en\/wp-json\/wp\/v2\/product_tag?post=4305"}],"curies":[{"name":"wp","href":"https:\/\/api.w.org\/{rel}","templated":true}]}}