{"id":4336,"date":"2025-02-04T14:02:04","date_gmt":"2025-02-04T13:02:04","guid":{"rendered":"https:\/\/art-bijoux.com\/?post_type=product&#038;p=4336"},"modified":"2025-05-26T01:00:01","modified_gmt":"2025-05-25T23:00:01","slug":"sac-recyclage-crochet-mauve","status":"publish","type":"product","link":"https:\/\/art-bijoux.com\/en\/boutique\/sac-recyclage-crochet-mauve\/","title":{"rendered":"Sac en crochet mauve doubl\u00e9, breloque hibou \u2013 80 % recycl\u00e9, 100 % unique"},"content":{"rendered":"<figure id=\"attachment_4339\" aria-describedby=\"caption-attachment-4339\" style=\"width: 300px\" class=\"wp-caption alignnone\"><img fetchpriority=\"high\" decoding=\"async\" class=\"size-medium wp-image-4339\" src=\"https:\/\/art-bijoux.com\/wp-content\/uploads\/2025\/02\/DSC00498-300x225.jpg\" alt=\"Mini sac fleurs et chouettes\" width=\"300\" height=\"225\" srcset=\"https:\/\/art-bijoux.com\/wp-content\/uploads\/2025\/02\/DSC00498-300x225.jpg 300w, https:\/\/art-bijoux.com\/wp-content\/uploads\/2025\/02\/DSC00498-1024x768.jpg 1024w, https:\/\/art-bijoux.com\/wp-content\/uploads\/2025\/02\/DSC00498-768x576.jpg 768w, https:\/\/art-bijoux.com\/wp-content\/uploads\/2025\/02\/DSC00498-1536x1152.jpg 1536w, https:\/\/art-bijoux.com\/wp-content\/uploads\/2025\/02\/DSC00498-2048x1536.jpg 2048w, https:\/\/art-bijoux.com\/wp-content\/uploads\/2025\/02\/DSC00498-600x450.jpg 600w\" sizes=\"(max-width: 300px) 100vw, 300px\" \/><figcaption id=\"caption-attachment-4339\" class=\"wp-caption-text\">Mini sac fleurs et chouettes<\/figcaption><\/figure>\n<p>Ce mini sac, con\u00e7u avec 80 % de mat\u00e9riaux recycl\u00e9s (fil \u00e0 tricoter, tissus, fil \u00e0 coudre, cha\u00eenette&#8230;), allie originalit\u00e9 et engagement \u00e9cologique. <strong>Crochet\u00e9 \u00e0 la main dans un joli mauve fonc\u00e9, <\/strong>il est enti\u00e8rement doubl\u00e9 d&#8217;un patchwork de tissus\u00a0 qui redescend en rabat sur la partie sup\u00e9rieure et est orn\u00e9 de 3 fleurs diff\u00e9rentes crochet\u00e9es dans un cama\u00efeu de mauve et rose.<strong><br \/>\n<\/strong><\/p>\n<p>Ses 2 cha\u00eenettes qui servent d&#8217;anses, de 42 cm de longueur, partiellement crochet\u00e9e pour plus de confort, permettent de le porter dans le creux du bras. \u00c0 l&#8217;int\u00e9rieur, une pochette pratique permet de ranger une carte d&#8217;identit\u00e9 ou une carte bancaire. Le sac se ferme gr\u00e2ce \u00e0 une fermeture \u00e9clair, elle aussi r\u00e9cup\u00e9r\u00e9e sur un v\u00eatement, apportant une touche vintage. Une magnifiques breloque en pierre bleue et m\u00e9tal argent\u00e9, en forme de chouette au regard expressif, vient compl\u00e9ter son originalit\u00e9.<\/p>\n<p>Pratique et raffin\u00e9, il repose sur <strong>quatre pieds m\u00e9talliques qui prot\u00e8gent sa base<\/strong> . Ses dimensions de <strong>18 x 19 x 5,5 cm \u00e9vitent de se faire mal au dos en portant un gros sac. Il est id\u00e9al pour ranger un petit t\u00e9l\u00e9phone et ses cartes.<br \/>\n<\/strong><\/p>\n","protected":false},"excerpt":{"rendered":"<p>Mini sac, r\u00e9alis\u00e9 \u00e0 la main avec une majorit\u00e9 de mat\u00e9riaux recycl\u00e9s, permet de ranger avec \u00e9l\u00e9gance son t\u00e9l\u00e9phone portable et ses cartes.<\/p>\n","protected":false},"featured_media":4339,"comment_status":"open","ping_status":"closed","template":"","meta":[],"product_brand":[],"product_cat":[281,24],"product_tag":[29],"class_list":{"0":"post-4336","1":"product","2":"type-product","3":"status-publish","4":"has-post-thumbnail","6":"product_cat-sac-bag-upcycling","7":"product_cat-diversite-oeuvres-art","8":"product_tag-breloque-metal-pierre","10":"first","11":"instock","12":"purchasable","13":"product-type-simple"},"_links":{"self":[{"href":"https:\/\/art-bijoux.com\/en\/wp-json\/wp\/v2\/product\/4336","targetHints":{"allow":["GET"]}}],"collection":[{"href":"https:\/\/art-bijoux.com\/en\/wp-json\/wp\/v2\/product"}],"about":[{"href":"https:\/\/art-bijoux.com\/en\/wp-json\/wp\/v2\/types\/product"}],"replies":[{"embeddable":true,"href":"https:\/\/art-bijoux.com\/en\/wp-json\/wp\/v2\/comments?post=4336"}],"version-history":[{"count":0,"href":"https:\/\/art-bijoux.com\/en\/wp-json\/wp\/v2\/product\/4336\/revisions"}],"wp:featuredmedia":[{"embeddable":true,"href":"https:\/\/art-bijoux.com\/en\/wp-json\/wp\/v2\/media\/4339"}],"wp:attachment":[{"href":"https:\/\/art-bijoux.com\/en\/wp-json\/wp\/v2\/media?parent=4336"}],"wp:term":[{"taxonomy":"product_brand","embeddable":true,"href":"https:\/\/art-bijoux.com\/en\/wp-json\/wp\/v2\/product_brand?post=4336"},{"taxonomy":"product_cat","embeddable":true,"href":"https:\/\/art-bijoux.com\/en\/wp-json\/wp\/v2\/product_cat?post=4336"},{"taxonomy":"product_tag","embeddable":true,"href":"https:\/\/art-bijoux.com\/en\/wp-json\/wp\/v2\/product_tag?post=4336"}],"curies":[{"name":"wp","href":"https:\/\/api.w.org\/{rel}","templated":true}]}}