{"id":4374,"date":"2025-02-15T11:27:03","date_gmt":"2025-02-15T10:27:03","guid":{"rendered":"https:\/\/art-bijoux.com\/?post_type=product&#038;p=4374"},"modified":"2025-02-15T11:49:59","modified_gmt":"2025-02-15T10:49:59","slug":"abat-jour-meduse-verre-flotte","status":"publish","type":"product","link":"https:\/\/art-bijoux.com\/en\/boutique\/abat-jour-meduse-verre-flotte\/","title":{"rendered":"Abat jour M\u00e9duse en verre flott\u00e9 &#8211; \u00c9clats de Verre et Lumi\u00e8re Marine"},"content":{"rendered":"<figure id=\"attachment_4375\" aria-describedby=\"caption-attachment-4375\" style=\"width: 284px\" class=\"wp-caption alignleft\"><img fetchpriority=\"high\" decoding=\"async\" class=\"size-medium wp-image-4375\" src=\"https:\/\/art-bijoux.com\/wp-content\/uploads\/2025\/02\/Meduse-2-284x300.jpg\" alt=\"Abat jour M\u00e9duse en verre flott\u00e9\" width=\"284\" height=\"300\" srcset=\"https:\/\/art-bijoux.com\/wp-content\/uploads\/2025\/02\/Meduse-2-284x300.jpg 284w, https:\/\/art-bijoux.com\/wp-content\/uploads\/2025\/02\/Meduse-2-971x1024.jpg 971w, https:\/\/art-bijoux.com\/wp-content\/uploads\/2025\/02\/Meduse-2-768x810.jpg 768w, https:\/\/art-bijoux.com\/wp-content\/uploads\/2025\/02\/Meduse-2-600x633.jpg 600w, https:\/\/art-bijoux.com\/wp-content\/uploads\/2025\/02\/Meduse-2.jpg 1080w\" sizes=\"(max-width: 284px) 100vw, 284px\" \/><figcaption id=\"caption-attachment-4375\" class=\"wp-caption-text\">Abat jour M\u00e9duse en verre flott\u00e9<\/figcaption><\/figure>\n<p data-start=\"161\" data-end=\"460\">Ce luminaire hors du commun est une pi\u00e8ce unique, enti\u00e8rement r\u00e9alis\u00e9e \u00e0 partir de verre flott\u00e9, patiemment r\u00e9cup\u00e9r\u00e9 sur les plages du D\u00e9barquement en Normandie. L\u00e0 o\u00f9 certains laissent leurs traces sous forme de d\u00e9chets, d&#8217;autres redonnent vie aux fragments de verre polis par le temps et la mer.<\/p>\n<p data-start=\"462\" data-end=\"820\">Environ <strong data-start=\"470\" data-end=\"502\">150 morceaux de verre flott\u00e9<\/strong> aux teintes douces et naturelles ont \u00e9t\u00e9 soigneusement choisis, puis sertis de cuivre et soud\u00e9s selon la technique Tiffany. Assembl\u00e9s sur un moule en polystyr\u00e8ne, ils forment une <strong data-start=\"718\" data-end=\"738\">m\u00e9duse lumineuse<\/strong> , dont la transparence et les irr\u00e9gularit\u00e9s captent la lumi\u00e8re avec d\u00e9licatesse.<\/p>\n<p data-start=\"822\" data-end=\"1120\">Les <strong data-start=\"826\" data-end=\"851\">tentacules ondulantes<\/strong> , r\u00e9alis\u00e9es en verre galb\u00e9 et renforc\u00e9es par un fil m\u00e9tallique, semblent flotter et danser sous l&#8217;effet du moindre souffle de vent.<\/p>\n<p data-start=\"1122\" data-end=\"1319\">J&#8217;ai consacr\u00e9 <strong data-start=\"1136\" data-end=\"1158\">plus de 300 heures<\/strong> \u00e0 la r\u00e9alisation de cette lampe, pos\u00e9e sur un pied tactile qui diffuse 3 intensit\u00e9s de lumi\u00e8re et que l&#8217;on commande en touchant simplement le pied argent\u00e9.<\/p>\n<p data-start=\"1321\" data-end=\"1493\">Un luminaire po\u00e9tique et \u00e9coresponsable, qui m\u00eale recyclage et artisanat pour offrir un jeu d&#8217;ombres et de lumi\u00e8res unique, comme un fragment d&#8217;oc\u00e9an suspendu dans l&#8217;air.<\/p>\n<p>&nbsp;<\/p>\n","protected":false},"excerpt":{"rendered":"<p>Un abat-jour unique en verre flott\u00e9 r\u00e9cup\u00e9r\u00e9 sur les plages du D\u00e9barquement de Normandie. Plus de 150 pi\u00e8ces ont \u00e9t\u00e9 r\u00e9cup\u00e9r\u00e9es et assembl\u00e9es.<\/p>\n","protected":false},"featured_media":4375,"comment_status":"open","ping_status":"closed","template":"","meta":[],"product_brand":[],"product_cat":[282,24],"product_tag":[52,40,27],"class_list":{"0":"post-4374","1":"product","2":"type-product","3":"status-publish","4":"has-post-thumbnail","6":"product_cat-abatjour-verre-soie","7":"product_cat-diversite-oeuvres-art","8":"product_tag-portrait-animal","9":"product_tag-poisson-breloque-animaux","10":"product_tag-tiffany-verre","12":"first","13":"instock","14":"purchasable","15":"product-type-simple"},"_links":{"self":[{"href":"https:\/\/art-bijoux.com\/en\/wp-json\/wp\/v2\/product\/4374","targetHints":{"allow":["GET"]}}],"collection":[{"href":"https:\/\/art-bijoux.com\/en\/wp-json\/wp\/v2\/product"}],"about":[{"href":"https:\/\/art-bijoux.com\/en\/wp-json\/wp\/v2\/types\/product"}],"replies":[{"embeddable":true,"href":"https:\/\/art-bijoux.com\/en\/wp-json\/wp\/v2\/comments?post=4374"}],"version-history":[{"count":0,"href":"https:\/\/art-bijoux.com\/en\/wp-json\/wp\/v2\/product\/4374\/revisions"}],"wp:featuredmedia":[{"embeddable":true,"href":"https:\/\/art-bijoux.com\/en\/wp-json\/wp\/v2\/media\/4375"}],"wp:attachment":[{"href":"https:\/\/art-bijoux.com\/en\/wp-json\/wp\/v2\/media?parent=4374"}],"wp:term":[{"taxonomy":"product_brand","embeddable":true,"href":"https:\/\/art-bijoux.com\/en\/wp-json\/wp\/v2\/product_brand?post=4374"},{"taxonomy":"product_cat","embeddable":true,"href":"https:\/\/art-bijoux.com\/en\/wp-json\/wp\/v2\/product_cat?post=4374"},{"taxonomy":"product_tag","embeddable":true,"href":"https:\/\/art-bijoux.com\/en\/wp-json\/wp\/v2\/product_tag?post=4374"}],"curies":[{"name":"wp","href":"https:\/\/api.w.org\/{rel}","templated":true}]}}