{"id":4435,"date":"2025-02-15T14:06:47","date_gmt":"2025-02-15T13:06:47","guid":{"rendered":"https:\/\/art-bijoux.com\/?post_type=product&#038;p=4435"},"modified":"2025-02-15T14:06:47","modified_gmt":"2025-02-15T13:06:47","slug":"4435-lanterne-verre-fusing","status":"publish","type":"product","link":"https:\/\/art-bijoux.com\/en\/boutique\/4435-lanterne-verre-fusing\/","title":{"rendered":"Lanterne en Verre Recycl\u00e9 \u2013 \u00c9clats de Bleu"},"content":{"rendered":"<figure id=\"attachment_4427\" aria-describedby=\"caption-attachment-4427\" style=\"width: 225px\" class=\"wp-caption alignleft\"><img fetchpriority=\"high\" decoding=\"async\" class=\"size-medium wp-image-4427\" src=\"https:\/\/art-bijoux.com\/wp-content\/uploads\/2025\/02\/DSC00529-225x300.jpg\" alt=\"Lanterne \u00e9clats bleus 4\" width=\"225\" height=\"300\" srcset=\"https:\/\/art-bijoux.com\/wp-content\/uploads\/2025\/02\/DSC00529-225x300.jpg 225w, https:\/\/art-bijoux.com\/wp-content\/uploads\/2025\/02\/DSC00529-768x1024.jpg 768w, https:\/\/art-bijoux.com\/wp-content\/uploads\/2025\/02\/DSC00529-300x400.jpg 300w, https:\/\/art-bijoux.com\/wp-content\/uploads\/2025\/02\/DSC00529-600x800.jpg 600w, https:\/\/art-bijoux.com\/wp-content\/uploads\/2025\/02\/DSC00529.jpg 1080w\" sizes=\"(max-width: 225px) 100vw, 225px\" \/><figcaption id=\"caption-attachment-4427\" class=\"wp-caption-text\">Lanterne \u00e9clats bleus<\/figcaption><\/figure>\n<p data-start=\"99\" data-end=\"513\">Cette lanterne unique allie l&#8217;\u00e9l\u00e9gance du verre recycl\u00e9 \u00e0 l&#8217;art du vitrail. R\u00e9alis\u00e9e \u00e0 partir de verre transparent, soigneusement r\u00e9cup\u00e9r\u00e9 sur la vitrine d&#8217;une boutique \u00e0 Cosne-sur-Loire, elle est sublim\u00e9e par de longs \u00e9clats de verre bleu, issus d\u2019un grand vitrail repr\u00e9sentant un cheval lusitanien. Lors de la cuisson, le verre transparent s\u2019est d\u00e9licatement d\u00e9poli, diffusant une lumi\u00e8re tamis\u00e9e et apaisante.<\/p>\n<p data-start=\"515\" data-end=\"875\">Mont\u00e9s sur une structure en m\u00e9tal noir, ces \u00e9l\u00e9ments s\u2019unissent pour former un objet \u00e0 la fois esth\u00e9tique et fonctionnel. De forme rectangulaire, cette lanterne (10 cm de section carr\u00e9e, 14 cm de hauteur) abrite un photophore, permettant d\u2019illuminer d\u00e9licatement vos soir\u00e9es avec des reflets bleut\u00e9s, \u00e9voquant la profondeur des oc\u00e9ans et la magie du vitrail.<\/p>\n<p data-start=\"877\" data-end=\"1012\">Un objet artisanal, con\u00e7u avec passion et souci du recyclage, qui apportera une touche d\u2019authenticit\u00e9 et de po\u00e9sie \u00e0 votre int\u00e9rieur.<\/p>\n","protected":false},"excerpt":{"rendered":"<p>Une lanterne en verre r\u00e9cup\u00e9r\u00e9 \u00e0 partir de la vitrine d&#8217;une boutique, sur lequel de longs \u00e9clats bleus, issus du vitrail &#8220;Cheval lusitanien&#8221; ont \u00e9t\u00e9 fondus.<\/p>\n","protected":false},"featured_media":4427,"comment_status":"open","ping_status":"closed","template":"","meta":[],"product_brand":[],"product_cat":[283,24],"product_tag":[36,49],"class_list":{"0":"post-4435","1":"product","2":"type-product","3":"status-publish","4":"has-post-thumbnail","6":"product_cat-lanterne-upcycling-verre-fusing-grisaille","7":"product_cat-diversite-oeuvres-art","8":"product_tag-verre-abstrait","9":"product_tag-fusing-verre","10":"pa_lanternes-moyenne","12":"first","13":"instock","14":"purchasable","15":"product-type-simple"},"_links":{"self":[{"href":"https:\/\/art-bijoux.com\/en\/wp-json\/wp\/v2\/product\/4435","targetHints":{"allow":["GET"]}}],"collection":[{"href":"https:\/\/art-bijoux.com\/en\/wp-json\/wp\/v2\/product"}],"about":[{"href":"https:\/\/art-bijoux.com\/en\/wp-json\/wp\/v2\/types\/product"}],"replies":[{"embeddable":true,"href":"https:\/\/art-bijoux.com\/en\/wp-json\/wp\/v2\/comments?post=4435"}],"version-history":[{"count":0,"href":"https:\/\/art-bijoux.com\/en\/wp-json\/wp\/v2\/product\/4435\/revisions"}],"wp:featuredmedia":[{"embeddable":true,"href":"https:\/\/art-bijoux.com\/en\/wp-json\/wp\/v2\/media\/4427"}],"wp:attachment":[{"href":"https:\/\/art-bijoux.com\/en\/wp-json\/wp\/v2\/media?parent=4435"}],"wp:term":[{"taxonomy":"product_brand","embeddable":true,"href":"https:\/\/art-bijoux.com\/en\/wp-json\/wp\/v2\/product_brand?post=4435"},{"taxonomy":"product_cat","embeddable":true,"href":"https:\/\/art-bijoux.com\/en\/wp-json\/wp\/v2\/product_cat?post=4435"},{"taxonomy":"product_tag","embeddable":true,"href":"https:\/\/art-bijoux.com\/en\/wp-json\/wp\/v2\/product_tag?post=4435"}],"curies":[{"name":"wp","href":"https:\/\/api.w.org\/{rel}","templated":true}]}}