{"id":447,"date":"2024-05-01T14:43:39","date_gmt":"2024-05-01T12:43:39","guid":{"rendered":"https:\/\/art-bijoux.com\/?post_type=product&#038;p=447"},"modified":"2024-12-20T20:48:05","modified_gmt":"2024-12-20T19:48:05","slug":"boucles-oreilles-verre-transparent-fusing","status":"publish","type":"product","link":"https:\/\/art-bijoux.com\/en\/boutique\/boucles-oreilles-verre-transparent-fusing\/","title":{"rendered":"Boucles d&#8217;Oreilles Fusing Rectangles Transparent Rouge, Orange et Blanc &#8211; \u00c9clats de Couleur Vibrants"},"content":{"rendered":"<figure id=\"attachment_435\" aria-describedby=\"caption-attachment-435\" style=\"width: 300px\" class=\"wp-caption alignleft\"><img fetchpriority=\"high\" decoding=\"async\" class=\"size-medium wp-image-435\" src=\"https:\/\/art-bijoux.com\/wp-content\/uploads\/2024\/05\/boucles-orange-blanc-rouge-300x210.webp\" alt=\"2 boucles d'oreille fusing en verre transparent et \u00e9clats\" width=\"300\" height=\"210\" srcset=\"https:\/\/art-bijoux.com\/wp-content\/uploads\/2024\/05\/boucles-orange-blanc-rouge-300x210.webp 300w, https:\/\/art-bijoux.com\/wp-content\/uploads\/2024\/05\/boucles-orange-blanc-rouge-600x419.webp 600w, https:\/\/art-bijoux.com\/wp-content\/uploads\/2024\/05\/boucles-orange-blanc-rouge-1024x716.webp 1024w, https:\/\/art-bijoux.com\/wp-content\/uploads\/2024\/05\/boucles-orange-blanc-rouge-768x537.webp 768w, https:\/\/art-bijoux.com\/wp-content\/uploads\/2024\/05\/boucles-orange-blanc-rouge-1536x1074.webp 1536w, https:\/\/art-bijoux.com\/wp-content\/uploads\/2024\/05\/boucles-orange-blanc-rouge.webp 1920w\" sizes=\"(max-width: 300px) 100vw, 300px\" \/><figcaption id=\"caption-attachment-435\" class=\"wp-caption-text\">Boucles rectangulaire de dimensions diff\u00e9rentes, mais aux tons assortis<\/figcaption><\/figure>\n<p>Ajoutez une touche \u00e9clatante de couleur \u00e0 votre style avec nos boucles d&#8217;oreilles en Fusing, des pi\u00e8ces uniques qui marient habilement l&#8217;art du verre fondu \u00e0 des \u00e9clats de couleurs vives. Ces boucles d&#8217;oreilles captivent par leur design contemporain, mettant en valeur la beaut\u00e9 et la vivacit\u00e9 du verre dans toute sa splendeur.<\/p>\n<p>Chaque boucle d&#8217;oreille se compose d&#8217;un rectangle de verre transparent qui laissera apparaitre les couleurs des vos v\u00eatements, de tailles diff\u00e9rentes. Les \u00e9clats ont \u00e9t\u00e9 soigneusement s\u00e9lectionn\u00e9s parmi les chutes de verre de qualit\u00e9 &#8220;nouvel antique&#8221; afin de cr\u00e9er un contraste visuel saisissant. Sem\u00e9s sur chaque rectangle, des \u00e9clats de verre rouge, orange et blanc sont fondus au four, cr\u00e9ant des motifs organiques et dynamiques qui captent la lumi\u00e8re avec \u00e9clat.<\/p>\n<p>La fusion des couleurs cr\u00e9e une palette vibrante et dynamique, ajoutant une touche de sophistication et de modernit\u00e9 \u00e0 votre look. Ces boucles d&#8217;oreilles sont parfaites pour apporter une touche de couleur audacieuse \u00e0 n&#8217;importe quelle tenue, du quotidien aux occasions sp\u00e9ciales.<\/p>\n<p>Mont\u00e9es sur une b\u00e9li\u00e8re cuivr\u00e9e coll\u00e9e \u00e0 l&#8217;arri\u00e8re, ces boucles d&#8217;oreilles sont dot\u00e9es d&#8217;une fixation argent\u00e9e pour oreilles perc\u00e9es, assurant un maintien confortable tout au long de la journ\u00e9e. Leur artisanat impeccable et leur design contemporain en font un choix parfait pour celles et ceux qui recherchent des bijoux uniques et \u00e9l\u00e9gants.<\/p>\n<p><strong>Caract\u00e9ristiques :<\/strong><\/p>\n<ul>\n<li>Mat\u00e9riau : Verre transparent, \u00e9clats de verre rouge, orange et blanc, m\u00e9tal cuivr\u00e9 et argent\u00e9, colle<\/li>\n<li>Forme : Rectangles de tailles diff\u00e9rentes<\/li>\n<li>Style : Moderne, color\u00e9, dynamique<\/li>\n<\/ul>\n<p>Laissez-vous s\u00e9duire par la beaut\u00e9 et la vivacit\u00e9 de nos boucles d&#8217;oreilles en Fusing, et ajoutez une touche de couleur audacieuse \u00e0 votre style. Commandez d\u00e8s maintenant et laissez-vous inspirer par l&#8217;art du verre fondu.<\/p>\n<p>Les \u00e9clats proviennent des vitraux <img decoding=\"async\" class=\"alignleft size-medium wp-image-449\" src=\"https:\/\/art-bijoux.com\/wp-content\/uploads\/2024\/05\/Dessus-porte-300x121.webp\" alt=\"\" width=\"300\" height=\"121\" srcset=\"https:\/\/art-bijoux.com\/wp-content\/uploads\/2024\/05\/Dessus-porte-300x121.webp 300w, https:\/\/art-bijoux.com\/wp-content\/uploads\/2024\/05\/Dessus-porte-600x242.webp 600w, https:\/\/art-bijoux.com\/wp-content\/uploads\/2024\/05\/Dessus-porte-768x309.webp 768w, https:\/\/art-bijoux.com\/wp-content\/uploads\/2024\/05\/Dessus-porte.webp 800w\" sizes=\"(max-width: 300px) 100vw, 300px\" \/>en forme de &#8220;Pointes de diamant&#8221; d&#8217;un imposte de porte<\/p>\n","protected":false},"excerpt":{"rendered":"<p>Deux boucles d&#8217;oreilles fond transparent et \u00e9clats color\u00e9s<\/p>\n","protected":false},"featured_media":435,"comment_status":"open","ping_status":"closed","template":"","meta":[],"product_brand":[],"product_cat":[50],"product_tag":[36,84,49],"class_list":{"0":"post-447","1":"product","2":"type-product","3":"status-publish","4":"has-post-thumbnail","6":"product_cat-boucle-doreille-fusing","7":"product_tag-verre-abstrait","8":"product_tag-boucle-oreille","9":"product_tag-fusing-verre","10":"pa_bijou-boucle-oreille","11":"pa_vitrail-tiffany","13":"first","14":"outofstock","15":"purchasable","16":"product-type-simple"},"_links":{"self":[{"href":"https:\/\/art-bijoux.com\/en\/wp-json\/wp\/v2\/product\/447","targetHints":{"allow":["GET"]}}],"collection":[{"href":"https:\/\/art-bijoux.com\/en\/wp-json\/wp\/v2\/product"}],"about":[{"href":"https:\/\/art-bijoux.com\/en\/wp-json\/wp\/v2\/types\/product"}],"replies":[{"embeddable":true,"href":"https:\/\/art-bijoux.com\/en\/wp-json\/wp\/v2\/comments?post=447"}],"version-history":[{"count":1,"href":"https:\/\/art-bijoux.com\/en\/wp-json\/wp\/v2\/product\/447\/revisions"}],"predecessor-version":[{"id":448,"href":"https:\/\/art-bijoux.com\/en\/wp-json\/wp\/v2\/product\/447\/revisions\/448"}],"wp:featuredmedia":[{"embeddable":true,"href":"https:\/\/art-bijoux.com\/en\/wp-json\/wp\/v2\/media\/435"}],"wp:attachment":[{"href":"https:\/\/art-bijoux.com\/en\/wp-json\/wp\/v2\/media?parent=447"}],"wp:term":[{"taxonomy":"product_brand","embeddable":true,"href":"https:\/\/art-bijoux.com\/en\/wp-json\/wp\/v2\/product_brand?post=447"},{"taxonomy":"product_cat","embeddable":true,"href":"https:\/\/art-bijoux.com\/en\/wp-json\/wp\/v2\/product_cat?post=447"},{"taxonomy":"product_tag","embeddable":true,"href":"https:\/\/art-bijoux.com\/en\/wp-json\/wp\/v2\/product_tag?post=447"}],"curies":[{"name":"wp","href":"https:\/\/api.w.org\/{rel}","templated":true}]}}