{"id":4476,"date":"2025-02-15T15:04:29","date_gmt":"2025-02-15T14:04:29","guid":{"rendered":"https:\/\/art-bijoux.com\/?post_type=product&#038;p=4476"},"modified":"2025-02-19T10:41:19","modified_gmt":"2025-02-19T09:41:19","slug":"lanterne-vert-verre-grisaille","status":"publish","type":"product","link":"https:\/\/art-bijoux.com\/en\/boutique\/lanterne-vert-verre-grisaille\/","title":{"rendered":"Lanterne verte et Nuancier brun de Verre Antique Souffl\u00e9 \u00e0 la bouche et peint \u00e0 la main"},"content":{"rendered":"<figure id=\"attachment_4477\" aria-describedby=\"caption-attachment-4477\" style=\"width: 225px\" class=\"wp-caption alignleft\"><img fetchpriority=\"high\" decoding=\"async\" class=\"size-medium wp-image-4477\" src=\"https:\/\/art-bijoux.com\/wp-content\/uploads\/2025\/02\/DSC00535-225x300.jpg\" alt=\"Lanterne verte, nuancier de grisaille bruns\" width=\"225\" height=\"300\" srcset=\"https:\/\/art-bijoux.com\/wp-content\/uploads\/2025\/02\/DSC00535-225x300.jpg 225w, https:\/\/art-bijoux.com\/wp-content\/uploads\/2025\/02\/DSC00535-768x1024.jpg 768w, https:\/\/art-bijoux.com\/wp-content\/uploads\/2025\/02\/DSC00535-300x400.jpg 300w, https:\/\/art-bijoux.com\/wp-content\/uploads\/2025\/02\/DSC00535-600x800.jpg 600w, https:\/\/art-bijoux.com\/wp-content\/uploads\/2025\/02\/DSC00535.jpg 1080w\" sizes=\"(max-width: 225px) 100vw, 225px\" \/><figcaption id=\"caption-attachment-4477\" class=\"wp-caption-text\">Lanterne verte, nuancier de grisaille bruns<\/figcaption><\/figure>\n<p data-start=\"98\" data-end=\"411\">Cette lanterne allie l&#8217;\u00e9l\u00e9gance du verre antique souffl\u00e9 \u00e0 la bouche et peint \u00e0 la main, au le charme du m\u00e9tal embouti. De petite taille (16 cm de hauteur, base circulaire de 10 cm de diam\u00e8tre), elle repose sur une structure en m\u00e9tal vert finement d\u00e9cor\u00e9e de motifs \u00e9toil\u00e9s, projetant des ombres f\u00e9\u00e9riques dans la lumi\u00e8re.<\/p>\n<p data-start=\"413\" data-end=\"800\">Sa particularit\u00e9 r\u00e9side dans ses six panneaux en verre exceptionnel : chaque pan a \u00e9t\u00e9 d\u00e9coup\u00e9 dans un verre antique de plusieurs couleurs, souffl\u00e9 \u00e0 la bouche, qui servait de nuancier dans les tons bruns, les plus utilis\u00e9s en restauration, pour des r\u00e9alisations \u00e0 la grisaille sur verre. Ce verre a \u00e9t\u00e9 r\u00e9cup\u00e9r\u00e9, soigneusement retaill\u00e9 et int\u00e9gr\u00e9 \u00e0 cette lanterne, lui offrant une seconde vie empreinte de po\u00e9sie et d\u2019histoire.<\/p>\n<p data-start=\"802\" data-end=\"1080\">Un photophore \u00e0 l\u2019int\u00e9rieur permet de sublimer les jeux de lumi\u00e8re, laissant passer la lumi\u00e8re \u00e0 travers les interstices de la grisaille. Une pi\u00e8ce rare et raffin\u00e9e, o\u00f9 l\u2019art du vitrail et du recyclage se rencontrent pour illuminer votre int\u00e9rieur avec douceur et caract\u00e8re.<\/p>\n","protected":false},"excerpt":{"rendered":"<p>Lanterne unique, verte, en verre antique de plusieurs couleurs de brun servant de nuancier pour choisir des grisailles, souffl\u00e9 \u00e0 la bouche.<\/p>\n","protected":false},"featured_media":4479,"comment_status":"open","ping_status":"closed","template":"","meta":[],"product_brand":[],"product_cat":[283,24],"product_tag":[223],"class_list":{"0":"post-4476","1":"product","2":"type-product","3":"status-publish","4":"has-post-thumbnail","6":"product_cat-lanterne-upcycling-verre-fusing-grisaille","7":"product_cat-diversite-oeuvres-art","8":"product_tag-paysage-rural","9":"pa_lanternes-petite","11":"first","12":"instock","13":"purchasable","14":"product-type-simple"},"_links":{"self":[{"href":"https:\/\/art-bijoux.com\/en\/wp-json\/wp\/v2\/product\/4476","targetHints":{"allow":["GET"]}}],"collection":[{"href":"https:\/\/art-bijoux.com\/en\/wp-json\/wp\/v2\/product"}],"about":[{"href":"https:\/\/art-bijoux.com\/en\/wp-json\/wp\/v2\/types\/product"}],"replies":[{"embeddable":true,"href":"https:\/\/art-bijoux.com\/en\/wp-json\/wp\/v2\/comments?post=4476"}],"version-history":[{"count":0,"href":"https:\/\/art-bijoux.com\/en\/wp-json\/wp\/v2\/product\/4476\/revisions"}],"wp:featuredmedia":[{"embeddable":true,"href":"https:\/\/art-bijoux.com\/en\/wp-json\/wp\/v2\/media\/4479"}],"wp:attachment":[{"href":"https:\/\/art-bijoux.com\/en\/wp-json\/wp\/v2\/media?parent=4476"}],"wp:term":[{"taxonomy":"product_brand","embeddable":true,"href":"https:\/\/art-bijoux.com\/en\/wp-json\/wp\/v2\/product_brand?post=4476"},{"taxonomy":"product_cat","embeddable":true,"href":"https:\/\/art-bijoux.com\/en\/wp-json\/wp\/v2\/product_cat?post=4476"},{"taxonomy":"product_tag","embeddable":true,"href":"https:\/\/art-bijoux.com\/en\/wp-json\/wp\/v2\/product_tag?post=4476"}],"curies":[{"name":"wp","href":"https:\/\/api.w.org\/{rel}","templated":true}]}}