{"id":4502,"date":"2025-02-22T16:21:08","date_gmt":"2025-02-22T15:21:08","guid":{"rendered":"https:\/\/art-bijoux.com\/?post_type=product&#038;p=4502"},"modified":"2026-04-15T10:30:21","modified_gmt":"2026-04-15T08:30:21","slug":"4502-vitrail-upcycling-libellule","status":"publish","type":"product","link":"https:\/\/art-bijoux.com\/en\/boutique\/4502-vitrail-upcycling-libellule\/","title":{"rendered":"Vitrail Tondo &#8220;Libellule des Mar\u00e9es&#8221;"},"content":{"rendered":"<p data-start=\"93\" data-end=\"317\">\n<figure id=\"attachment_4503\" aria-describedby=\"caption-attachment-4503\" style=\"width: 300px\" class=\"wp-caption alignleft\"><img fetchpriority=\"high\" decoding=\"async\" class=\"size-medium wp-image-4503\" src=\"https:\/\/art-bijoux.com\/wp-content\/uploads\/2025\/02\/Libellule-finie-300x262.jpg\" alt=\"Libellule, ardoise, verre flott\u00e9 et r\u00e9cup\u00e9r\u00e9\" width=\"300\" height=\"262\" srcset=\"https:\/\/art-bijoux.com\/wp-content\/uploads\/2025\/02\/Libellule-finie-300x262.jpg 300w, https:\/\/art-bijoux.com\/wp-content\/uploads\/2025\/02\/Libellule-finie-1024x894.jpg 1024w, https:\/\/art-bijoux.com\/wp-content\/uploads\/2025\/02\/Libellule-finie-768x671.jpg 768w, https:\/\/art-bijoux.com\/wp-content\/uploads\/2025\/02\/Libellule-finie-600x524.jpg 600w, https:\/\/art-bijoux.com\/wp-content\/uploads\/2025\/02\/Libellule-finie.jpg 1237w\" sizes=\"(max-width: 300px) 100vw, 300px\" \/><figcaption id=\"caption-attachment-4503\" class=\"wp-caption-text\">Libellule, ardoise, verre flott\u00e9 et r\u00e9cup\u00e9r\u00e9<\/figcaption><\/figure>\n<p data-start=\"93\" data-end=\"317\">Ce vitrail, unique en son genre, d&#8217;un diam\u00e8tre de 30 cm, capture la gr\u00e2ce a\u00e9rienne d&#8217;une libellule aux ailes d\u00e9ploy\u00e9es. Son originalit\u00e9 r\u00e9side dans les mat\u00e9riaux exceptionnels qui le composent, chacun portant une histoire :<\/p>\n<ul data-start=\"319\" data-end=\"750\">\n<li data-start=\"319\" data-end=\"477\"><strong data-start=\"321\" data-end=\"355\">Goulots de bouteilles en verre<\/strong>, polis par la mer et r\u00e9cup\u00e9r\u00e9s sur les plages du D\u00e9barquement en Normandie, apportent une texture brute et authentique.<\/li>\n<li data-start=\"478\" data-end=\"604\"><strong data-start=\"480\" data-end=\"500\">Verre cath\u00e9drale<\/strong>, issu d&#8217;une ancienne vitrine d&#8217;une boutique de Cosne-sur-Loire, diffuse une lumi\u00e8re douce et diffuse.<\/li>\n<li data-start=\"605\" data-end=\"750\"><strong data-start=\"607\" data-end=\"630\">Les Ardoises de Tr\u00e9laz\u00e9<\/strong> , patiemment ramass\u00e9es sur le site des anciennes ardoisi\u00e8res pr\u00e8s d&#8217;Angers, ajoutent une profondeur min\u00e9rale au d\u00e9cor.<\/li>\n<\/ul>\n<p data-start=\"752\" data-end=\"1162\">Assembl\u00e9 selon la technique du vitrail Tiffany, chaque \u00e9l\u00e9ment a \u00e9t\u00e9 soigneusement d\u00e9coup\u00e9, serti de cuivre et soud\u00e9 \u00e0 l&#8217;\u00e9tain. Ce tondo (\u0153uvre circulaire) est une v\u00e9ritable \u0153uvre d&#8217;art, o\u00f9 le recyclage rencontre le savoir-faire artisanal pour offrir une seconde vie aux mat\u00e9riaux oubli\u00e9s. Une pi\u00e8ce unique, empreinte d&#8217;histoire et de po\u00e9sie, qui capte la lumi\u00e8re pour la transformer en \u00e9clats de couleurs et de souvenirs.<\/p>\n","protected":false},"excerpt":{"rendered":"<p>Vitrail circulaire repr\u00e9sentant une libellule, r\u00e9alis\u00e9 avec des ardoises ramass\u00e9es, du verre flott\u00e9 des plages du D\u00e9barquement et du verre \u00e0 vitres cass\u00e9.<\/p>\n","protected":false},"featured_media":4503,"comment_status":"open","ping_status":"closed","template":"","meta":[],"product_brand":[],"product_cat":[24,285],"product_tag":[52,27],"class_list":{"0":"post-4502","1":"product","2":"type-product","3":"status-publish","4":"has-post-thumbnail","6":"product_cat-diversite-oeuvres-art","7":"product_cat-vitrail-stainedglass","8":"product_tag-portrait-animal","9":"product_tag-tiffany-verre","10":"pa_vitrail-animal","11":"pa_vitrail-tiffany","13":"first","14":"outofstock","15":"taxable","16":"shipping-taxable","17":"purchasable","18":"product-type-simple"},"_links":{"self":[{"href":"https:\/\/art-bijoux.com\/en\/wp-json\/wp\/v2\/product\/4502","targetHints":{"allow":["GET"]}}],"collection":[{"href":"https:\/\/art-bijoux.com\/en\/wp-json\/wp\/v2\/product"}],"about":[{"href":"https:\/\/art-bijoux.com\/en\/wp-json\/wp\/v2\/types\/product"}],"replies":[{"embeddable":true,"href":"https:\/\/art-bijoux.com\/en\/wp-json\/wp\/v2\/comments?post=4502"}],"version-history":[{"count":1,"href":"https:\/\/art-bijoux.com\/en\/wp-json\/wp\/v2\/product\/4502\/revisions"}],"predecessor-version":[{"id":6441,"href":"https:\/\/art-bijoux.com\/en\/wp-json\/wp\/v2\/product\/4502\/revisions\/6441"}],"wp:featuredmedia":[{"embeddable":true,"href":"https:\/\/art-bijoux.com\/en\/wp-json\/wp\/v2\/media\/4503"}],"wp:attachment":[{"href":"https:\/\/art-bijoux.com\/en\/wp-json\/wp\/v2\/media?parent=4502"}],"wp:term":[{"taxonomy":"product_brand","embeddable":true,"href":"https:\/\/art-bijoux.com\/en\/wp-json\/wp\/v2\/product_brand?post=4502"},{"taxonomy":"product_cat","embeddable":true,"href":"https:\/\/art-bijoux.com\/en\/wp-json\/wp\/v2\/product_cat?post=4502"},{"taxonomy":"product_tag","embeddable":true,"href":"https:\/\/art-bijoux.com\/en\/wp-json\/wp\/v2\/product_tag?post=4502"}],"curies":[{"name":"wp","href":"https:\/\/api.w.org\/{rel}","templated":true}]}}