{"id":455,"date":"2024-05-01T15:32:42","date_gmt":"2024-05-01T13:32:42","guid":{"rendered":"https:\/\/art-bijoux.com\/?post_type=product&#038;p=455"},"modified":"2025-09-25T10:03:25","modified_gmt":"2025-09-25T08:03:25","slug":"boucle-oreille-verre-grenat","status":"publish","type":"product","link":"https:\/\/art-bijoux.com\/en\/boutique\/boucle-oreille-verre-grenat\/","title":{"rendered":"Boucles d&#8217;Oreilles Lame Rouge Intense et grenat sur Verre Transparent &#8211; \u00c9clat Audacieux"},"content":{"rendered":"<figure id=\"attachment_442\" aria-describedby=\"caption-attachment-442\" style=\"width: 204px\" class=\"wp-caption alignleft\"><img fetchpriority=\"high\" decoding=\"async\" class=\"size-medium wp-image-442\" src=\"https:\/\/art-bijoux.com\/wp-content\/uploads\/2024\/05\/Larme-rouge-204x300.webp\" alt=\"Boucle d'oreille lame rouge sur fond transparent\" width=\"204\" height=\"300\" srcset=\"https:\/\/art-bijoux.com\/wp-content\/uploads\/2024\/05\/Larme-rouge-204x300.webp 204w, https:\/\/art-bijoux.com\/wp-content\/uploads\/2024\/05\/Larme-rouge-600x883.webp 600w, https:\/\/art-bijoux.com\/wp-content\/uploads\/2024\/05\/Larme-rouge-696x1024.webp 696w, https:\/\/art-bijoux.com\/wp-content\/uploads\/2024\/05\/Larme-rouge-768x1130.webp 768w, https:\/\/art-bijoux.com\/wp-content\/uploads\/2024\/05\/Larme-rouge-1044x1536.webp 1044w, https:\/\/art-bijoux.com\/wp-content\/uploads\/2024\/05\/Larme-rouge.webp 1308w\" sizes=\"(max-width: 204px) 100vw, 204px\" \/><figcaption id=\"caption-attachment-442\" class=\"wp-caption-text\">Boucles d&#8217;oreilles en forme de lame rouge intense, assortie a une rouge grenat,\u00a0 sur fond transparent, en verre fondu mont\u00e9 au Tiffany<\/figcaption><\/figure>\n<figure id=\"attachment_1785\" aria-describedby=\"caption-attachment-1785\" style=\"width: 165px\" class=\"wp-caption alignleft\"><img decoding=\"async\" class=\"size-medium wp-image-1785\" src=\"https:\/\/art-bijoux.com\/wp-content\/uploads\/2024\/05\/Boucle-granat-meplat-165x300.webp\" alt=\"Boucle d'oreille en verre fondu grenat mont\u00e9 en Tiffany\" width=\"165\" height=\"300\" srcset=\"https:\/\/art-bijoux.com\/wp-content\/uploads\/2024\/05\/Boucle-granat-meplat-165x300.webp 165w, https:\/\/art-bijoux.com\/wp-content\/uploads\/2024\/05\/Boucle-granat-meplat.webp 441w\" sizes=\"(max-width: 165px) 100vw, 165px\" \/><figcaption id=\"caption-attachment-1785\" class=\"wp-caption-text\">Boucle d&#8217;oreille en verre fondu grenat mont\u00e9 en Tiffany<\/figcaption><\/figure>\n<figure id=\"attachment_4529\" aria-describedby=\"caption-attachment-4529\" style=\"width: 169px\" class=\"wp-caption alignleft\"><img decoding=\"async\" class=\"size-medium wp-image-4529\" src=\"https:\/\/art-bijoux.com\/wp-content\/uploads\/2024\/05\/Fusing-Tiffany-rouge-face-169x300.jpg\" alt=\"Boucles d'oreilles rouge grenat et vermillon en verre fondu, mont\u00e9es en Tiffany\" width=\"169\" height=\"300\" srcset=\"https:\/\/art-bijoux.com\/wp-content\/uploads\/2024\/05\/Fusing-Tiffany-rouge-face-169x300.jpg 169w, https:\/\/art-bijoux.com\/wp-content\/uploads\/2024\/05\/Fusing-Tiffany-rouge-face-576x1024.jpg 576w, https:\/\/art-bijoux.com\/wp-content\/uploads\/2024\/05\/Fusing-Tiffany-rouge-face-768x1365.jpg 768w, https:\/\/art-bijoux.com\/wp-content\/uploads\/2024\/05\/Fusing-Tiffany-rouge-face-864x1536.jpg 864w, https:\/\/art-bijoux.com\/wp-content\/uploads\/2024\/05\/Fusing-Tiffany-rouge-face-600x1067.jpg 600w, https:\/\/art-bijoux.com\/wp-content\/uploads\/2024\/05\/Fusing-Tiffany-rouge-face.jpg 1080w\" sizes=\"(max-width: 169px) 100vw, 169px\" \/><figcaption id=\"caption-attachment-4529\" class=\"wp-caption-text\">Boucles d&#8217;oreilles rouge grenat et vermillon en verre fondu, mont\u00e9es en Tiffany<\/figcaption><\/figure>\n<p>D\u00e9couvrez l&#8217;\u00e9clat audacieux de nos boucles d&#8217;oreilles lame rouge intense et rouge grenat sur verre transparent, bijoux qui captivent par leur contraste vibrant et leur silhouette saisissante.<\/p>\n<p>Ces boucles d&#8217;oreilles incarnent la fusion harmonieuse entre le feu et la transparence, avec une lame de verre rouge intense et une rouge grenat, en verre r\u00e9cup\u00e9r\u00e9 parmi les chutes d&#8217;un vitrail, fondues avec expertise sur un support en verre transparent. La couleur rouge captivante cr\u00e9e un contraste saisissant, ajoutant une touche de passion et de dynamisme \u00e0 votre look.<\/p>\n<p>Fabriqu\u00e9e avec les m\u00eames techniques de fusing et de montage en Tiffany que nos autres cr\u00e9ations, ces boucles d&#8217;oreilles allient artisanat traditionnel et design contemporain. Les lames de verre rouge sont solidement fix\u00e9es \u00e0 un support en verre transparent, mettant en valeur chaque d\u00e9tail de leur texture et de leurs teintes. Le pourtour est serti de cuivre et soud\u00e9 \u00e0 l&#8217;\u00e9tain et porte fi\u00e8rement ses irr\u00e9gularit\u00e9s comme t\u00e9moignage du travail artisanal.<\/p>\n<p>\u00c0 l&#8217;arri\u00e8re de la boucle d&#8217;oreille, une b\u00e9li\u00e8re argent\u00e9e assure une fixation s\u00e9curis\u00e9e pour les oreilles perc\u00e9es, tandis que le syst\u00e8me de fixation en m\u00e9tal argent\u00e9 garantit un port confortable tout au long de la journ\u00e9e.<\/p>\n<p><strong>Caract\u00e9ristiques :<\/strong><\/p>\n<ul>\n<li>Mat\u00e9riaux : Verre rouge intense, verre grenat, verre transparent, cuivre, \u00e9tain, m\u00e9tal argent\u00e9<\/li>\n<li>Technique : Fusing, montage en Tiffany<\/li>\n<li>Motif : Lame Rouge Intense sur Verre Transparent<\/li>\n<\/ul>\n<p>Ajoutez une touche de dynamisme et d&#8217;\u00e9l\u00e9gance \u00e0 votre tenue avec nos boucles d&#8217;oreilles lames rouge sur verre transparent. Parfaites pour les occasions o\u00f9 vous souhaitez faire une d\u00e9claration audacieuse, elles vous permettront de vous d\u00e9marquer avec style et assurance.<\/p>\n<p>Faites l&#8217;exp\u00e9rience de l&#8217;\u00e9clat vibrant de ces boucles d&#8217;oreilles unique en leur genre et laissez sa beaut\u00e9 captivante illuminer votre look. Commandez d\u00e8s maintenant et ajoutez une touche de passion \u00e0 votre collection de bijoux.<\/p>\n","protected":false},"excerpt":{"rendered":"<p>Une boucle d&#8217;oreille en forme de lame rouge intense sur fond transparent, en verre fondu mont\u00e9 au Tiffany<\/p>\n","protected":false},"featured_media":4529,"comment_status":"open","ping_status":"closed","template":"","meta":[],"product_brand":[],"product_cat":[50,51],"product_tag":[36,84,49,27],"class_list":{"0":"post-455","1":"product","2":"type-product","3":"status-publish","4":"has-post-thumbnail","6":"product_cat-boucle-doreille-fusing","7":"product_cat-boucle-oreille-tiffany","8":"product_tag-verre-abstrait","9":"product_tag-boucle-oreille","10":"product_tag-fusing-verre","11":"product_tag-tiffany-verre","12":"pa_bijou-boucle-oreille","13":"pa_vitrail-fusing","14":"pa_vitrail-tiffany","16":"first","17":"outofstock","18":"purchasable","19":"product-type-simple"},"_links":{"self":[{"href":"https:\/\/art-bijoux.com\/en\/wp-json\/wp\/v2\/product\/455","targetHints":{"allow":["GET"]}}],"collection":[{"href":"https:\/\/art-bijoux.com\/en\/wp-json\/wp\/v2\/product"}],"about":[{"href":"https:\/\/art-bijoux.com\/en\/wp-json\/wp\/v2\/types\/product"}],"replies":[{"embeddable":true,"href":"https:\/\/art-bijoux.com\/en\/wp-json\/wp\/v2\/comments?post=455"}],"version-history":[{"count":2,"href":"https:\/\/art-bijoux.com\/en\/wp-json\/wp\/v2\/product\/455\/revisions"}],"predecessor-version":[{"id":5768,"href":"https:\/\/art-bijoux.com\/en\/wp-json\/wp\/v2\/product\/455\/revisions\/5768"}],"wp:featuredmedia":[{"embeddable":true,"href":"https:\/\/art-bijoux.com\/en\/wp-json\/wp\/v2\/media\/4529"}],"wp:attachment":[{"href":"https:\/\/art-bijoux.com\/en\/wp-json\/wp\/v2\/media?parent=455"}],"wp:term":[{"taxonomy":"product_brand","embeddable":true,"href":"https:\/\/art-bijoux.com\/en\/wp-json\/wp\/v2\/product_brand?post=455"},{"taxonomy":"product_cat","embeddable":true,"href":"https:\/\/art-bijoux.com\/en\/wp-json\/wp\/v2\/product_cat?post=455"},{"taxonomy":"product_tag","embeddable":true,"href":"https:\/\/art-bijoux.com\/en\/wp-json\/wp\/v2\/product_tag?post=455"}],"curies":[{"name":"wp","href":"https:\/\/api.w.org\/{rel}","templated":true}]}}