{"id":4607,"date":"2025-03-01T15:15:26","date_gmt":"2025-03-01T14:15:26","guid":{"rendered":"https:\/\/art-bijoux.com\/?post_type=product&#038;p=4607"},"modified":"2025-03-21T00:00:01","modified_gmt":"2025-03-20T23:00:01","slug":"sesame-gardien-des-secrets-pendentif-unique-en-verre-antique-souffle-a-la-bouche-peint-a-la-grisaille","status":"publish","type":"product","link":"https:\/\/art-bijoux.com\/en\/boutique\/sesame-gardien-des-secrets-pendentif-unique-en-verre-antique-souffle-a-la-bouche-peint-a-la-grisaille\/","title":{"rendered":"S\u00e9same, Gardien des Secrets &#8211; Pendentif Unique en Verre Antique Souffl\u00e9 \u00e0 la Bouche Peint \u00e0 la Grisaille"},"content":{"rendered":"<p data-start=\"146\" data-end=\"232\"><strong data-start=\"146\" data-end=\"230\">Un bijou d&#8217;exception pour les amoureux des f\u00e9lins et du savoir-faire artisanal !<\/strong><\/p>\n<figure id=\"attachment_4589\" aria-describedby=\"caption-attachment-4589\" style=\"width: 169px\" class=\"wp-caption alignnone\"><img fetchpriority=\"high\" decoding=\"async\" class=\"size-medium wp-image-4589\" src=\"https:\/\/art-bijoux.com\/wp-content\/uploads\/2025\/03\/Chat-peint-12-169x300.jpg\" alt=\"Chat peint 12\" width=\"169\" height=\"300\" srcset=\"https:\/\/art-bijoux.com\/wp-content\/uploads\/2025\/03\/Chat-peint-12-169x300.jpg 169w, https:\/\/art-bijoux.com\/wp-content\/uploads\/2025\/03\/Chat-peint-12-576x1024.jpg 576w, https:\/\/art-bijoux.com\/wp-content\/uploads\/2025\/03\/Chat-peint-12-768x1365.jpg 768w, https:\/\/art-bijoux.com\/wp-content\/uploads\/2025\/03\/Chat-peint-12-864x1536.jpg 864w, https:\/\/art-bijoux.com\/wp-content\/uploads\/2025\/03\/Chat-peint-12-600x1067.jpg 600w, https:\/\/art-bijoux.com\/wp-content\/uploads\/2025\/03\/Chat-peint-12.jpg 1080w\" sizes=\"(max-width: 169px) 100vw, 169px\" \/><figcaption id=\"caption-attachment-4589\" class=\"wp-caption-text\">S\u00e9zame<\/figcaption><\/figure>\n<p data-start=\"234\" data-end=\"598\">Ce m\u00e9daillon est une pi\u00e8ce unique, r\u00e9alis\u00e9e en verre antique souffl\u00e9 \u00e0 la bouche, soigneusement d\u00e9coup\u00e9e dans un grand vitrail intitul\u00e9 <em data-start=\"378\" data-end=\"396\">Delirium Tremens<\/em> . Son petit cercle de 2,5 cm renferme un v\u00e9ritable chef-d&#8217;\u0153uvre miniature : un portrait de chat peint \u00e0 la main avec une pr\u00e9cision extr\u00eame, utilisant la technique ancestrale de la grisaille sur verre.<\/p>\n<p data-start=\"600\" data-end=\"1012\">\ud83c\udfa8 <strong data-start=\"603\" data-end=\"633\">Un savoir-faire mill\u00e9naire<\/strong><br data-start=\"633\" data-end=\"636\" \/>Inspir\u00e9e des peintures m\u00e9di\u00e9vales de vitraux d&#8217;\u00e9glise, cette technique, n\u00e9e au XIIe si\u00e8cle, permet de cr\u00e9er des d\u00e9tails d&#8217;une finesse exceptionnelle. Chaque m\u00e9daillon a n\u00e9cessit\u00e9 7 nuances de grisaille, appliqu\u00e9es et travaill\u00e9es avec soin pour donner vie au regard per\u00e7ant du chat, \u00e0 la d\u00e9licatesse de ses moustaches et \u00e0 la profondeur de ses pupilles, r\u00e9alis\u00e9es \u00e0 la plume.<\/p>\n<p data-start=\"1014\" data-end=\"1315\">\ud83d\udd25 <strong data-start=\"1017\" data-end=\"1043\">Un processus minutieux<\/strong><br data-start=\"1043\" data-end=\"1046\" \/>Apr\u00e8s la peinture, le verre a \u00e9t\u00e9 cuit \u00e0 haute temp\u00e9rature pour fixer le motif de fa\u00e7on permanente, avant d&#8217;\u00eatre meul\u00e9 et ajust\u00e9 avec pr\u00e9cision. Enfin, il a \u00e9t\u00e9 mont\u00e9 dans un m\u00e9daillon en m\u00e9tal orn\u00e9 de deux adorables oreilles, ajoutant une touche f\u00e9line irr\u00e9sistible.<\/p>\n<p data-start=\"1317\" data-end=\"1343\">\u2728 <strong data-start=\"1319\" data-end=\"1341\">Caract\u00e9ristiques :<\/strong><\/p>\n<ul data-start=\"1344\" data-end=\"1647\">\n<li data-start=\"1344\" data-end=\"1422\"><strong data-start=\"1346\" data-end=\"1360\">Mat\u00e9riau :<\/strong> Verre antique souffl\u00e9 \u00e0 la bouche (r\u00e9cup\u00e9r\u00e9 sur un vitrail)<\/li>\n<li data-start=\"1423\" data-end=\"1491\"><strong data-start=\"1425\" data-end=\"1440\">Technique :<\/strong> Peinture sur verre \u00e0 la grisaille, cuite au four<\/li>\n<li data-start=\"1492\" data-end=\"1527\"><strong data-start=\"1494\" data-end=\"1506\">Taille :<\/strong> 2,5 cm de diam\u00e8tre<\/li>\n<li data-start=\"1528\" data-end=\"1576\"><strong data-start=\"1530\" data-end=\"1543\">Monture :<\/strong> M\u00e9tal en forme de t\u00eate de chat<\/li>\n<li data-start=\"1577\" data-end=\"1647\"><strong data-start=\"1579\" data-end=\"1597\">Pi\u00e8ce unique :<\/strong> Chaque portrait est enti\u00e8rement peint \u00e0 la main<\/li>\n<\/ul>\n<p data-start=\"1649\" data-end=\"1839\">\ud83d\udc8e <strong data-start=\"1652\" data-end=\"1676\">Pourquoi l&#8217;adopter ?<\/strong><br data-start=\"1676\" data-end=\"1679\" \/>\u2714\ufe0f Un bijou unique au charme intemporel <br data-start=\"1718\" data-end=\"1721\" \/>\u2714\ufe0f Un hommage au savoir-faire du vitrail traditionnel <br data-start=\"1774\" data-end=\"1777\" \/>\u2714\ufe0f Une cr\u00e9ation \u00e9thique, r\u00e9alis\u00e9e \u00e0 partir de verre r\u00e9cup\u00e9r\u00e9<\/p>\n<p data-start=\"1841\" data-end=\"1920\">\ud83d\udc3e <strong data-start=\"1844\" data-end=\"1918\">Ajoutez une touche d&#8217;\u00e9l\u00e9gance et de myst\u00e8re f\u00e9lin \u00e0 votre collection !<\/strong><\/p>\n","protected":false},"excerpt":{"rendered":"<p>Pendentif unique repr\u00e9sentant un portrait de chat peint \u00e0 la grisaille sur verre antique souffl\u00e9 \u00e0 la bouch\u00e9, r\u00e9cup\u00e9r\u00e9 parmi les chutes d&#8217;un vitrail.<\/p>\n","protected":false},"featured_media":4589,"comment_status":"open","ping_status":"closed","template":"","meta":[],"product_brand":[],"product_cat":[286,180],"product_tag":[52,47,222,26,224],"class_list":{"0":"post-4607","1":"product","2":"type-product","3":"status-publish","4":"has-post-thumbnail","6":"product_cat-pendentif-grisaille","7":"product_cat-portrait-animal","8":"product_tag-portrait-animal","9":"product_tag-chat","10":"product_tag-miniature","11":"product_tag-pendentif-verre","12":"product_tag-portrait-animalier","13":"pa_bijou-pendentif","15":"first","16":"instock","17":"purchasable","18":"product-type-simple"},"_links":{"self":[{"href":"https:\/\/art-bijoux.com\/en\/wp-json\/wp\/v2\/product\/4607","targetHints":{"allow":["GET"]}}],"collection":[{"href":"https:\/\/art-bijoux.com\/en\/wp-json\/wp\/v2\/product"}],"about":[{"href":"https:\/\/art-bijoux.com\/en\/wp-json\/wp\/v2\/types\/product"}],"replies":[{"embeddable":true,"href":"https:\/\/art-bijoux.com\/en\/wp-json\/wp\/v2\/comments?post=4607"}],"version-history":[{"count":0,"href":"https:\/\/art-bijoux.com\/en\/wp-json\/wp\/v2\/product\/4607\/revisions"}],"wp:featuredmedia":[{"embeddable":true,"href":"https:\/\/art-bijoux.com\/en\/wp-json\/wp\/v2\/media\/4589"}],"wp:attachment":[{"href":"https:\/\/art-bijoux.com\/en\/wp-json\/wp\/v2\/media?parent=4607"}],"wp:term":[{"taxonomy":"product_brand","embeddable":true,"href":"https:\/\/art-bijoux.com\/en\/wp-json\/wp\/v2\/product_brand?post=4607"},{"taxonomy":"product_cat","embeddable":true,"href":"https:\/\/art-bijoux.com\/en\/wp-json\/wp\/v2\/product_cat?post=4607"},{"taxonomy":"product_tag","embeddable":true,"href":"https:\/\/art-bijoux.com\/en\/wp-json\/wp\/v2\/product_tag?post=4607"}],"curies":[{"name":"wp","href":"https:\/\/api.w.org\/{rel}","templated":true}]}}