{"id":4734,"date":"2025-03-03T12:59:36","date_gmt":"2025-03-03T11:59:36","guid":{"rendered":"https:\/\/art-bijoux.com\/?post_type=product&#038;p=4734"},"modified":"2025-03-03T13:03:22","modified_gmt":"2025-03-03T12:03:22","slug":"retour-du-printemps-pendentif-millefiori-bois-et-verre-daquarium","status":"publish","type":"product","link":"https:\/\/art-bijoux.com\/en\/boutique\/retour-du-printemps-pendentif-millefiori-bois-et-verre-daquarium\/","title":{"rendered":"Retour du printemps &#8211; Pendentif Millefiori, bois et Verre d&#8217;Aquarium"},"content":{"rendered":"<figure id=\"attachment_4735\" aria-describedby=\"caption-attachment-4735\" style=\"width: 169px\" class=\"wp-caption alignleft\"><img fetchpriority=\"high\" decoding=\"async\" class=\"size-medium wp-image-4735\" src=\"https:\/\/art-bijoux.com\/wp-content\/uploads\/2025\/03\/Medaillon-bois-1-169x300.jpg\" alt=\"M\u00e9daillon en galets d'aquarium recycl\u00e9s, millefioris et bois\" width=\"169\" height=\"300\" srcset=\"https:\/\/art-bijoux.com\/wp-content\/uploads\/2025\/03\/Medaillon-bois-1-169x300.jpg 169w, https:\/\/art-bijoux.com\/wp-content\/uploads\/2025\/03\/Medaillon-bois-1-576x1024.jpg 576w, https:\/\/art-bijoux.com\/wp-content\/uploads\/2025\/03\/Medaillon-bois-1-768x1365.jpg 768w, https:\/\/art-bijoux.com\/wp-content\/uploads\/2025\/03\/Medaillon-bois-1-864x1536.jpg 864w, https:\/\/art-bijoux.com\/wp-content\/uploads\/2025\/03\/Medaillon-bois-1-600x1067.jpg 600w, https:\/\/art-bijoux.com\/wp-content\/uploads\/2025\/03\/Medaillon-bois-1.jpg 1080w\" sizes=\"(max-width: 169px) 100vw, 169px\" \/><figcaption id=\"caption-attachment-4735\" class=\"wp-caption-text\">M\u00e9daillon en galet d&#8217;aquarium recycl\u00e9, millefioris et bois<\/figcaption><\/figure>\n<h3>Description du pendentif<\/h3>\n<p>Ce pendentif original associe verre recycl\u00e9 et artisanat raffin\u00e9. Con\u00e7u \u00e0 partir d&#8217;un galet orange de verre r\u00e9cup\u00e9r\u00e9 dans un aquarium, il est sublim\u00e9 par trois millefioris multicolores, de d\u00e9licates fleurs de verre de Murano fondues \u00e0 sa surface. La fusion a cr\u00e9\u00e9 une disposition irr\u00e9guli\u00e8re et singuli\u00e8re, renfor\u00e7ant le caract\u00e8re unique du bijou. Les bords du galet ont \u00e9t\u00e9 soigneusement meul\u00e9s pour lui donner une forme circulaire harmonieuse, tandis qu&#8217;il est mont\u00e9 sur un disque de bois, ajoutant une touche naturelle et chaleureuse \u00e0 cette cr\u00e9ation. Ce pendentif est un mariage d&#8217;\u00e9l\u00e9gance et de durabilit\u00e9.<\/p>\n<h3>Caract\u00e9ristiques du pendentif :<\/h3>\n<ul>\n<li><strong>Mat\u00e9riau principal<\/strong>: Galet orange, millefioris, bois<\/li>\n<li><strong>D\u00e9tails d\u00e9coratifs<\/strong> : Trois millefioris<\/li>\n<li><strong>Finitions<\/strong> : cercle de bois<\/li>\n<li><strong>Aspect unique<\/strong>: la fusion ne peut pas se reproduire \u00e0 l&#8217;identique deux fois !<\/li>\n<li><strong>Style<\/strong>: Artisanat unique<\/li>\n<\/ul>\n","protected":false},"excerpt":{"rendered":"<p>Pendentif unique en verre de galet d&#8217;aquarium r\u00e9cup\u00e9r\u00e9. 3 millefioris multicolores ont \u00e9t\u00e9 fondus \u00e0 la surface. Mont\u00e9 sur un disque de bois.<\/p>\n","protected":false},"featured_media":4735,"comment_status":"open","ping_status":"closed","template":"","meta":[],"product_brand":[],"product_cat":[262,182,181],"product_tag":[49,65,26],"class_list":{"0":"post-4734","1":"product","2":"type-product","3":"status-publish","4":"has-post-thumbnail","6":"product_cat-bois","7":"product_cat-pendentif-fusing","8":"product_cat-pendentif-millefioris","9":"product_tag-fusing-verre","10":"product_tag-millefiori-verre","11":"product_tag-pendentif-verre","12":"pa_bijou-pendentif","14":"first","15":"instock","16":"purchasable","17":"product-type-simple"},"_links":{"self":[{"href":"https:\/\/art-bijoux.com\/en\/wp-json\/wp\/v2\/product\/4734","targetHints":{"allow":["GET"]}}],"collection":[{"href":"https:\/\/art-bijoux.com\/en\/wp-json\/wp\/v2\/product"}],"about":[{"href":"https:\/\/art-bijoux.com\/en\/wp-json\/wp\/v2\/types\/product"}],"replies":[{"embeddable":true,"href":"https:\/\/art-bijoux.com\/en\/wp-json\/wp\/v2\/comments?post=4734"}],"version-history":[{"count":0,"href":"https:\/\/art-bijoux.com\/en\/wp-json\/wp\/v2\/product\/4734\/revisions"}],"wp:featuredmedia":[{"embeddable":true,"href":"https:\/\/art-bijoux.com\/en\/wp-json\/wp\/v2\/media\/4735"}],"wp:attachment":[{"href":"https:\/\/art-bijoux.com\/en\/wp-json\/wp\/v2\/media?parent=4734"}],"wp:term":[{"taxonomy":"product_brand","embeddable":true,"href":"https:\/\/art-bijoux.com\/en\/wp-json\/wp\/v2\/product_brand?post=4734"},{"taxonomy":"product_cat","embeddable":true,"href":"https:\/\/art-bijoux.com\/en\/wp-json\/wp\/v2\/product_cat?post=4734"},{"taxonomy":"product_tag","embeddable":true,"href":"https:\/\/art-bijoux.com\/en\/wp-json\/wp\/v2\/product_tag?post=4734"}],"curies":[{"name":"wp","href":"https:\/\/api.w.org\/{rel}","templated":true}]}}