{"id":4863,"date":"2025-03-07T14:06:05","date_gmt":"2025-03-07T13:06:05","guid":{"rendered":"https:\/\/art-bijoux.com\/?post_type=product&#038;p=4863"},"modified":"2025-09-05T13:27:35","modified_gmt":"2025-09-05T11:27:35","slug":"marquepage-verre-upcycling","status":"publish","type":"product","link":"https:\/\/art-bijoux.com\/en\/boutique\/marquepage-verre-upcycling\/","title":{"rendered":"Marque-page Sph\u00e8re de Savoir \u2013 Un \u00e9clat de verre recycl\u00e9 pour enluminer vos conf\u00e9rences."},"content":{"rendered":"<figure id=\"attachment_5714\" aria-describedby=\"caption-attachment-5714\" style=\"width: 169px\" class=\"wp-caption alignleft\"><img fetchpriority=\"high\" decoding=\"async\" class=\"size-medium wp-image-5714\" src=\"https:\/\/art-bijoux.com\/wp-content\/uploads\/2025\/03\/Marque-page-galet-transparent-millefiori-rose-169x300.jpg\" alt=\"Marque page Sph\u00e8re de savoir\" width=\"169\" height=\"300\" srcset=\"https:\/\/art-bijoux.com\/wp-content\/uploads\/2025\/03\/Marque-page-galet-transparent-millefiori-rose-169x300.jpg 169w, https:\/\/art-bijoux.com\/wp-content\/uploads\/2025\/03\/Marque-page-galet-transparent-millefiori-rose-576x1024.jpg 576w, https:\/\/art-bijoux.com\/wp-content\/uploads\/2025\/03\/Marque-page-galet-transparent-millefiori-rose-768x1365.jpg 768w, https:\/\/art-bijoux.com\/wp-content\/uploads\/2025\/03\/Marque-page-galet-transparent-millefiori-rose-864x1536.jpg 864w, https:\/\/art-bijoux.com\/wp-content\/uploads\/2025\/03\/Marque-page-galet-transparent-millefiori-rose-600x1067.jpg 600w, https:\/\/art-bijoux.com\/wp-content\/uploads\/2025\/03\/Marque-page-galet-transparent-millefiori-rose.jpg 1080w\" sizes=\"(max-width: 169px) 100vw, 169px\" \/><figcaption id=\"caption-attachment-5714\" class=\"wp-caption-text\">Marque page Sph\u00e8re de savoir<\/figcaption><\/figure>\n<p data-start=\"146\" data-end=\"568\">Offrez une touche d&#8217;\u00e9l\u00e9gance et de po\u00e9sie \u00e0 vos conf\u00e9rences avec cette <strong data-start=\"211\" data-end=\"233\">marque-page unique<\/strong> , r\u00e9alis\u00e9e \u00e0 partir de verre d&#8217;aquarium recycl\u00e9. Ce fragment de verre, soigneusement r\u00e9cup\u00e9r\u00e9, a \u00e9t\u00e9 transform\u00e9 en une pi\u00e8ce pr\u00e9cieuse gr\u00e2ce \u00e0 la technique du <strong data-start=\"391\" data-end=\"401\">fusing<\/strong> : un <strong data-start=\"407\" data-end=\"430\">millefiori<\/strong>, inspir\u00e9 des verriers de Murano, a \u00e9t\u00e9 d\u00e9licatement fondu \u00e0 sa surface, fusionnant avec le verre dans un jeu de textures et de lumi\u00e8re.<\/p>\n<p data-start=\"570\" data-end=\"742\">Apr\u00e8s cuisson, le verre a \u00e9t\u00e9 <strong data-start=\"600\" data-end=\"619\">meul\u00e9 et ajust\u00e9<\/strong> avec minutie, avant d&#8217;\u00eatre ins\u00e9r\u00e9 en haut d&#8217;un <strong data-start=\"667\" data-end=\"709\">support en m\u00e9tal couleur bronze ancien<\/strong>, orn\u00e9 de fines <strong data-start=\"725\" data-end=\"739\">fioritures<\/strong> .<\/p>\n<h3 data-start=\"744\" data-end=\"776\"><strong data-start=\"748\" data-end=\"774\">Polyvalence et \u00e9l\u00e9gance<\/strong><\/h3>\n<p data-start=\"777\" data-end=\"1058\">Gr\u00e2ce \u00e0 sa conception ing\u00e9nieuse, ce marque-page ne se limite pas \u00e0 son usage premier : <br data-start=\"864\" data-end=\"867\" \/>\ud83d\udcd6 <strong data-start=\"870\" data-end=\"893\">Marque-page raffin\u00e9e<\/strong> pour accompagner vos conf\u00e9rences <br data-start=\"923\" data-end=\"926\" \/>\ud83d\udcdc <strong data-start=\"929\" data-end=\"949\">Trombone \u00e9l\u00e9gant<\/strong> pour maintenir vos documents <br data-start=\"978\" data-end=\"981\" \/>\ud83d\udcb6 <strong data-start=\"984\" data-end=\"1013\">Pince \u00e0 billets originale<\/strong> pour une touche d&#8217;originalit\u00e9 au quotidien<\/p>\n<p data-start=\"1060\" data-end=\"1217\">Chaque pi\u00e8ce est <strong data-start=\"1077\" data-end=\"1087\">unique<\/strong> , fa\u00e7onn\u00e9e \u00e0 la main avec passion et respect de l&#8217;environnement, dans une d\u00e9marche de <strong data-start=\"1173\" data-end=\"1214\">recyclage et de valorisation du verre<\/strong> .<\/p>\n<p data-start=\"1219\" data-end=\"1245\">\u2728 <strong data-start=\"1221\" data-end=\"1241\">Caract\u00e9ristiques<\/strong> :<\/p>\n<ul data-start=\"1246\" data-end=\"1496\">\n<li data-start=\"1246\" data-end=\"1311\"><strong data-start=\"1248\" data-end=\"1260\">Mat\u00e9riau<\/strong> : verre d&#8217;aquarium recycl\u00e9 &amp; m\u00e9tal bronze ancien<\/li>\n<li data-start=\"1312\" data-end=\"1373\"><strong data-start=\"1314\" data-end=\"1327\">Technique<\/strong> : verre fondu (fusing), millefiori fusionn\u00e9<\/li>\n<li data-start=\"1374\" data-end=\"1428\"><strong data-start=\"1376\" data-end=\"1388\">Fixation<\/strong> : pince m\u00e9tallique robuste et d\u00e9cor\u00e9e<\/li>\n<li data-start=\"1429\" data-end=\"1496\"><strong data-start=\"1431\" data-end=\"1445\">Dimensions<\/strong> : 8cmx3cm<\/li>\n<\/ul>\n<p data-start=\"1498\" data-end=\"1605\">Une id\u00e9e cadeau parfaite pour les amoureux des beaux objets, des livres et du savoir-faire artisanal. \ud83d\udcda\u2728<\/p>\n<p data-start=\"1607\" data-end=\"1647\" data-is-last-node=\"\" data-is-only-node=\"\"><strong data-start=\"1607\" data-end=\"1644\">Collection limit\u00e9e \u2013 Pi\u00e8ce unique<\/strong> \ud83d\udc99<\/p>\n","protected":false},"excerpt":{"rendered":"<p>Marque page unique avec une pince en m\u00e9tal couleur vieux bronze sur laquelle un millefiori a \u00e9t\u00e9 fondu sur un galet d&#8217;aquarium r\u00e9cup\u00e9r\u00e9.<\/p>\n","protected":false},"featured_media":5714,"comment_status":"open","ping_status":"closed","template":"","meta":[],"product_brand":[],"product_cat":[288],"product_tag":[38,49,65],"class_list":{"0":"post-4863","1":"product","2":"type-product","3":"status-publish","4":"has-post-thumbnail","6":"product_cat-marquepage-verre-upcycling-fusing","7":"product_tag-fleur-soie-metal","8":"product_tag-fusing-verre","9":"product_tag-millefiori-verre","11":"first","12":"instock","13":"purchasable","14":"product-type-simple"},"_links":{"self":[{"href":"https:\/\/art-bijoux.com\/en\/wp-json\/wp\/v2\/product\/4863","targetHints":{"allow":["GET"]}}],"collection":[{"href":"https:\/\/art-bijoux.com\/en\/wp-json\/wp\/v2\/product"}],"about":[{"href":"https:\/\/art-bijoux.com\/en\/wp-json\/wp\/v2\/types\/product"}],"replies":[{"embeddable":true,"href":"https:\/\/art-bijoux.com\/en\/wp-json\/wp\/v2\/comments?post=4863"}],"version-history":[{"count":2,"href":"https:\/\/art-bijoux.com\/en\/wp-json\/wp\/v2\/product\/4863\/revisions"}],"predecessor-version":[{"id":5716,"href":"https:\/\/art-bijoux.com\/en\/wp-json\/wp\/v2\/product\/4863\/revisions\/5716"}],"wp:featuredmedia":[{"embeddable":true,"href":"https:\/\/art-bijoux.com\/en\/wp-json\/wp\/v2\/media\/5714"}],"wp:attachment":[{"href":"https:\/\/art-bijoux.com\/en\/wp-json\/wp\/v2\/media?parent=4863"}],"wp:term":[{"taxonomy":"product_brand","embeddable":true,"href":"https:\/\/art-bijoux.com\/en\/wp-json\/wp\/v2\/product_brand?post=4863"},{"taxonomy":"product_cat","embeddable":true,"href":"https:\/\/art-bijoux.com\/en\/wp-json\/wp\/v2\/product_cat?post=4863"},{"taxonomy":"product_tag","embeddable":true,"href":"https:\/\/art-bijoux.com\/en\/wp-json\/wp\/v2\/product_tag?post=4863"}],"curies":[{"name":"wp","href":"https:\/\/api.w.org\/{rel}","templated":true}]}}