{"id":4866,"date":"2025-03-12T09:30:16","date_gmt":"2025-03-12T08:30:16","guid":{"rendered":"https:\/\/art-bijoux.com\/?post_type=product&#038;p=4866"},"modified":"2025-03-12T09:30:16","modified_gmt":"2025-03-12T08:30:16","slug":"carte-postale-en-verre-fusionne-eclats-de-lumiere-et-dhistoire","status":"publish","type":"product","link":"https:\/\/art-bijoux.com\/en\/boutique\/carte-postale-en-verre-fusionne-eclats-de-lumiere-et-dhistoire\/","title":{"rendered":"Carte postale en verre fusionn\u00e9 \u2013 \u00c9clats de lumi\u00e8re et d&#8217;histoire"},"content":{"rendered":"<figure id=\"attachment_4867\" aria-describedby=\"caption-attachment-4867\" style=\"width: 300px\" class=\"wp-caption alignleft\"><img fetchpriority=\"high\" decoding=\"async\" class=\"size-medium wp-image-4867\" src=\"https:\/\/art-bijoux.com\/wp-content\/uploads\/2025\/03\/Quel-eclat-bleu-4-300x298.jpg\" alt=\"Carte postale en carr\u00e9 de carton bleu avec un carr\u00e9 de verre r\u00e9cup\u00e9r\u00e9 sur lequel des \u00e9clats sont fondus\" width=\"300\" height=\"298\" srcset=\"https:\/\/art-bijoux.com\/wp-content\/uploads\/2025\/03\/Quel-eclat-bleu-4-300x298.jpg 300w, https:\/\/art-bijoux.com\/wp-content\/uploads\/2025\/03\/Quel-eclat-bleu-4-1024x1016.jpg 1024w, https:\/\/art-bijoux.com\/wp-content\/uploads\/2025\/03\/Quel-eclat-bleu-4-150x150.jpg 150w, https:\/\/art-bijoux.com\/wp-content\/uploads\/2025\/03\/Quel-eclat-bleu-4-768x762.jpg 768w, https:\/\/art-bijoux.com\/wp-content\/uploads\/2025\/03\/Quel-eclat-bleu-4-600x596.jpg 600w, https:\/\/art-bijoux.com\/wp-content\/uploads\/2025\/03\/Quel-eclat-bleu-4-100x100.jpg 100w, https:\/\/art-bijoux.com\/wp-content\/uploads\/2025\/03\/Quel-eclat-bleu-4.jpg 1080w\" sizes=\"(max-width: 300px) 100vw, 300px\" \/><figcaption id=\"caption-attachment-4867\" class=\"wp-caption-text\">Carte postale carr\u00e9e en carton bleu avec un carr\u00e9 de verre r\u00e9cup\u00e9r\u00e9 sur lequel des \u00e9clats sont fondus<\/figcaption><\/figure>\n<p data-start=\"73\" data-end=\"535\"><span>Sur un carr\u00e9 de papier cartonn\u00e9 bleu profond, une pi\u00e8ce unique de verre fusionn\u00e9 capte la lumi\u00e8re et r\u00e9v\u00e8le toute la richesse de son histoire. Ce carr\u00e9, l\u00e9g\u00e8rement d\u00e9form\u00e9 par la chaleur du four, provient d&#8217;un verre transparent r\u00e9cup\u00e9r\u00e9 sur une vitrine de boutique \u00e0 Cosne-sur-Loire. Des \u00e9clats soigneusement choisis du vitrail <\/span><em data-start=\"401\" data-end=\"418\"><span>Paysage baroque<\/span><\/em><span> y ont \u00e9t\u00e9 fondus, cr\u00e9ant une composition abstraite o\u00f9 les couleurs et les textures se superposent harmonieusement.<\/span><\/p>\n<p data-start=\"537\" data-end=\"759\"><span>Une carte \u00e0 collectionner, encadrer ou simplement poser sur son bureau pour une touche d&#8217;\u00e9l\u00e9gance et d&#8217;originalit\u00e9. Elle peut \u00e9galement \u00eatre envoy\u00e9e \u00e0 un \u00eatre cher pour un message unique, un remerciement ou un doux souvenir.<\/span><\/p>\n<p data-start=\"761\" data-end=\"907\" data-is-last-node=\"\" data-is-only-node=\"\"><span>\ud83d\udccf <\/span><strong data-start=\"764\" data-end=\"780\"><span>Dimensions : 13cmx13cm<\/span><\/strong> <br data-start=\"805\" data-end=\"808\" \/><span>\u2728 <\/span><strong data-start=\"810\" data-end=\"825\" data-is-only-node=\"\"><span>Mat\u00e9riaux :<\/span><\/strong><span> verre recycl\u00e9, papier cartonn\u00e9 de qualit\u00e9, avec enveloppe assortie<\/span><br data-start=\"867\" data-end=\"870\" \/><span>\u267b\ufe0f <\/span><strong data-start=\"873\" data-end=\"907\" data-is-last-node=\"\"><span>Pi\u00e8ce unique et \u00e9coresponsable<\/span><\/strong><\/p>\n","protected":false},"excerpt":{"rendered":"<p>Carte postale carr\u00e9e en carton bleu avec un carr\u00e9 de verre, d\u00e9form\u00e9 par la fusion, fondu avec des \u00e9clats de couleur.<\/p>\n","protected":false},"featured_media":4867,"comment_status":"open","ping_status":"closed","template":"","meta":[],"product_brand":[],"product_cat":[203,269,24],"product_tag":[36,200,49],"class_list":{"0":"post-4866","1":"product","2":"type-product","3":"status-publish","4":"has-post-thumbnail","6":"product_cat-carte-fusing-abstrait","7":"product_cat-bijoux-verre-recyclage","8":"product_cat-diversite-oeuvres-art","9":"product_tag-verre-abstrait","10":"product_tag-carte-postale-soie-verre","11":"product_tag-fusing-verre","12":"pa_carte-postale-fusing-abstrait","14":"first","15":"instock","16":"purchasable","17":"product-type-simple"},"_links":{"self":[{"href":"https:\/\/art-bijoux.com\/en\/wp-json\/wp\/v2\/product\/4866","targetHints":{"allow":["GET"]}}],"collection":[{"href":"https:\/\/art-bijoux.com\/en\/wp-json\/wp\/v2\/product"}],"about":[{"href":"https:\/\/art-bijoux.com\/en\/wp-json\/wp\/v2\/types\/product"}],"replies":[{"embeddable":true,"href":"https:\/\/art-bijoux.com\/en\/wp-json\/wp\/v2\/comments?post=4866"}],"version-history":[{"count":0,"href":"https:\/\/art-bijoux.com\/en\/wp-json\/wp\/v2\/product\/4866\/revisions"}],"wp:featuredmedia":[{"embeddable":true,"href":"https:\/\/art-bijoux.com\/en\/wp-json\/wp\/v2\/media\/4867"}],"wp:attachment":[{"href":"https:\/\/art-bijoux.com\/en\/wp-json\/wp\/v2\/media?parent=4866"}],"wp:term":[{"taxonomy":"product_brand","embeddable":true,"href":"https:\/\/art-bijoux.com\/en\/wp-json\/wp\/v2\/product_brand?post=4866"},{"taxonomy":"product_cat","embeddable":true,"href":"https:\/\/art-bijoux.com\/en\/wp-json\/wp\/v2\/product_cat?post=4866"},{"taxonomy":"product_tag","embeddable":true,"href":"https:\/\/art-bijoux.com\/en\/wp-json\/wp\/v2\/product_tag?post=4866"}],"curies":[{"name":"wp","href":"https:\/\/api.w.org\/{rel}","templated":true}]}}