{"id":4886,"date":"2025-03-16T13:50:37","date_gmt":"2025-03-16T12:50:37","guid":{"rendered":"https:\/\/art-bijoux.com\/?post_type=product&#038;p=4886"},"modified":"2025-03-16T13:52:35","modified_gmt":"2025-03-16T12:52:35","slug":"bracelet-verre-fusing","status":"publish","type":"product","link":"https:\/\/art-bijoux.com\/en\/boutique\/bracelet-verre-fusing\/","title":{"rendered":"Reflets d\u2019Aquarium \u2013 Quand la fusion transforme le verre en \u0153uvre d\u2019art"},"content":{"rendered":"<figure id=\"attachment_4877\" aria-describedby=\"caption-attachment-4877\" style=\"width: 168px\" class=\"wp-caption alignleft\"><img fetchpriority=\"high\" decoding=\"async\" class=\"size-medium wp-image-4877\" src=\"https:\/\/art-bijoux.com\/wp-content\/uploads\/2025\/03\/IMG_9220-168x300.jpg\" alt=\"Bracelet en verre avec un millefiori jaune\" width=\"168\" height=\"300\" srcset=\"https:\/\/art-bijoux.com\/wp-content\/uploads\/2025\/03\/IMG_9220-168x300.jpg 168w, https:\/\/art-bijoux.com\/wp-content\/uploads\/2025\/03\/IMG_9220-575x1024.jpg 575w, https:\/\/art-bijoux.com\/wp-content\/uploads\/2025\/03\/IMG_9220-768x1368.jpg 768w, https:\/\/art-bijoux.com\/wp-content\/uploads\/2025\/03\/IMG_9220-862x1536.jpg 862w, https:\/\/art-bijoux.com\/wp-content\/uploads\/2025\/03\/IMG_9220-1150x2048.jpg 1150w, https:\/\/art-bijoux.com\/wp-content\/uploads\/2025\/03\/IMG_9220-600x1069.jpg 600w, https:\/\/art-bijoux.com\/wp-content\/uploads\/2025\/03\/IMG_9220-scaled.jpg 1437w\" sizes=\"(max-width: 168px) 100vw, 168px\" \/><figcaption id=\"caption-attachment-4877\" class=\"wp-caption-text\">Bracelet en verre avec un millefiori jaune<\/figcaption><\/figure>\n<p data-start=\"60\" data-end=\"305\">Chaque bracelet de cette collection est une pi\u00e8ce unique, fa\u00e7onn\u00e9e avec soin et passion. Le bracelet en simili cuir, souple et ajustable, est sublim\u00e9 par deux passants en m\u00e9tal finement orn\u00e9s, apportant une touche d&#8217;\u00e9l\u00e9gance et de raffinement.<\/p>\n<p data-start=\"307\" data-end=\"595\">Au centre, un galet de verre d&#8217;aquarium soigneusement s\u00e9lectionn\u00e9 a \u00e9t\u00e9 fondu avec un millefiori d\u00e9licatement incrust\u00e9 \u00e0 sa surface. Apr\u00e8s une cuisson ma\u00eetris\u00e9e, il est minutieusement meul\u00e9 et serti dans son logement central, offrant un \u00e9clat subtil et un jeu de transparence fascinant.<\/p>\n<p data-start=\"597\" data-end=\"722\">\ud83d\udc8e <strong data-start=\"600\" data-end=\"720\">Un bijou \u00e0 la fois moderne et intemporel, id\u00e9al pour celles et ceux qui recherchent un accessoire raffin\u00e9 et unique.<\/strong><\/p>\n<p data-start=\"724\" data-end=\"817\" data-is-last-node=\"\" data-is-only-node=\"\">\u27a1 <strong data-start=\"726\" data-end=\"817\" data-is-last-node=\"\">\u00c0 porter seul pour une touche minimaliste ou en accumulation pour un effet sophistiqu\u00e9.<\/strong><\/p>\n","protected":false},"excerpt":{"rendered":"<p>Bracelet unique avec un bracelet en simili-cuir avec 2 passants en m\u00e9tal argent\u00e9 orn\u00e9. Au centre, un millefiori unique en galet d&#8217;aquarium recycl\u00e9.<\/p>\n","protected":false},"featured_media":4877,"comment_status":"open","ping_status":"closed","template":"","meta":[],"product_brand":[],"product_cat":[292],"product_tag":[289,49,65],"class_list":{"0":"post-4886","1":"product","2":"type-product","3":"status-publish","4":"has-post-thumbnail","6":"product_cat-bracelet-fusing-grisaille","7":"product_tag-bracelet","8":"product_tag-fusing-verre","9":"product_tag-millefiori-verre","10":"pa_bijou-bracelet","12":"first","13":"instock","14":"purchasable","15":"product-type-simple"},"_links":{"self":[{"href":"https:\/\/art-bijoux.com\/en\/wp-json\/wp\/v2\/product\/4886","targetHints":{"allow":["GET"]}}],"collection":[{"href":"https:\/\/art-bijoux.com\/en\/wp-json\/wp\/v2\/product"}],"about":[{"href":"https:\/\/art-bijoux.com\/en\/wp-json\/wp\/v2\/types\/product"}],"replies":[{"embeddable":true,"href":"https:\/\/art-bijoux.com\/en\/wp-json\/wp\/v2\/comments?post=4886"}],"version-history":[{"count":0,"href":"https:\/\/art-bijoux.com\/en\/wp-json\/wp\/v2\/product\/4886\/revisions"}],"wp:featuredmedia":[{"embeddable":true,"href":"https:\/\/art-bijoux.com\/en\/wp-json\/wp\/v2\/media\/4877"}],"wp:attachment":[{"href":"https:\/\/art-bijoux.com\/en\/wp-json\/wp\/v2\/media?parent=4886"}],"wp:term":[{"taxonomy":"product_brand","embeddable":true,"href":"https:\/\/art-bijoux.com\/en\/wp-json\/wp\/v2\/product_brand?post=4886"},{"taxonomy":"product_cat","embeddable":true,"href":"https:\/\/art-bijoux.com\/en\/wp-json\/wp\/v2\/product_cat?post=4886"},{"taxonomy":"product_tag","embeddable":true,"href":"https:\/\/art-bijoux.com\/en\/wp-json\/wp\/v2\/product_tag?post=4886"}],"curies":[{"name":"wp","href":"https:\/\/api.w.org\/{rel}","templated":true}]}}