{"id":4891,"date":"2025-03-16T14:00:55","date_gmt":"2025-03-16T13:00:55","guid":{"rendered":"https:\/\/art-bijoux.com\/?post_type=product&#038;p=4891"},"modified":"2025-03-16T14:02:22","modified_gmt":"2025-03-16T13:02:22","slug":"bracelet-verre-fusing-upcycling","status":"publish","type":"product","link":"https:\/\/art-bijoux.com\/en\/boutique\/bracelet-verre-fusing-upcycling\/","title":{"rendered":"Perles de Lumi\u00e8re \u2013 Des bracelets uniques aux jeux de transparence fascinants"},"content":{"rendered":"<figure id=\"attachment_4883\" aria-describedby=\"caption-attachment-4883\" style=\"width: 168px\" class=\"wp-caption alignleft\"><img fetchpriority=\"high\" decoding=\"async\" class=\"size-medium wp-image-4883\" src=\"https:\/\/art-bijoux.com\/wp-content\/uploads\/2025\/03\/IMG_9223-168x300.jpg\" alt=\"Bracelet avec un millefiori blanc fondu sur un galet bleu\" width=\"168\" height=\"300\" srcset=\"https:\/\/art-bijoux.com\/wp-content\/uploads\/2025\/03\/IMG_9223-168x300.jpg 168w, https:\/\/art-bijoux.com\/wp-content\/uploads\/2025\/03\/IMG_9223-575x1024.jpg 575w, https:\/\/art-bijoux.com\/wp-content\/uploads\/2025\/03\/IMG_9223-768x1368.jpg 768w, https:\/\/art-bijoux.com\/wp-content\/uploads\/2025\/03\/IMG_9223-862x1536.jpg 862w, https:\/\/art-bijoux.com\/wp-content\/uploads\/2025\/03\/IMG_9223-1150x2048.jpg 1150w, https:\/\/art-bijoux.com\/wp-content\/uploads\/2025\/03\/IMG_9223-600x1069.jpg 600w, https:\/\/art-bijoux.com\/wp-content\/uploads\/2025\/03\/IMG_9223-scaled.jpg 1437w\" sizes=\"(max-width: 168px) 100vw, 168px\" \/><figcaption id=\"caption-attachment-4883\" class=\"wp-caption-text\">Bracelet avec un millefiori blanc fondu sur un galet bleu<\/figcaption><\/figure>\n<p data-start=\"60\" data-end=\"305\">Chaque bracelet de cette collection est une pi\u00e8ce unique, fa\u00e7onn\u00e9e avec soin et passion. Le bracelet en simili cuir, souple et ajustable, est sublim\u00e9 par deux passants en m\u00e9tal finement orn\u00e9s, apportant une touche d&#8217;\u00e9l\u00e9gance et de raffinement.<\/p>\n<p data-start=\"307\" data-end=\"595\">Au centre, un galet de verre d&#8217;aquarium soigneusement s\u00e9lectionn\u00e9 a \u00e9t\u00e9 fondu avec un millefiori d\u00e9licatement incrust\u00e9 \u00e0 sa surface. Apr\u00e8s une cuisson ma\u00eetris\u00e9e, il est minutieusement meul\u00e9 et serti dans son logement central, offrant un \u00e9clat subtil et un jeu de transparence fascinant.<\/p>\n<p data-start=\"597\" data-end=\"722\">\ud83d\udc8e <strong data-start=\"600\" data-end=\"720\">Un bijou \u00e0 la fois moderne et intemporel, id\u00e9al pour celles et ceux qui recherchent un accessoire raffin\u00e9 et unique.<\/strong><\/p>\n<p data-start=\"724\" data-end=\"817\" data-is-last-node=\"\" data-is-only-node=\"\">\u27a1 <strong data-start=\"726\" data-end=\"817\" data-is-last-node=\"\">\u00c0 porter seul pour une touche minimaliste ou en accumulation pour un effet sophistiqu\u00e9.<\/strong><\/p>\n","protected":false},"excerpt":{"rendered":"<p>Bracelet unique avec un bracelet en simili-cuir avec 2 passants en m\u00e9tal argent\u00e9 orn\u00e9. Au centre, un millefiori unique en galet d&#8217;aquarium recycl\u00e9.<\/p>\n","protected":false},"featured_media":4883,"comment_status":"open","ping_status":"closed","template":"","meta":[],"product_brand":[],"product_cat":[292],"product_tag":[289,49,65],"class_list":{"0":"post-4891","1":"product","2":"type-product","3":"status-publish","4":"has-post-thumbnail","6":"product_cat-bracelet-fusing-grisaille","7":"product_tag-bracelet","8":"product_tag-fusing-verre","9":"product_tag-millefiori-verre","10":"pa_bijou-bracelet","12":"first","13":"instock","14":"purchasable","15":"product-type-simple"},"yoast_head":"<!-- This site is optimized with the Yoast SEO plugin v27.4 - https:\/\/yoast.com\/product\/yoast-seo-wordpress\/ -->\n<title>Perles de Lumi\u00e8re \u2013 Des bracelets uniques aux jeux de transparence fascinants - art-bijoux<\/title>\n<meta name=\"description\" content=\"Bracelet unique avec un bracelet en simili-cuir avec 2 passants en m\u00e9tal argent\u00e9 orn\u00e9. Au centre, un millefiori unique en galet d&#039;aquarium recycl\u00e9.\" \/>\n<meta name=\"robots\" content=\"index, follow, max-snippet:-1, max-image-preview:large, max-video-preview:-1\" \/>\n<link rel=\"canonical\" href=\"https:\/\/art-bijoux.com\/en\/boutique\/bracelet-verre-fusing-upcycling\/\" \/>\n<meta property=\"og:locale\" content=\"en_US\" \/>\n<meta property=\"og:type\" content=\"article\" \/>\n<meta property=\"og:title\" content=\"Perles de Lumi\u00e8re \u2013 Des bracelets uniques aux jeux de transparence fascinants - art-bijoux\" \/>\n<meta property=\"og:description\" content=\"Bracelet unique avec un bracelet en simili-cuir avec 2 passants en m\u00e9tal argent\u00e9 orn\u00e9. Au centre, un millefiori unique en galet d&#039;aquarium recycl\u00e9.\" \/>\n<meta property=\"og:url\" content=\"https:\/\/art-bijoux.com\/en\/boutique\/bracelet-verre-fusing-upcycling\/\" \/>\n<meta property=\"og:site_name\" content=\"art-bijoux\" \/>\n<meta property=\"article:modified_time\" content=\"2025-03-16T13:02:22+00:00\" \/>\n<meta property=\"og:image\" content=\"https:\/\/art-bijoux.com\/wp-content\/uploads\/2025\/03\/IMG_9223-scaled.jpg\" \/>\n\t<meta property=\"og:image:width\" content=\"1437\" \/>\n\t<meta property=\"og:image:height\" content=\"2560\" \/>\n\t<meta property=\"og:image:type\" content=\"image\/jpeg\" \/>\n<meta name=\"twitter:card\" content=\"summary_large_image\" \/>\n<meta name=\"twitter:label1\" content=\"Est. reading time\" \/>\n\t<meta name=\"twitter:data1\" content=\"2 minutes\" \/>\n<script type=\"application\/ld+json\" class=\"yoast-schema-graph\">{\"@context\":\"https:\\\/\\\/schema.org\",\"@graph\":[{\"@type\":\"WebPage\",\"@id\":\"https:\\\/\\\/art-bijoux.com\\\/en\\\/boutique\\\/bracelet-verre-fusing-upcycling\\\/\",\"url\":\"https:\\\/\\\/art-bijoux.com\\\/en\\\/boutique\\\/bracelet-verre-fusing-upcycling\\\/\",\"name\":\"Perles de Lumi\u00e8re \u2013 Des bracelets uniques aux jeux de transparence fascinants - art-bijoux\",\"isPartOf\":{\"@id\":\"https:\\\/\\\/art-bijoux.com\\\/en\\\/#website\"},\"primaryImageOfPage\":{\"@id\":\"https:\\\/\\\/art-bijoux.com\\\/en\\\/boutique\\\/bracelet-verre-fusing-upcycling\\\/#primaryimage\"},\"image\":{\"@id\":\"https:\\\/\\\/art-bijoux.com\\\/en\\\/boutique\\\/bracelet-verre-fusing-upcycling\\\/#primaryimage\"},\"thumbnailUrl\":\"https:\\\/\\\/art-bijoux.com\\\/wp-content\\\/uploads\\\/2025\\\/03\\\/IMG_9223-scaled.jpg\",\"datePublished\":\"2025-03-16T13:00:55+00:00\",\"dateModified\":\"2025-03-16T13:02:22+00:00\",\"description\":\"Bracelet unique avec un bracelet en simili-cuir avec 2 passants en m\u00e9tal argent\u00e9 orn\u00e9. Au centre, un millefiori unique en galet d'aquarium recycl\u00e9.\",\"breadcrumb\":{\"@id\":\"https:\\\/\\\/art-bijoux.com\\\/en\\\/boutique\\\/bracelet-verre-fusing-upcycling\\\/#breadcrumb\"},\"inLanguage\":\"en-US\",\"potentialAction\":[{\"@type\":\"ReadAction\",\"target\":[\"https:\\\/\\\/art-bijoux.com\\\/en\\\/boutique\\\/bracelet-verre-fusing-upcycling\\\/\"]}]},{\"@type\":\"ImageObject\",\"inLanguage\":\"en-US\",\"@id\":\"https:\\\/\\\/art-bijoux.com\\\/en\\\/boutique\\\/bracelet-verre-fusing-upcycling\\\/#primaryimage\",\"url\":\"https:\\\/\\\/art-bijoux.com\\\/wp-content\\\/uploads\\\/2025\\\/03\\\/IMG_9223-scaled.jpg\",\"contentUrl\":\"https:\\\/\\\/art-bijoux.com\\\/wp-content\\\/uploads\\\/2025\\\/03\\\/IMG_9223-scaled.jpg\",\"width\":1437,\"height\":2560,\"caption\":\"Bracelet avec un millefiori blanc fondu sur un galet bleu\"},{\"@type\":\"BreadcrumbList\",\"@id\":\"https:\\\/\\\/art-bijoux.com\\\/en\\\/boutique\\\/bracelet-verre-fusing-upcycling\\\/#breadcrumb\",\"itemListElement\":[{\"@type\":\"ListItem\",\"position\":1,\"name\":\"Accueil\",\"item\":\"https:\\\/\\\/art-bijoux.com\\\/en\\\/home\\\/\"},{\"@type\":\"ListItem\",\"position\":2,\"name\":\"Shop\",\"item\":\"https:\\\/\\\/art-bijoux.com\\\/en\\\/shop\\\/\"},{\"@type\":\"ListItem\",\"position\":3,\"name\":\"Perles de Lumi\u00e8re \u2013 Des bracelets uniques aux jeux de transparence fascinants\"}]},{\"@type\":\"WebSite\",\"@id\":\"https:\\\/\\\/art-bijoux.com\\\/en\\\/#website\",\"url\":\"https:\\\/\\\/art-bijoux.com\\\/en\\\/\",\"name\":\"art-bijoux\",\"description\":\"Osez porter \\\/ offrir un vitrail unique \u00e0 prix abordable\",\"publisher\":{\"@id\":\"https:\\\/\\\/art-bijoux.com\\\/en\\\/#organization\"},\"potentialAction\":[{\"@type\":\"SearchAction\",\"target\":{\"@type\":\"EntryPoint\",\"urlTemplate\":\"https:\\\/\\\/art-bijoux.com\\\/en\\\/?s={search_term_string}\"},\"query-input\":{\"@type\":\"PropertyValueSpecification\",\"valueRequired\":true,\"valueName\":\"search_term_string\"}}],\"inLanguage\":\"en-US\"},{\"@type\":\"Organization\",\"@id\":\"https:\\\/\\\/art-bijoux.com\\\/en\\\/#organization\",\"name\":\"art-bijoux\",\"url\":\"https:\\\/\\\/art-bijoux.com\\\/en\\\/\",\"logo\":{\"@type\":\"ImageObject\",\"inLanguage\":\"en-US\",\"@id\":\"https:\\\/\\\/art-bijoux.com\\\/en\\\/#\\\/schema\\\/logo\\\/image\\\/\",\"url\":\"https:\\\/\\\/art-bijoux.com\\\/wp-content\\\/uploads\\\/2024\\\/06\\\/Art-Bijoux-Logo-Small.png\",\"contentUrl\":\"https:\\\/\\\/art-bijoux.com\\\/wp-content\\\/uploads\\\/2024\\\/06\\\/Art-Bijoux-Logo-Small.png\",\"width\":722,\"height\":137,\"caption\":\"art-bijoux\"},\"image\":{\"@id\":\"https:\\\/\\\/art-bijoux.com\\\/en\\\/#\\\/schema\\\/logo\\\/image\\\/\"}}]}<\/script>\n<!-- \/ Yoast SEO plugin. -->","yoast_head_json":{"title":"Perles de Lumi\u00e8re \u2013 Des bracelets uniques aux jeux de transparence fascinants - art-bijoux","description":"Bracelet unique avec un bracelet en simili-cuir avec 2 passants en m\u00e9tal argent\u00e9 orn\u00e9. Au centre, un millefiori unique en galet d'aquarium recycl\u00e9.","robots":{"index":"index","follow":"follow","max-snippet":"max-snippet:-1","max-image-preview":"max-image-preview:large","max-video-preview":"max-video-preview:-1"},"canonical":"https:\/\/art-bijoux.com\/en\/boutique\/bracelet-verre-fusing-upcycling\/","og_locale":"en_US","og_type":"article","og_title":"Perles de Lumi\u00e8re \u2013 Des bracelets uniques aux jeux de transparence fascinants - art-bijoux","og_description":"Bracelet unique avec un bracelet en simili-cuir avec 2 passants en m\u00e9tal argent\u00e9 orn\u00e9. Au centre, un millefiori unique en galet d'aquarium recycl\u00e9.","og_url":"https:\/\/art-bijoux.com\/en\/boutique\/bracelet-verre-fusing-upcycling\/","og_site_name":"art-bijoux","article_modified_time":"2025-03-16T13:02:22+00:00","og_image":[{"width":1437,"height":2560,"url":"https:\/\/art-bijoux.com\/wp-content\/uploads\/2025\/03\/IMG_9223-scaled.jpg","type":"image\/jpeg"}],"twitter_card":"summary_large_image","twitter_misc":{"Est. reading time":"2 minutes"},"schema":{"@context":"https:\/\/schema.org","@graph":[{"@type":"WebPage","@id":"https:\/\/art-bijoux.com\/en\/boutique\/bracelet-verre-fusing-upcycling\/","url":"https:\/\/art-bijoux.com\/en\/boutique\/bracelet-verre-fusing-upcycling\/","name":"Perles de Lumi\u00e8re \u2013 Des bracelets uniques aux jeux de transparence fascinants - art-bijoux","isPartOf":{"@id":"https:\/\/art-bijoux.com\/en\/#website"},"primaryImageOfPage":{"@id":"https:\/\/art-bijoux.com\/en\/boutique\/bracelet-verre-fusing-upcycling\/#primaryimage"},"image":{"@id":"https:\/\/art-bijoux.com\/en\/boutique\/bracelet-verre-fusing-upcycling\/#primaryimage"},"thumbnailUrl":"https:\/\/art-bijoux.com\/wp-content\/uploads\/2025\/03\/IMG_9223-scaled.jpg","datePublished":"2025-03-16T13:00:55+00:00","dateModified":"2025-03-16T13:02:22+00:00","description":"Bracelet unique avec un bracelet en simili-cuir avec 2 passants en m\u00e9tal argent\u00e9 orn\u00e9. Au centre, un millefiori unique en galet d'aquarium recycl\u00e9.","breadcrumb":{"@id":"https:\/\/art-bijoux.com\/en\/boutique\/bracelet-verre-fusing-upcycling\/#breadcrumb"},"inLanguage":"en-US","potentialAction":[{"@type":"ReadAction","target":["https:\/\/art-bijoux.com\/en\/boutique\/bracelet-verre-fusing-upcycling\/"]}]},{"@type":"ImageObject","inLanguage":"en-US","@id":"https:\/\/art-bijoux.com\/en\/boutique\/bracelet-verre-fusing-upcycling\/#primaryimage","url":"https:\/\/art-bijoux.com\/wp-content\/uploads\/2025\/03\/IMG_9223-scaled.jpg","contentUrl":"https:\/\/art-bijoux.com\/wp-content\/uploads\/2025\/03\/IMG_9223-scaled.jpg","width":1437,"height":2560,"caption":"Bracelet avec un millefiori blanc fondu sur un galet bleu"},{"@type":"BreadcrumbList","@id":"https:\/\/art-bijoux.com\/en\/boutique\/bracelet-verre-fusing-upcycling\/#breadcrumb","itemListElement":[{"@type":"ListItem","position":1,"name":"Accueil","item":"https:\/\/art-bijoux.com\/en\/home\/"},{"@type":"ListItem","position":2,"name":"Shop","item":"https:\/\/art-bijoux.com\/en\/shop\/"},{"@type":"ListItem","position":3,"name":"Perles de Lumi\u00e8re \u2013 Des bracelets uniques aux jeux de transparence fascinants"}]},{"@type":"WebSite","@id":"https:\/\/art-bijoux.com\/en\/#website","url":"https:\/\/art-bijoux.com\/en\/","name":"art-bijoux","description":"Osez porter \/ offrir un vitrail unique \u00e0 prix abordable","publisher":{"@id":"https:\/\/art-bijoux.com\/en\/#organization"},"potentialAction":[{"@type":"SearchAction","target":{"@type":"EntryPoint","urlTemplate":"https:\/\/art-bijoux.com\/en\/?s={search_term_string}"},"query-input":{"@type":"PropertyValueSpecification","valueRequired":true,"valueName":"search_term_string"}}],"inLanguage":"en-US"},{"@type":"Organization","@id":"https:\/\/art-bijoux.com\/en\/#organization","name":"art-bijoux","url":"https:\/\/art-bijoux.com\/en\/","logo":{"@type":"ImageObject","inLanguage":"en-US","@id":"https:\/\/art-bijoux.com\/en\/#\/schema\/logo\/image\/","url":"https:\/\/art-bijoux.com\/wp-content\/uploads\/2024\/06\/Art-Bijoux-Logo-Small.png","contentUrl":"https:\/\/art-bijoux.com\/wp-content\/uploads\/2024\/06\/Art-Bijoux-Logo-Small.png","width":722,"height":137,"caption":"art-bijoux"},"image":{"@id":"https:\/\/art-bijoux.com\/en\/#\/schema\/logo\/image\/"}}]}},"_links":{"self":[{"href":"https:\/\/art-bijoux.com\/en\/wp-json\/wp\/v2\/product\/4891","targetHints":{"allow":["GET"]}}],"collection":[{"href":"https:\/\/art-bijoux.com\/en\/wp-json\/wp\/v2\/product"}],"about":[{"href":"https:\/\/art-bijoux.com\/en\/wp-json\/wp\/v2\/types\/product"}],"replies":[{"embeddable":true,"href":"https:\/\/art-bijoux.com\/en\/wp-json\/wp\/v2\/comments?post=4891"}],"version-history":[{"count":0,"href":"https:\/\/art-bijoux.com\/en\/wp-json\/wp\/v2\/product\/4891\/revisions"}],"wp:featuredmedia":[{"embeddable":true,"href":"https:\/\/art-bijoux.com\/en\/wp-json\/wp\/v2\/media\/4883"}],"wp:attachment":[{"href":"https:\/\/art-bijoux.com\/en\/wp-json\/wp\/v2\/media?parent=4891"}],"wp:term":[{"taxonomy":"product_brand","embeddable":true,"href":"https:\/\/art-bijoux.com\/en\/wp-json\/wp\/v2\/product_brand?post=4891"},{"taxonomy":"product_cat","embeddable":true,"href":"https:\/\/art-bijoux.com\/en\/wp-json\/wp\/v2\/product_cat?post=4891"},{"taxonomy":"product_tag","embeddable":true,"href":"https:\/\/art-bijoux.com\/en\/wp-json\/wp\/v2\/product_tag?post=4891"}],"curies":[{"name":"wp","href":"https:\/\/api.w.org\/{rel}","templated":true}]}}