{"id":5000,"date":"2025-04-10T15:47:12","date_gmt":"2025-04-10T13:47:12","guid":{"rendered":"https:\/\/art-bijoux.com\/?post_type=product&#038;p=5000"},"modified":"2025-04-10T15:47:12","modified_gmt":"2025-04-10T13:47:12","slug":"broche-jaune-dahlia-chrisantheme","status":"publish","type":"product","link":"https:\/\/art-bijoux.com\/en\/boutique\/broche-jaune-dahlia-chrisantheme\/","title":{"rendered":"Broche jaune Dahlia-Chrisanth\u00e8me"},"content":{"rendered":"<figure id=\"attachment_5001\" aria-describedby=\"caption-attachment-5001\" style=\"width: 176px\" class=\"wp-caption alignleft\"><img fetchpriority=\"high\" decoding=\"async\" class=\"size-medium wp-image-5001\" src=\"https:\/\/art-bijoux.com\/wp-content\/uploads\/2025\/04\/Broche-mini-dahlia-176x300.jpg\" alt=\"Une broche repr\u00e9sentant un petit dahlia de 6 p\u00e9tales\" width=\"176\" height=\"300\" srcset=\"https:\/\/art-bijoux.com\/wp-content\/uploads\/2025\/04\/Broche-mini-dahlia-176x300.jpg 176w, https:\/\/art-bijoux.com\/wp-content\/uploads\/2025\/04\/Broche-mini-dahlia-600x1023.jpg 600w, https:\/\/art-bijoux.com\/wp-content\/uploads\/2025\/04\/Broche-mini-dahlia-768x1310.jpg 768w, https:\/\/art-bijoux.com\/wp-content\/uploads\/2025\/04\/Broche-mini-dahlia-901x1536.jpg 901w, https:\/\/art-bijoux.com\/wp-content\/uploads\/2025\/04\/Broche-mini-dahlia.jpg 1077w\" sizes=\"(max-width: 176px) 100vw, 176px\" \/><figcaption id=\"caption-attachment-5001\" class=\"wp-caption-text\">Une broche repr\u00e9sentant un petit dahlia de 6 p\u00e9tales<\/figcaption><\/figure>\n<p class=\"\" data-start=\"173\" data-end=\"462\">Cette broche exceptionnelle est un v\u00e9ritable <strong data-start=\"218\" data-end=\"240\">prodige de minutie<\/strong>. Inspir\u00e9e du dahlia et du chrysanth\u00e8me, elle est compos\u00e9e de <strong data-start=\"302\" data-end=\"366\">verre jaune opaque d\u00e9licatement d\u00e9coup\u00e9 en multiples p\u00e9tales<\/strong> dispos\u00e9s en corolle. En son centre, un <strong data-start=\"406\" data-end=\"429\">minuscule c\u0153ur vert<\/strong> apporte contraste et profondeur.<\/p>\n<p class=\"\" data-start=\"464\" data-end=\"705\">Chaque \u00e9l\u00e9ment a \u00e9t\u00e9 <strong data-start=\"485\" data-end=\"521\">meul\u00e9 avec une extr\u00eame pr\u00e9cision<\/strong>, puis <strong data-start=\"528\" data-end=\"547\">serti au cuivre<\/strong>, <strong data-start=\"549\" data-end=\"568\">soud\u00e9 \u00e0 l\u2019\u00e9tain<\/strong> et <strong data-start=\"572\" data-end=\"592\">patin\u00e9 \u00e0 la main<\/strong> selon la technique traditionnelle du <strong data-start=\"630\" data-end=\"641\">Tiffany<\/strong>, pour garantir \u00e0 l\u2019ensemble solidit\u00e9, raffinement et long\u00e9vit\u00e9.<\/p>\n<p class=\"\" data-start=\"707\" data-end=\"1017\">Cette broche incarne \u00e0 elle seule la <strong data-start=\"744\" data-end=\"766\">finesse artisanale<\/strong> : les pi\u00e8ces de verre sont si petites qu\u2019elles fr\u00f4lent <strong data-start=\"822\" data-end=\"884\">la limite de ce qu\u2019il est possible de travailler \u00e0 la main<\/strong>. Le r\u00e9sultat : un bijou floral d\u2019une <strong data-start=\"922\" data-end=\"944\">grande d\u00e9licatesse<\/strong>, qui \u00e9voque \u00e0 la fois <strong data-start=\"967\" data-end=\"989\">l\u2019\u00e9l\u00e9gance vintage<\/strong> et la <strong data-start=\"996\" data-end=\"1016\">po\u00e9sie du jardin<\/strong>.<\/p>\n<p class=\"\" data-start=\"1019\" data-end=\"1176\">\ud83d\udd38 <strong data-start=\"1022\" data-end=\"1036\">Dimensions<\/strong> :4cmx4cm<br data-start=\"1051\" data-end=\"1054\" \/>\ud83d\udd38 <strong data-start=\"1057\" data-end=\"1080\">Syst\u00e8me de fixation<\/strong> : \u00c9pingle en m\u00e9tal avec fermoir s\u00e9curis\u00e9, soud\u00e9e \u00e0 l\u2019arri\u00e8re<br data-start=\"1118\" data-end=\"1121\" \/>\ud83d\udd38 <strong data-start=\"1124\" data-end=\"1137\">Mat\u00e9riaux<\/strong> : Verre Tiffany recycl\u00e9, cuivre, \u00e9tain<\/p>\n","protected":false},"excerpt":{"rendered":"<p>Une petite broche en verre recycl\u00e9 jaune, compos\u00e9e de 7 p\u00e9tales soud\u00e9s autour d&#8217;un petit c\u0153ur vert. Une \u00e9pingle s\u00e9curis\u00e9e a \u00e9t\u00e9 soud\u00e9e \u00e0 l\u2019arri\u00e8re.<\/p>\n","protected":false},"featured_media":5001,"comment_status":"open","ping_status":"closed","template":"","meta":[],"product_brand":[],"product_cat":[39],"product_tag":[37,38,27],"class_list":{"0":"post-5000","1":"product","2":"type-product","3":"status-publish","4":"has-post-thumbnail","6":"product_cat-broche-tiffany","7":"product_tag-broche-verre-soie","8":"product_tag-fleur-soie-metal","9":"product_tag-tiffany-verre","10":"pa_bijou-broche","12":"first","13":"instock","14":"purchasable","15":"product-type-simple"},"_links":{"self":[{"href":"https:\/\/art-bijoux.com\/en\/wp-json\/wp\/v2\/product\/5000","targetHints":{"allow":["GET"]}}],"collection":[{"href":"https:\/\/art-bijoux.com\/en\/wp-json\/wp\/v2\/product"}],"about":[{"href":"https:\/\/art-bijoux.com\/en\/wp-json\/wp\/v2\/types\/product"}],"replies":[{"embeddable":true,"href":"https:\/\/art-bijoux.com\/en\/wp-json\/wp\/v2\/comments?post=5000"}],"version-history":[{"count":0,"href":"https:\/\/art-bijoux.com\/en\/wp-json\/wp\/v2\/product\/5000\/revisions"}],"wp:featuredmedia":[{"embeddable":true,"href":"https:\/\/art-bijoux.com\/en\/wp-json\/wp\/v2\/media\/5001"}],"wp:attachment":[{"href":"https:\/\/art-bijoux.com\/en\/wp-json\/wp\/v2\/media?parent=5000"}],"wp:term":[{"taxonomy":"product_brand","embeddable":true,"href":"https:\/\/art-bijoux.com\/en\/wp-json\/wp\/v2\/product_brand?post=5000"},{"taxonomy":"product_cat","embeddable":true,"href":"https:\/\/art-bijoux.com\/en\/wp-json\/wp\/v2\/product_cat?post=5000"},{"taxonomy":"product_tag","embeddable":true,"href":"https:\/\/art-bijoux.com\/en\/wp-json\/wp\/v2\/product_tag?post=5000"}],"curies":[{"name":"wp","href":"https:\/\/api.w.org\/{rel}","templated":true}]}}