{"id":5003,"date":"2025-04-13T10:06:09","date_gmt":"2025-04-13T08:06:09","guid":{"rendered":"https:\/\/art-bijoux.com\/?post_type=product&#038;p=5003"},"modified":"2025-04-13T10:08:08","modified_gmt":"2025-04-13T08:08:08","slug":"broche-tulipe-stylisee","status":"publish","type":"product","link":"https:\/\/art-bijoux.com\/en\/boutique\/broche-tulipe-stylisee\/","title":{"rendered":"Broche \u00ab Tulipe stylis\u00e9e \u00bb \u2013 Pi\u00e8ce unique en verre recycl\u00e9"},"content":{"rendered":"<figure id=\"attachment_5004\" aria-describedby=\"caption-attachment-5004\" style=\"width: 247px\" class=\"wp-caption alignleft\"><img fetchpriority=\"high\" decoding=\"async\" class=\"size-medium wp-image-5004\" src=\"https:\/\/art-bijoux.com\/wp-content\/uploads\/2025\/04\/Broche-tulipe-stylisee-7-pieces-247x300.jpg\" alt=\"Broche Tulipe stylis\u00e9e 7 pi\u00e8ces\" width=\"247\" height=\"300\" srcset=\"https:\/\/art-bijoux.com\/wp-content\/uploads\/2025\/04\/Broche-tulipe-stylisee-7-pieces-247x300.jpg 247w, https:\/\/art-bijoux.com\/wp-content\/uploads\/2025\/04\/Broche-tulipe-stylisee-7-pieces-843x1024.jpg 843w, https:\/\/art-bijoux.com\/wp-content\/uploads\/2025\/04\/Broche-tulipe-stylisee-7-pieces-768x933.jpg 768w, https:\/\/art-bijoux.com\/wp-content\/uploads\/2025\/04\/Broche-tulipe-stylisee-7-pieces-1264x1536.jpg 1264w, https:\/\/art-bijoux.com\/wp-content\/uploads\/2025\/04\/Broche-tulipe-stylisee-7-pieces-600x729.jpg 600w, https:\/\/art-bijoux.com\/wp-content\/uploads\/2025\/04\/Broche-tulipe-stylisee-7-pieces.jpg 1580w\" sizes=\"(max-width: 247px) 100vw, 247px\" \/><figcaption id=\"caption-attachment-5004\" class=\"wp-caption-text\">Broche Tulipe stylis\u00e9e 7 pi\u00e8ces<\/figcaption><\/figure>\n<p class=\"\" data-start=\"158\" data-end=\"470\">Cette broche florale se compose de <strong data-start=\"193\" data-end=\"217\">sept pi\u00e8ces de verre<\/strong> soigneusement choisies parmi les fragments d\u2019une lampe ancienne. Elle repr\u00e9sente une <strong data-start=\"303\" data-end=\"327\">tulipe rose stylis\u00e9e<\/strong>, aux lignes g\u00e9om\u00e9triques \u00e9pur\u00e9es. Sa <strong data-start=\"362\" data-end=\"378\">tige bleut\u00e9e<\/strong> apporte une touche de fra\u00eecheur, tandis que <strong data-start=\"423\" data-end=\"447\">deux feuilles vertes<\/strong> l\u2019enlacent \u00e9l\u00e9gamment.<\/p>\n<p class=\"\" data-start=\"472\" data-end=\"709\">Chaque \u00e9l\u00e9ment a \u00e9t\u00e9 <strong data-start=\"493\" data-end=\"541\">meul\u00e9, serti de cuivre, puis soud\u00e9 \u00e0 l\u2019\u00e9tain<\/strong> selon la technique Tiffany, et patin\u00e9 avec soin. Une \u00e9pingle s\u00e9curis\u00e9e est solidement soud\u00e9e \u00e0 l&#8217;arri\u00e8re. Ce bijou unique rend hommage \u00e0 la nature et au renouveau du printemps, tout en incarnant un geste de cr\u00e9ation durable.<\/p>\n<p class=\"\" data-start=\"711\" data-end=\"866\">\ud83d\udccf Dimensions approximatives : 7 cm x 4,4 cm<br data-start=\"753\" data-end=\"756\" \/>\ud83d\udd90\ufe0f Pi\u00e8ce enti\u00e8rement faite main \u00e0 partir de verre recycl\u00e9<br data-start=\"814\" data-end=\"817\" \/>\u267b\ufe0f \u00c9coresponsable \u2013 Cr\u00e9ation artisanale fran\u00e7aise<\/p>\n","protected":false},"excerpt":{"rendered":"<p>Broche en forme de tulipe stylis\u00e9e, fabriqu\u00e9e \u00e0 partir de 7 morceaux de verre opaque r\u00e9cup\u00e9r\u00e9 parmi les chutes d&#8217;une lampe.<\/p>\n","protected":false},"featured_media":5004,"comment_status":"open","ping_status":"closed","template":"","meta":[],"product_brand":[],"product_cat":[39],"product_tag":[37,38,27],"class_list":{"0":"post-5003","1":"product","2":"type-product","3":"status-publish","4":"has-post-thumbnail","6":"product_cat-broche-tiffany","7":"product_tag-broche-verre-soie","8":"product_tag-fleur-soie-metal","9":"product_tag-tiffany-verre","10":"pa_bijou-broche","12":"first","13":"instock","14":"purchasable","15":"product-type-simple"},"_links":{"self":[{"href":"https:\/\/art-bijoux.com\/en\/wp-json\/wp\/v2\/product\/5003","targetHints":{"allow":["GET"]}}],"collection":[{"href":"https:\/\/art-bijoux.com\/en\/wp-json\/wp\/v2\/product"}],"about":[{"href":"https:\/\/art-bijoux.com\/en\/wp-json\/wp\/v2\/types\/product"}],"replies":[{"embeddable":true,"href":"https:\/\/art-bijoux.com\/en\/wp-json\/wp\/v2\/comments?post=5003"}],"version-history":[{"count":0,"href":"https:\/\/art-bijoux.com\/en\/wp-json\/wp\/v2\/product\/5003\/revisions"}],"wp:featuredmedia":[{"embeddable":true,"href":"https:\/\/art-bijoux.com\/en\/wp-json\/wp\/v2\/media\/5004"}],"wp:attachment":[{"href":"https:\/\/art-bijoux.com\/en\/wp-json\/wp\/v2\/media?parent=5003"}],"wp:term":[{"taxonomy":"product_brand","embeddable":true,"href":"https:\/\/art-bijoux.com\/en\/wp-json\/wp\/v2\/product_brand?post=5003"},{"taxonomy":"product_cat","embeddable":true,"href":"https:\/\/art-bijoux.com\/en\/wp-json\/wp\/v2\/product_cat?post=5003"},{"taxonomy":"product_tag","embeddable":true,"href":"https:\/\/art-bijoux.com\/en\/wp-json\/wp\/v2\/product_tag?post=5003"}],"curies":[{"name":"wp","href":"https:\/\/api.w.org\/{rel}","templated":true}]}}