{"id":5010,"date":"2025-04-17T11:21:04","date_gmt":"2025-04-17T09:21:04","guid":{"rendered":"https:\/\/art-bijoux.com\/?post_type=product&#038;p=5010"},"modified":"2025-04-17T11:58:14","modified_gmt":"2025-04-17T09:58:14","slug":"carte-soie-village","status":"publish","type":"product","link":"https:\/\/art-bijoux.com\/en\/boutique\/carte-soie-village\/","title":{"rendered":"Village m\u00e9diterran\u00e9en avec toits rouges \u00e0 l&#8217;automne &#8211; carte postale peinte sur soie"},"content":{"rendered":"<figure id=\"attachment_5015\" aria-describedby=\"caption-attachment-5015\" style=\"width: 300px\" class=\"wp-caption alignnone\"><img fetchpriority=\"high\" decoding=\"async\" class=\"size-medium wp-image-5015\" src=\"https:\/\/art-bijoux.com\/wp-content\/uploads\/2025\/04\/Carte-village-eglise-blancs-horizontal-300x236.jpg\" alt=\"Carte village m\u00e9diterran\u00e9en \u00e0 l'automne\" width=\"300\" height=\"236\" srcset=\"https:\/\/art-bijoux.com\/wp-content\/uploads\/2025\/04\/Carte-village-eglise-blancs-horizontal-300x236.jpg 300w, https:\/\/art-bijoux.com\/wp-content\/uploads\/2025\/04\/Carte-village-eglise-blancs-horizontal-768x603.jpg 768w, https:\/\/art-bijoux.com\/wp-content\/uploads\/2025\/04\/Carte-village-eglise-blancs-horizontal-600x471.jpg 600w, https:\/\/art-bijoux.com\/wp-content\/uploads\/2025\/04\/Carte-village-eglise-blancs-horizontal.jpg 1000w\" sizes=\"(max-width: 300px) 100vw, 300px\" \/><figcaption id=\"caption-attachment-5015\" class=\"wp-caption-text\">Carte village m\u00e9diterran\u00e9en \u00e0 l&#8217;automne<\/figcaption><\/figure>\n<p class=\"\" data-start=\"77\" data-end=\"303\">Chaque carte est une pi\u00e8ce d\u2019exception. Sur un support cartonn\u00e9 de qualit\u00e9, soigneusement d\u00e9coup\u00e9, une fen\u00eatre avec un liser\u00e9 dor\u00e9 d\u00e9voile un rectangle de soie naturelle, issu des chutes d\u2019un foulard de cr\u00e9ateur.<\/p>\n<p class=\"\" data-start=\"305\" data-end=\"755\">Cette carte pr\u00e9sente un paysage baign\u00e9 de lumi\u00e8re. On y d\u00e9couvre un village m\u00e9diterran\u00e9en, avec ses maisons blanches aux toits rouges typiques, nich\u00e9 derri\u00e8re un buisson aux couleurs d\u2019automne. Des arbres aux feuillages persistants encadrent la sc\u00e8ne. On devine la tour d\u2019une \u00e9glise qui se dresse sous un ciel bleu l\u00e9g\u00e8rement nuageux.<br data-start=\"692\" data-end=\"695\" \/>Un fragment de douceur et d\u2019\u00e9vasion \u00e0 encadrer ou \u00e0 envoyer.<\/p>\n<p class=\"\" data-start=\"757\" data-end=\"901\">Format : 10,5 x 14,8 cm<br data-start=\"780\" data-end=\"783\" \/>Support : carte avec enveloppe assortie<br data-start=\"829\" data-end=\"832\" \/>Pi\u00e8ce unique \u2013 Soie naturelle peinte \u00e0 la main, technique du serti<\/p>\n<p>A envoyer avec un message sinc\u00e8re, \u00e0 collectionner, \u00e0 exposer dans un sous-verre, Cette carte postale est une v\u00e9ritable pi\u00e8ce d\u2019art, compos\u00e9e selon les r\u00e8gles traditionnelles des paysages, peinte sur de la soie naturelle r\u00e9cup\u00e9r\u00e9e parmi les chutes d\u2019un grand foulard, offrant une seconde vie \u00e0 ce mat\u00e9riau noble. Elle d\u00e9peint une sc\u00e8ne typique d\u2019un paysage fran\u00e7ais traditionnel.<\/p>\n<p>Cette carte est id\u00e9ale pour les amateurs d\u2019art et de patrimoine fran\u00e7ais.<\/p>\n<h3>Caract\u00e9ristiques de la carte postale :<\/h3>\n<ul>\n<li><strong>Mat\u00e9riau principal<\/strong> : Soie naturelle r\u00e9cup\u00e9r\u00e9e, peinte \u00e0 la main \u00e0 l&#8217;encre et \u00e9tuv\u00e9 \u00e0 la vapeur<\/li>\n<li><strong>Motif<\/strong> : Paysage fran\u00e7ais traditionnel avec centre bourg, maisons, chemin\u00e9es, arbres verts et buisson roux, et \u00e9glise avec clocher<\/li>\n<li><strong>Arri\u00e8re-plan<\/strong> : Ciel bleu et gris avec des nuages.<\/li>\n<li><strong>Montage<\/strong> : Carton blanc avec une fen\u00eatre encadrant la sc\u00e8ne<\/li>\n<li><strong>Style<\/strong> : \u00c9l\u00e9gance artisanale et charme du patrimoine rural<\/li>\n<\/ul>\n<p>Cette description met en avant le charme artisanal et l\u2019histoire unique de cette carte postale.<\/p>\n","protected":false},"excerpt":{"rendered":"<p>Carte postale en soie naturelle r\u00e9cup\u00e9r\u00e9e. Elle repr\u00e9sente un bourg typiquement m\u00e9diterran\u00e9en \u00e0 l&#8217;automne, avec ses maisons blanches aux toits rouge.<\/p>\n","protected":false},"featured_media":5015,"comment_status":"open","ping_status":"closed","template":"","meta":[],"product_brand":[],"product_cat":[179],"product_tag":[34,43],"class_list":{"0":"post-5010","1":"product","2":"type-product","3":"status-publish","4":"has-post-thumbnail","6":"product_cat-carte-soie-paysage","7":"product_tag-spiritualite-croix-anges","8":"product_tag-twill-soie","9":"pa_carte-postale-soie-paysage","11":"first","12":"instock","13":"purchasable","14":"product-type-simple"},"_links":{"self":[{"href":"https:\/\/art-bijoux.com\/en\/wp-json\/wp\/v2\/product\/5010","targetHints":{"allow":["GET"]}}],"collection":[{"href":"https:\/\/art-bijoux.com\/en\/wp-json\/wp\/v2\/product"}],"about":[{"href":"https:\/\/art-bijoux.com\/en\/wp-json\/wp\/v2\/types\/product"}],"replies":[{"embeddable":true,"href":"https:\/\/art-bijoux.com\/en\/wp-json\/wp\/v2\/comments?post=5010"}],"version-history":[{"count":1,"href":"https:\/\/art-bijoux.com\/en\/wp-json\/wp\/v2\/product\/5010\/revisions"}],"predecessor-version":[{"id":5018,"href":"https:\/\/art-bijoux.com\/en\/wp-json\/wp\/v2\/product\/5010\/revisions\/5018"}],"wp:featuredmedia":[{"embeddable":true,"href":"https:\/\/art-bijoux.com\/en\/wp-json\/wp\/v2\/media\/5015"}],"wp:attachment":[{"href":"https:\/\/art-bijoux.com\/en\/wp-json\/wp\/v2\/media?parent=5010"}],"wp:term":[{"taxonomy":"product_brand","embeddable":true,"href":"https:\/\/art-bijoux.com\/en\/wp-json\/wp\/v2\/product_brand?post=5010"},{"taxonomy":"product_cat","embeddable":true,"href":"https:\/\/art-bijoux.com\/en\/wp-json\/wp\/v2\/product_cat?post=5010"},{"taxonomy":"product_tag","embeddable":true,"href":"https:\/\/art-bijoux.com\/en\/wp-json\/wp\/v2\/product_tag?post=5010"}],"curies":[{"name":"wp","href":"https:\/\/api.w.org\/{rel}","templated":true}]}}