{"id":5017,"date":"2025-04-17T11:38:33","date_gmt":"2025-04-17T09:38:33","guid":{"rendered":"https:\/\/art-bijoux.com\/?post_type=product&#038;p=5017"},"modified":"2025-04-17T11:46:49","modified_gmt":"2025-04-17T09:46:49","slug":"carte-eglise","status":"publish","type":"product","link":"https:\/\/art-bijoux.com\/en\/boutique\/carte-eglise\/","title":{"rendered":"L&#8217;\u00e9glise d&#8217;automne &#8211; carte postale peinte sur soie"},"content":{"rendered":"<figure id=\"attachment_5019\" aria-describedby=\"caption-attachment-5019\" style=\"width: 300px\" class=\"wp-caption alignleft\"><img fetchpriority=\"high\" decoding=\"async\" class=\"size-medium wp-image-5019\" src=\"https:\/\/art-bijoux.com\/wp-content\/uploads\/2025\/04\/Carte-eglise-masse-rousse-horizontal-300x222.jpg\" alt=\"\u00c9glise \u00e0 l'automne\" width=\"300\" height=\"222\" srcset=\"https:\/\/art-bijoux.com\/wp-content\/uploads\/2025\/04\/Carte-eglise-masse-rousse-horizontal-300x222.jpg 300w, https:\/\/art-bijoux.com\/wp-content\/uploads\/2025\/04\/Carte-eglise-masse-rousse-horizontal-768x568.jpg 768w, https:\/\/art-bijoux.com\/wp-content\/uploads\/2025\/04\/Carte-eglise-masse-rousse-horizontal-600x444.jpg 600w, https:\/\/art-bijoux.com\/wp-content\/uploads\/2025\/04\/Carte-eglise-masse-rousse-horizontal.jpg 1000w\" sizes=\"(max-width: 300px) 100vw, 300px\" \/><figcaption id=\"caption-attachment-5019\" class=\"wp-caption-text\">\u00c9glise \u00e0 l&#8217;automne<\/figcaption><\/figure>\n<p class=\"\" data-start=\"77\" data-end=\"303\">Chaque carte est une pi\u00e8ce d\u2019exception. Sur un support cartonn\u00e9 de qualit\u00e9, soigneusement d\u00e9coup\u00e9, une fen\u00eatre avec un liser\u00e9 dor\u00e9 d\u00e9voile un rectangle de soie naturelle, issu des chutes d\u2019un foulard de cr\u00e9ateur.<\/p>\n<p class=\"\" data-start=\"77\" data-end=\"303\">Cette carte postale est une v\u00e9ritable pi\u00e8ce d\u2019art, compos\u00e9e selon les r\u00e8gles traditionnelles des paysages, peinte sur de la soie naturelle, offrant une seconde vie \u00e0 ce mat\u00e9riau noble. Elle d\u00e9peint une sc\u00e8ne typique d\u2019un paysage fran\u00e7ais traditionnel.<\/p>\n<p class=\"\" data-start=\"1010\" data-end=\"1378\">Une \u00e9glise sobre s\u2019\u00e9l\u00e8ve au centre de cette sc\u00e8ne. Vue de c\u00f4t\u00e9, sa fa\u00e7ade grise et ses toits d\u2019ardoise sont mis en valeur par un d\u00e9licat filet dor\u00e9 ou argent\u00e9, r\u00e9alis\u00e9 \u00e0 la gutta.<br data-start=\"1231\" data-end=\"1234\" \/>La sc\u00e8ne est baign\u00e9e par la lumi\u00e8re d\u2019un ciel d\u2019automne, bleu et nuageux, et bord\u00e9e \u00e0 droite par des feuillages flamboyants aux teintes chaudes.<\/p>\n<p class=\"\" data-start=\"1380\" data-end=\"1576\">Un tableau miniature qui \u00e9voque la s\u00e9r\u00e9nit\u00e9, la m\u00e9moire, le passage du temps \u2013 \u00e0 offrir ou \u00e0 envoyer \u00e0 quelqu\u2019un pour qui l\u2019on souhaite transmettre un message d\u2019apaisement, d\u2019ancrage ou d\u2019hommage.<\/p>\n<p class=\"\" data-start=\"1578\" data-end=\"1734\">\ud83d\udd8b Format : 10,5 x 14,8 cm<br data-start=\"1604\" data-end=\"1607\" \/>\ud83e\uddf5 Support : carte double avec enveloppe assortie<br data-start=\"1656\" data-end=\"1659\" \/>\ud83c\udfa8 Pi\u00e8ce unique \u2013 Soie naturelle peinte \u00e0 la main, gutta dor\u00e9e\/argent\u00e9e, peinture artisanale : technique du serti<\/p>\n<p>A envoyer avec un message sinc\u00e8re, \u00e0 collectionner, \u00e0 exposer dans un sous-verre,<\/p>\n<p>Cette carte est id\u00e9ale pour les amateurs d\u2019art et de patrimoine fran\u00e7ais.<\/p>\n<h3>Caract\u00e9ristiques de la carte postale :<\/h3>\n<ul>\n<li><strong>Mat\u00e9riau principal<\/strong> : Soie naturelle r\u00e9cup\u00e9r\u00e9e, peinte \u00e0 la main \u00e0 l&#8217;encre et \u00e9tuv\u00e9 \u00e0 la vapeur<\/li>\n<li><strong>Motif<\/strong> : Paysage fran\u00e7ais traditionnel d&#8217;\u00e9glise avec clocher, arbres verts et buisson roux<\/li>\n<li><strong>Arri\u00e8re-plan<\/strong> : Ciel bleu et gris avec des nuages.<\/li>\n<li><strong>Montage<\/strong> : Carton blanc avec une fen\u00eatre encadrant la sc\u00e8ne<\/li>\n<li><strong>Style<\/strong> : \u00c9l\u00e9gance artisanale et charme du patrimoine rural<\/li>\n<\/ul>\n","protected":false},"excerpt":{"rendered":"<p>Carte postale en soie naturelle r\u00e9cup\u00e9r\u00e9e. Elle repr\u00e9sente une \u00e9glise typiquement fran\u00e7ais, grise avec un toit d&#8217;ardoises.<\/p>\n","protected":false},"featured_media":5021,"comment_status":"open","ping_status":"closed","template":"","meta":[],"product_brand":[],"product_cat":[179],"product_tag":[34,43],"class_list":{"0":"post-5017","1":"product","2":"type-product","3":"status-publish","4":"has-post-thumbnail","6":"product_cat-carte-soie-paysage","7":"product_tag-spiritualite-croix-anges","8":"product_tag-twill-soie","9":"pa_carte-postale-soie-paysage","11":"first","12":"instock","13":"purchasable","14":"product-type-simple"},"_links":{"self":[{"href":"https:\/\/art-bijoux.com\/en\/wp-json\/wp\/v2\/product\/5017","targetHints":{"allow":["GET"]}}],"collection":[{"href":"https:\/\/art-bijoux.com\/en\/wp-json\/wp\/v2\/product"}],"about":[{"href":"https:\/\/art-bijoux.com\/en\/wp-json\/wp\/v2\/types\/product"}],"replies":[{"embeddable":true,"href":"https:\/\/art-bijoux.com\/en\/wp-json\/wp\/v2\/comments?post=5017"}],"version-history":[{"count":0,"href":"https:\/\/art-bijoux.com\/en\/wp-json\/wp\/v2\/product\/5017\/revisions"}],"wp:featuredmedia":[{"embeddable":true,"href":"https:\/\/art-bijoux.com\/en\/wp-json\/wp\/v2\/media\/5021"}],"wp:attachment":[{"href":"https:\/\/art-bijoux.com\/en\/wp-json\/wp\/v2\/media?parent=5017"}],"wp:term":[{"taxonomy":"product_brand","embeddable":true,"href":"https:\/\/art-bijoux.com\/en\/wp-json\/wp\/v2\/product_brand?post=5017"},{"taxonomy":"product_cat","embeddable":true,"href":"https:\/\/art-bijoux.com\/en\/wp-json\/wp\/v2\/product_cat?post=5017"},{"taxonomy":"product_tag","embeddable":true,"href":"https:\/\/art-bijoux.com\/en\/wp-json\/wp\/v2\/product_tag?post=5017"}],"curies":[{"name":"wp","href":"https:\/\/api.w.org\/{rel}","templated":true}]}}