{"id":5023,"date":"2025-04-17T11:47:05","date_gmt":"2025-04-17T09:47:05","guid":{"rendered":"https:\/\/art-bijoux.com\/?post_type=product&#038;p=5023"},"modified":"2025-04-17T11:56:54","modified_gmt":"2025-04-17T09:56:54","slug":"carte-village-brume","status":"publish","type":"product","link":"https:\/\/art-bijoux.com\/en\/boutique\/carte-village-brume\/","title":{"rendered":"Brume matinale sur un village fran\u00e7ais &#8211; carte postale peinte sur soie"},"content":{"rendered":"<figure id=\"attachment_5024\" aria-describedby=\"caption-attachment-5024\" style=\"width: 300px\" class=\"wp-caption alignleft\"><img fetchpriority=\"high\" decoding=\"async\" class=\"size-medium wp-image-5024\" src=\"https:\/\/art-bijoux.com\/wp-content\/uploads\/2025\/04\/Carte-silhouette-eglise-horizontal-300x203.jpg\" alt=\"carte brume matinale sur un village fran\u00e7ais\" width=\"300\" height=\"203\" srcset=\"https:\/\/art-bijoux.com\/wp-content\/uploads\/2025\/04\/Carte-silhouette-eglise-horizontal-300x203.jpg 300w, https:\/\/art-bijoux.com\/wp-content\/uploads\/2025\/04\/Carte-silhouette-eglise-horizontal-768x518.jpg 768w, https:\/\/art-bijoux.com\/wp-content\/uploads\/2025\/04\/Carte-silhouette-eglise-horizontal-600x405.jpg 600w, https:\/\/art-bijoux.com\/wp-content\/uploads\/2025\/04\/Carte-silhouette-eglise-horizontal.jpg 1000w\" sizes=\"(max-width: 300px) 100vw, 300px\" \/><figcaption id=\"caption-attachment-5024\" class=\"wp-caption-text\">carte brume matinale sur un village fran\u00e7ais<\/figcaption><\/figure>\n<p class=\"\" data-start=\"143\" data-end=\"310\">Chaque carte est une \u0153uvre miniature, r\u00e9alis\u00e9e \u00e0 partir d\u2019un rectangle de soie naturelle peint \u00e0 la main, r\u00e9cup\u00e9r\u00e9 parmi les chutes des foulards de cr\u00e9ateur, puis encadr\u00e9 dans une carte cartonn\u00e9e soigneusement d\u00e9coup\u00e9e.<\/p>\n<p class=\"\" data-start=\"312\" data-end=\"699\">Ce paysage typiquement fran\u00e7ais \u00e9voque la qui\u00e9tude des petits matins envelopp\u00e9s de brume. La ligne d\u2019horizon s\u2019efface dans une l\u00e9g\u00e8re vapeur blanche, comme suspendue dans le silence. \u00c0 travers les feuillages aux verts vari\u00e9s, on devine la silhouette d\u2019une \u00e9glise et des maisons du village. Le ciel, nuanc\u00e9 de bleu et de violet, charg\u00e9 de nuages, apporte une atmosph\u00e8re douce et po\u00e9tique.<\/p>\n<p class=\"\" data-start=\"701\" data-end=\"847\">Une carte \u00e0 envoyer pour dire &#8220;Je pense \u00e0 toi&#8221;, partager un instant d\u2019\u00e9merveillement ou simplement offrir un peu de beaut\u00e9 \u00e0 quelqu\u2019un qu\u2019on aime.<\/p>\n<p class=\"\" data-start=\"849\" data-end=\"999\">\ud83d\udd8b Format : 10,5 x 14,8 cm<br data-start=\"875\" data-end=\"878\" \/>\ud83e\uddf5 Support : carte double avec enveloppe assortie<br data-start=\"1656\" data-end=\"1659\" \/>\ud83c\udfa8 Pi\u00e8ce unique \u2013 Soie naturelle peinte \u00e0 la main, gutta dor\u00e9e\/argent\u00e9e, peinture artisanale : technique du serti<\/p>\n<p>A envoyer avec un message sinc\u00e8re, \u00e0 collectionner, \u00e0 exposer dans un sous-verre,<\/p>\n<p>Cette carte est id\u00e9ale pour les amateurs d\u2019art et de patrimoine fran\u00e7ais.<\/p>\n<h3>Caract\u00e9ristiques de la carte postale :<\/h3>\n<ul>\n<li><strong>Mat\u00e9riau principal<\/strong> : Soie naturelle r\u00e9cup\u00e9r\u00e9e, peinte \u00e0 la main \u00e0 l&#8217;encre et \u00e9tuv\u00e9 \u00e0 la vapeur<\/li>\n<li><strong>Motif<\/strong> : Paysage fran\u00e7ais traditionnel d&#8217;\u00e9glise avec clocher, arbres verts et buisson roux<\/li>\n<li><strong>Arri\u00e8re-plan<\/strong> : Ciel bleu et gris avec des nuages.<\/li>\n<li><strong>Montage<\/strong> : Carton jaune orang\u00e9 avec une fen\u00eatre encadrant la sc\u00e8ne<\/li>\n<li><strong>Style<\/strong> : \u00c9l\u00e9gance artisanale et charme du patrimoine rural<\/li>\n<\/ul>\n","protected":false},"excerpt":{"rendered":"<p>Carte postale en soie naturelle r\u00e9cup\u00e9r\u00e9e. Elle repr\u00e9sente un village avec une \u00e9glise au dessus d&#8217;un voile de brume.<\/p>\n","protected":false},"featured_media":5024,"comment_status":"open","ping_status":"closed","template":"","meta":[],"product_brand":[],"product_cat":[179],"product_tag":[34,43],"class_list":{"0":"post-5023","1":"product","2":"type-product","3":"status-publish","4":"has-post-thumbnail","6":"product_cat-carte-soie-paysage","7":"product_tag-spiritualite-croix-anges","8":"product_tag-twill-soie","9":"pa_carte-postale-soie-paysage","11":"first","12":"instock","13":"purchasable","14":"product-type-simple"},"_links":{"self":[{"href":"https:\/\/art-bijoux.com\/en\/wp-json\/wp\/v2\/product\/5023","targetHints":{"allow":["GET"]}}],"collection":[{"href":"https:\/\/art-bijoux.com\/en\/wp-json\/wp\/v2\/product"}],"about":[{"href":"https:\/\/art-bijoux.com\/en\/wp-json\/wp\/v2\/types\/product"}],"replies":[{"embeddable":true,"href":"https:\/\/art-bijoux.com\/en\/wp-json\/wp\/v2\/comments?post=5023"}],"version-history":[{"count":0,"href":"https:\/\/art-bijoux.com\/en\/wp-json\/wp\/v2\/product\/5023\/revisions"}],"wp:featuredmedia":[{"embeddable":true,"href":"https:\/\/art-bijoux.com\/en\/wp-json\/wp\/v2\/media\/5024"}],"wp:attachment":[{"href":"https:\/\/art-bijoux.com\/en\/wp-json\/wp\/v2\/media?parent=5023"}],"wp:term":[{"taxonomy":"product_brand","embeddable":true,"href":"https:\/\/art-bijoux.com\/en\/wp-json\/wp\/v2\/product_brand?post=5023"},{"taxonomy":"product_cat","embeddable":true,"href":"https:\/\/art-bijoux.com\/en\/wp-json\/wp\/v2\/product_cat?post=5023"},{"taxonomy":"product_tag","embeddable":true,"href":"https:\/\/art-bijoux.com\/en\/wp-json\/wp\/v2\/product_tag?post=5023"}],"curies":[{"name":"wp","href":"https:\/\/api.w.org\/{rel}","templated":true}]}}