{"id":5029,"date":"2025-04-19T11:32:20","date_gmt":"2025-04-19T09:32:20","guid":{"rendered":"https:\/\/art-bijoux.com\/?post_type=product&#038;p=5029"},"modified":"2025-04-19T11:32:20","modified_gmt":"2025-04-19T09:32:20","slug":"souffle-de-printemps-lapin-de-paques","status":"publish","type":"product","link":"https:\/\/art-bijoux.com\/en\/boutique\/souffle-de-printemps-lapin-de-paques\/","title":{"rendered":"Souffle de Printemps : Lapin de P\u00e2ques !"},"content":{"rendered":"<figure id=\"attachment_5030\" aria-describedby=\"caption-attachment-5030\" style=\"width: 169px\" class=\"wp-caption alignleft\"><img fetchpriority=\"high\" decoding=\"async\" class=\"size-medium wp-image-5030\" src=\"https:\/\/art-bijoux.com\/wp-content\/uploads\/2025\/04\/Lapin-Tiffany-fusing-169x300.jpg\" alt=\"Pendentif avec des \u00e9clats bleus sur un carr\u00e9 gris et blanc, avec une breloque lapin\" width=\"169\" height=\"300\" srcset=\"https:\/\/art-bijoux.com\/wp-content\/uploads\/2025\/04\/Lapin-Tiffany-fusing-169x300.jpg 169w, https:\/\/art-bijoux.com\/wp-content\/uploads\/2025\/04\/Lapin-Tiffany-fusing-576x1024.jpg 576w, https:\/\/art-bijoux.com\/wp-content\/uploads\/2025\/04\/Lapin-Tiffany-fusing-768x1365.jpg 768w, https:\/\/art-bijoux.com\/wp-content\/uploads\/2025\/04\/Lapin-Tiffany-fusing-864x1536.jpg 864w, https:\/\/art-bijoux.com\/wp-content\/uploads\/2025\/04\/Lapin-Tiffany-fusing-600x1067.jpg 600w, https:\/\/art-bijoux.com\/wp-content\/uploads\/2025\/04\/Lapin-Tiffany-fusing.jpg 1080w\" sizes=\"(max-width: 169px) 100vw, 169px\" \/><figcaption id=\"caption-attachment-5030\" class=\"wp-caption-text\">Pendentif avec des \u00e9clats bleus sur un carr\u00e9 gris et blanc, avec une breloque lapin<\/figcaption><\/figure>\n<p class=\"\" data-start=\"144\" data-end=\"534\">Un bijou unique, n\u00e9 de la fusion de verres soigneusement choisis. Des \u00e9clats de verre bleu fonc\u00e9 ont \u00e9t\u00e9 fondus sur un carr\u00e9 gris clair, stri\u00e9 de fines veines blanches, lui donnant un aspect min\u00e9ral et d\u00e9licat. Le tout a \u00e9t\u00e9 mont\u00e9 selon la technique Tiffany : les bords ont \u00e9t\u00e9 meul\u00e9s, sertis au cuivre puis soud\u00e9s \u00e0 l\u2019\u00e9tain. La patine est gris fonc\u00e9, pour souligner la profondeur du verre.<\/p>\n<p class=\"\" data-start=\"536\" data-end=\"714\">Une breloque en m\u00e9tal argent\u00e9 repr\u00e9sentant un lapin assis, tout en rondeur et en tendresse, est suspendue au m\u00e9daillon, apportant une touche ludique et printani\u00e8re.<\/p>\n<p class=\"\" data-start=\"716\" data-end=\"868\">Ce m\u00e9daillon est un clin d\u2019\u0153il po\u00e9tique \u00e0 P\u00e2ques, au renouveau et \u00e0 la nature. \u00c0 porter toute l\u2019ann\u00e9e pour affirmer une personnalit\u00e9 douce et originale.<\/p>\n<p class=\"\" data-start=\"870\" data-end=\"988\"><strong data-start=\"870\" data-end=\"886\">Dimensions approximatives :<\/strong><br data-start=\"886\" data-end=\"889\" \/>Hauteur totale : 4 cm<br data-start=\"928\" data-end=\"931\" \/>Largeur :4,5 cm<br data-start=\"947\" data-end=\"950\" \/>Confortable au quotidien<\/p>\n","protected":false},"excerpt":{"rendered":"<p>Un pendentif unique en verre de r\u00e9cup\u00e9ration gris stri\u00e9 de blanc sur lequel des \u00e9clats bleus sont fondus. Mont\u00e9 en Tiffany, une breloque Lapin le rehausse.<\/p>\n","protected":false},"featured_media":5030,"comment_status":"open","ping_status":"closed","template":"","meta":[],"product_brand":[],"product_cat":[176,214,182,186,28],"product_tag":[52,29,49,26,27],"class_list":{"0":"post-5029","1":"product","2":"type-product","3":"status-publish","4":"has-post-thumbnail","6":"product_cat-breloque-bijou-verre","7":"product_cat-medaillon","8":"product_cat-pendentif-fusing","9":"product_cat-bijou-pendentif-fusing-tiffany","10":"product_cat-pendentif-tiffany","11":"product_tag-portrait-animal","12":"product_tag-breloque-metal-pierre","13":"product_tag-fusing-verre","14":"product_tag-pendentif-verre","15":"product_tag-tiffany-verre","16":"pa_bijou-pendentif","18":"first","19":"instock","20":"purchasable","21":"product-type-simple"},"_links":{"self":[{"href":"https:\/\/art-bijoux.com\/en\/wp-json\/wp\/v2\/product\/5029","targetHints":{"allow":["GET"]}}],"collection":[{"href":"https:\/\/art-bijoux.com\/en\/wp-json\/wp\/v2\/product"}],"about":[{"href":"https:\/\/art-bijoux.com\/en\/wp-json\/wp\/v2\/types\/product"}],"replies":[{"embeddable":true,"href":"https:\/\/art-bijoux.com\/en\/wp-json\/wp\/v2\/comments?post=5029"}],"version-history":[{"count":0,"href":"https:\/\/art-bijoux.com\/en\/wp-json\/wp\/v2\/product\/5029\/revisions"}],"wp:featuredmedia":[{"embeddable":true,"href":"https:\/\/art-bijoux.com\/en\/wp-json\/wp\/v2\/media\/5030"}],"wp:attachment":[{"href":"https:\/\/art-bijoux.com\/en\/wp-json\/wp\/v2\/media?parent=5029"}],"wp:term":[{"taxonomy":"product_brand","embeddable":true,"href":"https:\/\/art-bijoux.com\/en\/wp-json\/wp\/v2\/product_brand?post=5029"},{"taxonomy":"product_cat","embeddable":true,"href":"https:\/\/art-bijoux.com\/en\/wp-json\/wp\/v2\/product_cat?post=5029"},{"taxonomy":"product_tag","embeddable":true,"href":"https:\/\/art-bijoux.com\/en\/wp-json\/wp\/v2\/product_tag?post=5029"}],"curies":[{"name":"wp","href":"https:\/\/api.w.org\/{rel}","templated":true}]}}