{"id":5032,"date":"2025-04-20T14:04:57","date_gmt":"2025-04-20T12:04:57","guid":{"rendered":"https:\/\/art-bijoux.com\/?post_type=product&#038;p=5032"},"modified":"2025-04-20T14:04:57","modified_gmt":"2025-04-20T12:04:57","slug":"pendentif-fusing-verre-croix","status":"publish","type":"product","link":"https:\/\/art-bijoux.com\/en\/boutique\/pendentif-fusing-verre-croix\/","title":{"rendered":"Pendentif Tr\u00eave de P\u00e2ques Pi\u00e8ce unique \u2013 verre dichro\u00efque &#038; monture Tiffany"},"content":{"rendered":"<figure id=\"attachment_5033\" aria-describedby=\"caption-attachment-5033\" style=\"width: 169px\" class=\"wp-caption alignleft\"><img fetchpriority=\"high\" decoding=\"async\" class=\"size-medium wp-image-5033\" src=\"https:\/\/art-bijoux.com\/wp-content\/uploads\/2025\/04\/Paix-croix-sur-chasuble-blanche-brodee-or-169x300.jpg\" alt=\"Pendentif Croix et Paix en verre dichro\u00efque fondu, mont\u00e9 en Tiffany\" width=\"169\" height=\"300\" srcset=\"https:\/\/art-bijoux.com\/wp-content\/uploads\/2025\/04\/Paix-croix-sur-chasuble-blanche-brodee-or-169x300.jpg 169w, https:\/\/art-bijoux.com\/wp-content\/uploads\/2025\/04\/Paix-croix-sur-chasuble-blanche-brodee-or-576x1024.jpg 576w, https:\/\/art-bijoux.com\/wp-content\/uploads\/2025\/04\/Paix-croix-sur-chasuble-blanche-brodee-or-768x1365.jpg 768w, https:\/\/art-bijoux.com\/wp-content\/uploads\/2025\/04\/Paix-croix-sur-chasuble-blanche-brodee-or-864x1536.jpg 864w, https:\/\/art-bijoux.com\/wp-content\/uploads\/2025\/04\/Paix-croix-sur-chasuble-blanche-brodee-or-600x1067.jpg 600w, https:\/\/art-bijoux.com\/wp-content\/uploads\/2025\/04\/Paix-croix-sur-chasuble-blanche-brodee-or.jpg 1080w\" sizes=\"(max-width: 169px) 100vw, 169px\" \/><figcaption id=\"caption-attachment-5033\" class=\"wp-caption-text\">Pendentif Croix et Paix en verre dichro\u00efque fondu, mont\u00e9 en Tiffany<\/figcaption><\/figure>\n<p>Ce pendentif rectangulaire, irr\u00e9gulier et singulier, est fa\u00e7onn\u00e9 \u00e0 partir d\u2019un verre bleu fonc\u00e9 profond, rehauss\u00e9 d\u2019un rectangle de verre dichro\u00efque aux reflets changeants. Ses motifs en chevrons, aux nuances bleues plus claires, captent la lumi\u00e8re et \u00e9voquent les ondulations d\u2019un souffle apais\u00e9.<\/p>\n<p data-start=\"603\" data-end=\"845\">Mont\u00e9 selon la technique Tiffany (verre meul\u00e9, serti de cuivre, soud\u00e9 \u00e0 l\u2019\u00e9tain), il incarne la patience du geste artisanal. Une b\u00e9li\u00e8re en m\u00e9tal argent\u00e9 a \u00e9t\u00e9 solidement soud\u00e9e \u00e0 l\u2019arri\u00e8re, permettant de le porter sur une cha\u00eene ou un lacet.<\/p>\n<p data-start=\"847\" data-end=\"1053\">Symbole fort, une <strong data-start=\"865\" data-end=\"880\">croix orn\u00e9e<\/strong> est suspendue entre deux anneaux, l\u2019un au sommet et l\u2019autre \u00e0 la base du pendentif. Elle rappelle la <strong data-start=\"982\" data-end=\"1001\">tr\u00eave de P\u00e2ques<\/strong>, une parenth\u00e8se de paix et d\u2019esp\u00e9rance.<\/p>\n<p data-start=\"1055\" data-end=\"1182\">\ud83d\udccf <strong data-start=\"1058\" data-end=\"1072\">Dimensions<\/strong> :<br data-start=\"1074\" data-end=\"1077\" \/>Hauteur : 4 cm<br data-start=\"1106\" data-end=\"1109\" \/>Largeur : 3 cm<br data-start=\"1149\" data-end=\"1152\" \/>Montage : m\u00e9tal argent\u00e9 patin\u00e9<\/p>\n<p data-start=\"1184\" data-end=\"1304\">\ud83d\udd4a\ufe0f <strong data-start=\"1188\" data-end=\"1210\">Un bijou spirituel<\/strong>, \u00e0 la fois discret et profond, qui c\u00e9l\u00e8bre la paix int\u00e9rieure autant que l\u2019h\u00e9ritage du sacr\u00e9.<\/p>\n","protected":false},"excerpt":{"rendered":"<p>Pendentif rectangulaire symbole de &#8220;Croix et Paix&#8221;, en verre dichro\u00efque avec des motifs de chevrons, fondu sur du verre bleu fonc\u00e9, mont\u00e9 en Tiffany<\/p>\n","protected":false},"featured_media":5033,"comment_status":"open","ping_status":"closed","template":"","meta":[],"product_brand":[],"product_cat":[182,186,28],"product_tag":[49,26,34],"class_list":{"0":"post-5032","1":"product","2":"type-product","3":"status-publish","4":"has-post-thumbnail","6":"product_cat-pendentif-fusing","7":"product_cat-bijou-pendentif-fusing-tiffany","8":"product_cat-pendentif-tiffany","9":"product_tag-fusing-verre","10":"product_tag-pendentif-verre","11":"product_tag-spiritualite-croix-anges","12":"pa_bijou-pendentif","14":"first","15":"instock","16":"purchasable","17":"product-type-simple"},"_links":{"self":[{"href":"https:\/\/art-bijoux.com\/en\/wp-json\/wp\/v2\/product\/5032","targetHints":{"allow":["GET"]}}],"collection":[{"href":"https:\/\/art-bijoux.com\/en\/wp-json\/wp\/v2\/product"}],"about":[{"href":"https:\/\/art-bijoux.com\/en\/wp-json\/wp\/v2\/types\/product"}],"replies":[{"embeddable":true,"href":"https:\/\/art-bijoux.com\/en\/wp-json\/wp\/v2\/comments?post=5032"}],"version-history":[{"count":0,"href":"https:\/\/art-bijoux.com\/en\/wp-json\/wp\/v2\/product\/5032\/revisions"}],"wp:featuredmedia":[{"embeddable":true,"href":"https:\/\/art-bijoux.com\/en\/wp-json\/wp\/v2\/media\/5033"}],"wp:attachment":[{"href":"https:\/\/art-bijoux.com\/en\/wp-json\/wp\/v2\/media?parent=5032"}],"wp:term":[{"taxonomy":"product_brand","embeddable":true,"href":"https:\/\/art-bijoux.com\/en\/wp-json\/wp\/v2\/product_brand?post=5032"},{"taxonomy":"product_cat","embeddable":true,"href":"https:\/\/art-bijoux.com\/en\/wp-json\/wp\/v2\/product_cat?post=5032"},{"taxonomy":"product_tag","embeddable":true,"href":"https:\/\/art-bijoux.com\/en\/wp-json\/wp\/v2\/product_tag?post=5032"}],"curies":[{"name":"wp","href":"https:\/\/api.w.org\/{rel}","templated":true}]}}