{"id":5041,"date":"2025-04-21T17:46:02","date_gmt":"2025-04-21T15:46:02","guid":{"rendered":"https:\/\/art-bijoux.com\/?post_type=product&#038;p=5041"},"modified":"2025-12-01T08:42:32","modified_gmt":"2025-12-01T07:42:32","slug":"pendentif-verre-fusing-branche","status":"publish","type":"product","link":"https:\/\/art-bijoux.com\/en\/boutique\/pendentif-verre-fusing-branche\/","title":{"rendered":"Pendentif branche \u201cRameau de nuit pourpre\u201d &#8211; Verre dichro\u00efque fondu et branche de m\u00e9tal dor\u00e9"},"content":{"rendered":"<figure id=\"attachment_5042\" aria-describedby=\"caption-attachment-5042\" style=\"width: 225px\" class=\"wp-caption alignleft\"><img fetchpriority=\"high\" decoding=\"async\" class=\"size-medium wp-image-5042\" src=\"https:\/\/art-bijoux.com\/wp-content\/uploads\/2025\/04\/Branche-dichroique-1-225x300.jpg\" alt=\"Pendentif en verre dichro\u00efque fondu avec une branche en m\u00e9tal dor\u00e9e.\" width=\"225\" height=\"300\" srcset=\"https:\/\/art-bijoux.com\/wp-content\/uploads\/2025\/04\/Branche-dichroique-1-225x300.jpg 225w, https:\/\/art-bijoux.com\/wp-content\/uploads\/2025\/04\/Branche-dichroique-1-768x1024.jpg 768w, https:\/\/art-bijoux.com\/wp-content\/uploads\/2025\/04\/Branche-dichroique-1-1152x1536.jpg 1152w, https:\/\/art-bijoux.com\/wp-content\/uploads\/2025\/04\/Branche-dichroique-1-1536x2048.jpg 1536w, https:\/\/art-bijoux.com\/wp-content\/uploads\/2025\/04\/Branche-dichroique-1-300x400.jpg 300w, https:\/\/art-bijoux.com\/wp-content\/uploads\/2025\/04\/Branche-dichroique-1-600x800.jpg 600w, https:\/\/art-bijoux.com\/wp-content\/uploads\/2025\/04\/Branche-dichroique-1-scaled.jpg 1920w\" sizes=\"(max-width: 225px) 100vw, 225px\" \/><figcaption id=\"caption-attachment-5042\" class=\"wp-caption-text\">Pendentif en verre dichro\u00efque fondu avec une branche en m\u00e9tal dor\u00e9e.<\/figcaption><\/figure>\n<p class=\"\" data-start=\"70\" data-end=\"676\">Ce bijou unique est n\u00e9 du mariage po\u00e9tique entre mati\u00e8re brute et \u00e9clat pr\u00e9cieux. Sur un carr\u00e9 irr\u00e9gulier de verre bleu fonc\u00e9, r\u00e9cup\u00e9r\u00e9 avec soin, a \u00e9t\u00e9 fondu un rectangle de verre dichro\u00efque aux reflets changeants de rose et d\u2019or, selon la lumi\u00e8re.<br data-start=\"365\" data-end=\"368\" \/>Mont\u00e9 en technique Tiffany (verre meul\u00e9, serti de cuivre puis soud\u00e9 \u00e0 l\u2019\u00e9tain), le pendentif est rehauss\u00e9 d\u2019une branche ajour\u00e9e en m\u00e9tal dor\u00e9, d\u00e9licatement soud\u00e9e en surface, qui d\u00e9passe l\u00e9g\u00e8rement comme une liane dor\u00e9e. Une b\u00e9li\u00e8re a \u00e9t\u00e9 solidement soud\u00e9e \u00e0 l\u2019arri\u00e8re pour y glisser un collier ou un cordon.<\/p>\n<p class=\"\" data-start=\"678\" data-end=\"759\">Un bijou qui \u00e9voque la lumi\u00e8re d\u2019un soir d\u2019automne, entre myst\u00e8re et raffinement.<\/p>\n","protected":false},"excerpt":{"rendered":"<p>Pendentif en verre dichro\u00efque fondu avec une branche en m\u00e9tal dor\u00e9e.<\/p>\n","protected":false},"featured_media":5044,"comment_status":"open","ping_status":"closed","template":"","meta":[],"product_brand":[],"product_cat":[176,182,186,28],"product_tag":[29,198,49,26,27],"class_list":{"0":"post-5041","1":"product","2":"type-product","3":"status-publish","4":"has-post-thumbnail","6":"product_cat-breloque-bijou-verre","7":"product_cat-pendentif-fusing","8":"product_cat-bijou-pendentif-fusing-tiffany","9":"product_cat-pendentif-tiffany","10":"product_tag-breloque-metal-pierre","11":"product_tag-feuille-doree","12":"product_tag-fusing-verre","13":"product_tag-pendentif-verre","14":"product_tag-tiffany-verre","15":"pa_bijou-pendentif","16":"pa_breloque-dore","17":"pa_breloque-feuilles-arbre","19":"first","20":"instock","21":"purchasable","22":"product-type-simple"},"_links":{"self":[{"href":"https:\/\/art-bijoux.com\/en\/wp-json\/wp\/v2\/product\/5041","targetHints":{"allow":["GET"]}}],"collection":[{"href":"https:\/\/art-bijoux.com\/en\/wp-json\/wp\/v2\/product"}],"about":[{"href":"https:\/\/art-bijoux.com\/en\/wp-json\/wp\/v2\/types\/product"}],"replies":[{"embeddable":true,"href":"https:\/\/art-bijoux.com\/en\/wp-json\/wp\/v2\/comments?post=5041"}],"version-history":[{"count":2,"href":"https:\/\/art-bijoux.com\/en\/wp-json\/wp\/v2\/product\/5041\/revisions"}],"predecessor-version":[{"id":6025,"href":"https:\/\/art-bijoux.com\/en\/wp-json\/wp\/v2\/product\/5041\/revisions\/6025"}],"wp:featuredmedia":[{"embeddable":true,"href":"https:\/\/art-bijoux.com\/en\/wp-json\/wp\/v2\/media\/5044"}],"wp:attachment":[{"href":"https:\/\/art-bijoux.com\/en\/wp-json\/wp\/v2\/media?parent=5041"}],"wp:term":[{"taxonomy":"product_brand","embeddable":true,"href":"https:\/\/art-bijoux.com\/en\/wp-json\/wp\/v2\/product_brand?post=5041"},{"taxonomy":"product_cat","embeddable":true,"href":"https:\/\/art-bijoux.com\/en\/wp-json\/wp\/v2\/product_cat?post=5041"},{"taxonomy":"product_tag","embeddable":true,"href":"https:\/\/art-bijoux.com\/en\/wp-json\/wp\/v2\/product_tag?post=5041"}],"curies":[{"name":"wp","href":"https:\/\/api.w.org\/{rel}","templated":true}]}}