{"id":5046,"date":"2025-04-21T17:54:21","date_gmt":"2025-04-21T15:54:21","guid":{"rendered":"https:\/\/art-bijoux.com\/?post_type=product&#038;p=5046"},"modified":"2026-03-12T16:28:16","modified_gmt":"2026-03-12T15:28:16","slug":"pendentif-reflet-darbre-verre-dichroique-fondu-et-branche-doree","status":"publish","type":"product","link":"https:\/\/art-bijoux.com\/en\/boutique\/pendentif-reflet-darbre-verre-dichroique-fondu-et-branche-doree\/","title":{"rendered":"Pendentif \u201cRameau de nuit bleue\u201d &#8211; Verre dichro\u00efque fondu et branche dor\u00e9e"},"content":{"rendered":"<figure id=\"attachment_5047\" aria-describedby=\"caption-attachment-5047\" style=\"width: 225px\" class=\"wp-caption alignleft\"><img fetchpriority=\"high\" decoding=\"async\" class=\"size-medium wp-image-5047\" src=\"https:\/\/art-bijoux.com\/wp-content\/uploads\/2025\/04\/Branche-dichroique-2-225x300.jpg\" alt=\"Pendentif en verre dichro\u00efque fondu avec une branche dor\u00e9e\" width=\"225\" height=\"300\" srcset=\"https:\/\/art-bijoux.com\/wp-content\/uploads\/2025\/04\/Branche-dichroique-2-225x300.jpg 225w, https:\/\/art-bijoux.com\/wp-content\/uploads\/2025\/04\/Branche-dichroique-2-768x1024.jpg 768w, https:\/\/art-bijoux.com\/wp-content\/uploads\/2025\/04\/Branche-dichroique-2-1152x1536.jpg 1152w, https:\/\/art-bijoux.com\/wp-content\/uploads\/2025\/04\/Branche-dichroique-2-1536x2048.jpg 1536w, https:\/\/art-bijoux.com\/wp-content\/uploads\/2025\/04\/Branche-dichroique-2-300x400.jpg 300w, https:\/\/art-bijoux.com\/wp-content\/uploads\/2025\/04\/Branche-dichroique-2-600x800.jpg 600w, https:\/\/art-bijoux.com\/wp-content\/uploads\/2025\/04\/Branche-dichroique-2-scaled.jpg 1920w\" sizes=\"(max-width: 225px) 100vw, 225px\" \/><figcaption id=\"caption-attachment-5047\" class=\"wp-caption-text\">Pendentif en verre dichro\u00efque fondu avec une branche dor\u00e9e<\/figcaption><\/figure>\n<p class=\"\" data-start=\"71\" data-end=\"719\">Ce pendentif associe sobri\u00e9t\u00e9 et \u00e9clat dans une composition pleine de contraste. Sur un carr\u00e9 de verre blanc opaque, soigneusement r\u00e9cup\u00e9r\u00e9, a \u00e9t\u00e9 fondu un carr\u00e9 de verre dichro\u00efque aux nuances bleu clair et bleu fonc\u00e9, \u00e9voquant les reflets changeants du ciel dans la lumi\u00e8re.<br data-start=\"390\" data-end=\"393\" \/>Mont\u00e9 en technique Tiffany (meulage, sertissage au cuivre et soudure \u00e0 l\u2019\u00e9tain), il est orn\u00e9 en surface d\u2019une branche ajour\u00e9e en m\u00e9tal dor\u00e9, soud\u00e9e de fa\u00e7on \u00e0 d\u00e9passer l\u00e9g\u00e8rement la forme du verre, apportant l\u00e9g\u00e8ret\u00e9 et mouvement \u00e0 l\u2019ensemble. Une b\u00e9li\u00e8re solide a \u00e9t\u00e9 fix\u00e9e \u00e0 l\u2019arri\u00e8re pour le porter au plus pr\u00e8s du c\u0153ur.<\/p>\n<p class=\"\" data-start=\"721\" data-end=\"784\">Un bijou unique aux accents forestiers, \u00e0 la fois doux et lumineux.<\/p>\n","protected":false},"excerpt":{"rendered":"<p>Un pendentif en verre r\u00e9cup\u00e9r\u00e9 fondu, mont\u00e9 en Tiffany, de 2 nuances de bleu, sur lequel une branche d&#8217;arbre cisel\u00e9e, en m\u00e9tal dor\u00e9, a \u00e9t\u00e9 soud\u00e9e.<\/p>\n","protected":false},"featured_media":5049,"comment_status":"open","ping_status":"closed","template":"","meta":[],"product_brand":[],"product_cat":[182,186,28],"product_tag":[29,198,49,26,27],"class_list":{"0":"post-5046","1":"product","2":"type-product","3":"status-publish","4":"has-post-thumbnail","6":"product_cat-pendentif-fusing","7":"product_cat-bijou-pendentif-fusing-tiffany","8":"product_cat-pendentif-tiffany","9":"product_tag-breloque-metal-pierre","10":"product_tag-feuille-doree","11":"product_tag-fusing-verre","12":"product_tag-pendentif-verre","13":"product_tag-tiffany-verre","14":"pa_bijou-pendentif","15":"pa_breloque-arbre-vie","16":"pa_breloque-dore","18":"first","19":"outofstock","20":"purchasable","21":"product-type-simple"},"_links":{"self":[{"href":"https:\/\/art-bijoux.com\/en\/wp-json\/wp\/v2\/product\/5046","targetHints":{"allow":["GET"]}}],"collection":[{"href":"https:\/\/art-bijoux.com\/en\/wp-json\/wp\/v2\/product"}],"about":[{"href":"https:\/\/art-bijoux.com\/en\/wp-json\/wp\/v2\/types\/product"}],"replies":[{"embeddable":true,"href":"https:\/\/art-bijoux.com\/en\/wp-json\/wp\/v2\/comments?post=5046"}],"version-history":[{"count":2,"href":"https:\/\/art-bijoux.com\/en\/wp-json\/wp\/v2\/product\/5046\/revisions"}],"predecessor-version":[{"id":6021,"href":"https:\/\/art-bijoux.com\/en\/wp-json\/wp\/v2\/product\/5046\/revisions\/6021"}],"wp:featuredmedia":[{"embeddable":true,"href":"https:\/\/art-bijoux.com\/en\/wp-json\/wp\/v2\/media\/5049"}],"wp:attachment":[{"href":"https:\/\/art-bijoux.com\/en\/wp-json\/wp\/v2\/media?parent=5046"}],"wp:term":[{"taxonomy":"product_brand","embeddable":true,"href":"https:\/\/art-bijoux.com\/en\/wp-json\/wp\/v2\/product_brand?post=5046"},{"taxonomy":"product_cat","embeddable":true,"href":"https:\/\/art-bijoux.com\/en\/wp-json\/wp\/v2\/product_cat?post=5046"},{"taxonomy":"product_tag","embeddable":true,"href":"https:\/\/art-bijoux.com\/en\/wp-json\/wp\/v2\/product_tag?post=5046"}],"curies":[{"name":"wp","href":"https:\/\/api.w.org\/{rel}","templated":true}]}}