{"id":5066,"date":"2025-04-23T12:44:08","date_gmt":"2025-04-23T10:44:08","guid":{"rendered":"https:\/\/art-bijoux.com\/?post_type=product&#038;p=5066"},"modified":"2025-04-24T10:52:50","modified_gmt":"2025-04-24T08:52:50","slug":"5066-pendentif-verre-grisaille","status":"publish","type":"product","link":"https:\/\/art-bijoux.com\/en\/boutique\/5066-pendentif-verre-grisaille\/","title":{"rendered":"La branche et la fraise &#8211; Pendentif unique en verre antique peint \u00e0 la grisaille"},"content":{"rendered":"<figure id=\"attachment_5053\" aria-describedby=\"caption-attachment-5053\" style=\"width: 168px\" class=\"wp-caption alignleft\"><img fetchpriority=\"high\" decoding=\"async\" class=\"size-medium wp-image-5053\" src=\"https:\/\/art-bijoux.com\/wp-content\/uploads\/2025\/04\/Fraise-168x300.jpg\" alt=\"Pendentif en verre antique peint \u00e0 la grisaille repr\u00e9sentant une fraise\" width=\"168\" height=\"300\" srcset=\"https:\/\/art-bijoux.com\/wp-content\/uploads\/2025\/04\/Fraise-168x300.jpg 168w, https:\/\/art-bijoux.com\/wp-content\/uploads\/2025\/04\/Fraise-573x1024.jpg 573w, https:\/\/art-bijoux.com\/wp-content\/uploads\/2025\/04\/Fraise-768x1373.jpg 768w, https:\/\/art-bijoux.com\/wp-content\/uploads\/2025\/04\/Fraise-859x1536.jpg 859w, https:\/\/art-bijoux.com\/wp-content\/uploads\/2025\/04\/Fraise-600x1073.jpg 600w, https:\/\/art-bijoux.com\/wp-content\/uploads\/2025\/04\/Fraise.jpg 1074w\" sizes=\"(max-width: 168px) 100vw, 168px\" \/><figcaption id=\"caption-attachment-5053\" class=\"wp-caption-text\">Pendentif en verre antique peint \u00e0 la grisaille repr\u00e9sentant une fraise<\/figcaption><\/figure>\n<p data-pm-slice=\"1 1 []\">Chaque bijou de cette s\u00e9rie unique est mont\u00e9 sur un rectangle de m\u00e9tal de 1,2 cm par 6 cm, format inspir\u00e9 par les marges des livres m\u00e9di\u00e9vaux enlumin\u00e9s. Le support en verre est issu de verres antiques souffl\u00e9s \u00e0 la bouche, r\u00e9cup\u00e9r\u00e9s lors de restaurations de vitraux d\u2019\u00e9glises. Ces verres sont riches en bulles d\u2019air et en irr\u00e9gularit\u00e9s, marques pr\u00e9cieuses du travail artisanal du souffleur de verre. Sur chaque pi\u00e8ce, j\u2019ai peint \u00e0 la main une miniature inspir\u00e9e des enluminures m\u00e9di\u00e9vales, \u00e0 la grisaille, technique en usage d\u00e8s le XIIe si\u00e8cle. Les teintes dominantes sont des bruns typiques, rehauss\u00e9s parfois d\u2019un trait de bleu, de rouge, de jaune ou de vert.<\/p>\n<p data-pm-slice=\"1 1 [&quot;ordered_list&quot;,{&quot;spread&quot;:true,&quot;startingNumber&quot;:1,&quot;start&quot;:688,&quot;end&quot;:3692},&quot;regular_list_item&quot;,{&quot;start&quot;:946,&quot;end&quot;:1254}]\">Pendentif La Branche et la Fraise : Une branche sinueuse aux tons bruns s&#8217;\u00e9l\u00e8ve en volutes \u00e9l\u00e9gantes. Une fraise rouge miniature se d\u00e9tache en hauteur, encadr\u00e9e de feuilles vertes et beiges peintes avec d\u00e9licatesse. L\u2019ensemble \u00e9voque les motifs d\u00e9coratifs des manuscrits enlumin\u00e9s, entre nature et ornement.<\/p>\n","protected":false},"excerpt":{"rendered":"<p>Une branche sinueuse aux tons bruns s&#8217;\u00e9l\u00e8ve en volutes \u00e9l\u00e9gantes. Une fraise rouge miniature se d\u00e9tache, encadr\u00e9e de feuilles vertes et beiges.<\/p>\n","protected":false},"featured_media":5053,"comment_status":"open","ping_status":"closed","template":"","meta":[],"product_brand":[],"product_cat":[287],"product_tag":[35,38,26],"class_list":{"0":"post-5066","1":"product","2":"type-product","3":"status-publish","4":"has-post-thumbnail","6":"product_cat-verre-peint-grisaille-antique","7":"product_tag-feuille-breloque-metal","8":"product_tag-fleur-soie-metal","9":"product_tag-pendentif-verre","10":"pa_bijou-pendentif","12":"first","13":"instock","14":"purchasable","15":"product-type-simple"},"_links":{"self":[{"href":"https:\/\/art-bijoux.com\/en\/wp-json\/wp\/v2\/product\/5066","targetHints":{"allow":["GET"]}}],"collection":[{"href":"https:\/\/art-bijoux.com\/en\/wp-json\/wp\/v2\/product"}],"about":[{"href":"https:\/\/art-bijoux.com\/en\/wp-json\/wp\/v2\/types\/product"}],"replies":[{"embeddable":true,"href":"https:\/\/art-bijoux.com\/en\/wp-json\/wp\/v2\/comments?post=5066"}],"version-history":[{"count":0,"href":"https:\/\/art-bijoux.com\/en\/wp-json\/wp\/v2\/product\/5066\/revisions"}],"wp:featuredmedia":[{"embeddable":true,"href":"https:\/\/art-bijoux.com\/en\/wp-json\/wp\/v2\/media\/5053"}],"wp:attachment":[{"href":"https:\/\/art-bijoux.com\/en\/wp-json\/wp\/v2\/media?parent=5066"}],"wp:term":[{"taxonomy":"product_brand","embeddable":true,"href":"https:\/\/art-bijoux.com\/en\/wp-json\/wp\/v2\/product_brand?post=5066"},{"taxonomy":"product_cat","embeddable":true,"href":"https:\/\/art-bijoux.com\/en\/wp-json\/wp\/v2\/product_cat?post=5066"},{"taxonomy":"product_tag","embeddable":true,"href":"https:\/\/art-bijoux.com\/en\/wp-json\/wp\/v2\/product_tag?post=5066"}],"curies":[{"name":"wp","href":"https:\/\/api.w.org\/{rel}","templated":true}]}}