{"id":5068,"date":"2025-04-24T10:44:50","date_gmt":"2025-04-24T08:44:50","guid":{"rendered":"https:\/\/art-bijoux.com\/?post_type=product&#038;p=5068"},"modified":"2025-04-25T14:03:43","modified_gmt":"2025-04-25T12:03:43","slug":"pendentif-verre-grisaille-oiseau","status":"publish","type":"product","link":"https:\/\/art-bijoux.com\/en\/boutique\/pendentif-verre-grisaille-oiseau\/","title":{"rendered":"L&#8217;oiseau et la Branche &#8211; Pendentif unique en verre antique peint \u00e0 la grisaille"},"content":{"rendered":"<figure id=\"attachment_5057\" aria-describedby=\"caption-attachment-5057\" style=\"width: 164px\" class=\"wp-caption alignleft\"><img decoding=\"async\" class=\"size-medium wp-image-5057\" src=\"https:\/\/art-bijoux.com\/wp-content\/uploads\/2025\/04\/Enluminure-8-oiseau-164x300.jpg\" alt=\"Pendentif en verre antique peint \u00e0 la grisaille repr\u00e9sentant un oiseau\" width=\"164\" height=\"300\" srcset=\"https:\/\/art-bijoux.com\/wp-content\/uploads\/2025\/04\/Enluminure-8-oiseau-164x300.jpg 164w, https:\/\/art-bijoux.com\/wp-content\/uploads\/2025\/04\/Enluminure-8-oiseau-559x1024.jpg 559w, https:\/\/art-bijoux.com\/wp-content\/uploads\/2025\/04\/Enluminure-8-oiseau-768x1407.jpg 768w, https:\/\/art-bijoux.com\/wp-content\/uploads\/2025\/04\/Enluminure-8-oiseau-838x1536.jpg 838w, https:\/\/art-bijoux.com\/wp-content\/uploads\/2025\/04\/Enluminure-8-oiseau-600x1099.jpg 600w, https:\/\/art-bijoux.com\/wp-content\/uploads\/2025\/04\/Enluminure-8-oiseau.jpg 1048w\" sizes=\"(max-width: 164px) 100vw, 164px\" \/><figcaption id=\"caption-attachment-5057\" class=\"wp-caption-text\">Pendentif en verre antique peint \u00e0 la grisaille repr\u00e9sentant un oiseau<\/figcaption><\/figure>\n<p data-pm-slice=\"1 1 []\">Chaque bijou de cette s\u00e9rie unique est mont\u00e9 sur un rectangle de m\u00e9tal de 1,2 cm par 6 cm, inspir\u00e9 par les marges des livre m\u00e9di\u00e9vaux enlumin\u00e9s. Le d\u00e9cor est peint sur des verres antiques souffl\u00e9s \u00e0 la bouche, r\u00e9cup\u00e9r\u00e9s lors de restaurations de vitraux d\u2019\u00e9glises. Ces verres sont riches en bulles d\u2019air et en irr\u00e9gularit\u00e9s, marques pr\u00e9cieuses du travail artisanal du souffleur de verre. Sur chaque pi\u00e8ce, j\u2019ai peint \u00e0 la main une miniature inspir\u00e9e des enluminures m\u00e9di\u00e9vales, \u00e0 la grisaille, technique en usage d\u00e8s le XIIe si\u00e8cle. Les teintes dominantes sont des bruns typiques, rehauss\u00e9s parfois d\u2019un trait de bleu, de rouge, de jaune ou de vert.<\/p>\n<p data-pm-slice=\"1 1 [&quot;ordered_list&quot;,{&quot;spread&quot;:true,&quot;startingNumber&quot;:1,&quot;start&quot;:688,&quot;end&quot;:3692},&quot;regular_list_item&quot;,{&quot;start&quot;:946,&quot;end&quot;:1254}]\">Pendentif L&#8217;Oiseau et la Branche :<\/p>\n<p data-pm-slice=\"1 1 [&quot;ordered_list&quot;,{&quot;spread&quot;:true,&quot;startingNumber&quot;:1,&quot;start&quot;:688,&quot;end&quot;:3692},&quot;regular_list_item&quot;,{&quot;start&quot;:688,&quot;end&quot;:944}]\">Un oiseau finement peint, au plumage d\u00e9taill\u00e9, est pos\u00e9 sur une branche. Au-dessus de lui, une courbe v\u00e9g\u00e9tale orn\u00e9e de volutes surplombe d\u00e9licatement la sc\u00e8ne, conf\u00e9rant au bijou une sensation de calme et d\u2019harmonie dans des couleurs d&#8217;automne.<\/p>\n","protected":false},"excerpt":{"rendered":"<p>Un oiseau finement peint, au plumage d\u00e9taill\u00e9, est pos\u00e9 sur une branche. Au-dessus de lui, une courbe v\u00e9g\u00e9tale orn\u00e9e de volutes s&#8217;\u00e9tend.<\/p>\n","protected":false},"featured_media":5057,"comment_status":"open","ping_status":"closed","template":"","meta":[],"product_brand":[],"product_cat":[287],"product_tag":[35,38,26],"class_list":{"0":"post-5068","1":"product","2":"type-product","3":"status-publish","4":"has-post-thumbnail","6":"product_cat-verre-peint-grisaille-antique","7":"product_tag-feuille-breloque-metal","8":"product_tag-fleur-soie-metal","9":"product_tag-pendentif-verre","10":"pa_bijou-pendentif","12":"first","13":"outofstock","14":"purchasable","15":"product-type-simple"},"_links":{"self":[{"href":"https:\/\/art-bijoux.com\/en\/wp-json\/wp\/v2\/product\/5068","targetHints":{"allow":["GET"]}}],"collection":[{"href":"https:\/\/art-bijoux.com\/en\/wp-json\/wp\/v2\/product"}],"about":[{"href":"https:\/\/art-bijoux.com\/en\/wp-json\/wp\/v2\/types\/product"}],"replies":[{"embeddable":true,"href":"https:\/\/art-bijoux.com\/en\/wp-json\/wp\/v2\/comments?post=5068"}],"version-history":[{"count":1,"href":"https:\/\/art-bijoux.com\/en\/wp-json\/wp\/v2\/product\/5068\/revisions"}],"predecessor-version":[{"id":5070,"href":"https:\/\/art-bijoux.com\/en\/wp-json\/wp\/v2\/product\/5068\/revisions\/5070"}],"wp:featuredmedia":[{"embeddable":true,"href":"https:\/\/art-bijoux.com\/en\/wp-json\/wp\/v2\/media\/5057"}],"wp:attachment":[{"href":"https:\/\/art-bijoux.com\/en\/wp-json\/wp\/v2\/media?parent=5068"}],"wp:term":[{"taxonomy":"product_brand","embeddable":true,"href":"https:\/\/art-bijoux.com\/en\/wp-json\/wp\/v2\/product_brand?post=5068"},{"taxonomy":"product_cat","embeddable":true,"href":"https:\/\/art-bijoux.com\/en\/wp-json\/wp\/v2\/product_cat?post=5068"},{"taxonomy":"product_tag","embeddable":true,"href":"https:\/\/art-bijoux.com\/en\/wp-json\/wp\/v2\/product_tag?post=5068"}],"curies":[{"name":"wp","href":"https:\/\/api.w.org\/{rel}","templated":true}]}}