{"id":5069,"date":"2025-04-24T10:48:32","date_gmt":"2025-04-24T08:48:32","guid":{"rendered":"https:\/\/art-bijoux.com\/?post_type=product&#038;p=5069"},"modified":"2025-04-24T10:56:58","modified_gmt":"2025-04-24T08:56:58","slug":"pendentif-verre-grisaille-moustique","status":"publish","type":"product","link":"https:\/\/art-bijoux.com\/en\/boutique\/pendentif-verre-grisaille-moustique\/","title":{"rendered":"Moustique en Vol &#8211; Pendentif unique en verre antique peint \u00e0 la grisaille"},"content":{"rendered":"<figure id=\"attachment_5059\" aria-describedby=\"caption-attachment-5059\" style=\"width: 170px\" class=\"wp-caption alignleft\"><img fetchpriority=\"high\" decoding=\"async\" class=\"size-medium wp-image-5059\" src=\"https:\/\/art-bijoux.com\/wp-content\/uploads\/2025\/04\/Enluminure-10-moustique-170x300.jpg\" alt=\"Pendentif en verre antique peint \u00e0 la grisaille repr\u00e9sentant un moustique\" width=\"170\" height=\"300\" srcset=\"https:\/\/art-bijoux.com\/wp-content\/uploads\/2025\/04\/Enluminure-10-moustique-170x300.jpg 170w, https:\/\/art-bijoux.com\/wp-content\/uploads\/2025\/04\/Enluminure-10-moustique-579x1024.jpg 579w, https:\/\/art-bijoux.com\/wp-content\/uploads\/2025\/04\/Enluminure-10-moustique-768x1358.jpg 768w, https:\/\/art-bijoux.com\/wp-content\/uploads\/2025\/04\/Enluminure-10-moustique-869x1536.jpg 869w, https:\/\/art-bijoux.com\/wp-content\/uploads\/2025\/04\/Enluminure-10-moustique-600x1061.jpg 600w, https:\/\/art-bijoux.com\/wp-content\/uploads\/2025\/04\/Enluminure-10-moustique.jpg 1086w\" sizes=\"(max-width: 170px) 100vw, 170px\" \/><figcaption id=\"caption-attachment-5059\" class=\"wp-caption-text\">Pendentif en verre antique peint \u00e0 la grisaille repr\u00e9sentant un moustique<\/figcaption><\/figure>\n<p data-pm-slice=\"1 1 []\">Chaque bijou de cette s\u00e9rie unique est mont\u00e9 sur un rectangle de m\u00e9tal de 1,2 cm par 6 cm, inspir\u00e9 par les marges des livre m\u00e9di\u00e9vaux enlumin\u00e9s. Le d\u00e9cor est peint sur des verres antiques souffl\u00e9s \u00e0 la bouche, r\u00e9cup\u00e9r\u00e9s lors de restaurations de vitraux d\u2019\u00e9glises. Ces verres sont riches en bulles d\u2019air et en irr\u00e9gularit\u00e9s, marques pr\u00e9cieuses du travail artisanal du souffleur de verre. Sur chaque pi\u00e8ce, j\u2019ai peint \u00e0 la main une miniature inspir\u00e9e des enluminures m\u00e9di\u00e9vales, \u00e0 la grisaille, technique en usage d\u00e8s le XIIe si\u00e8cle. Les teintes dominantes sont des bruns typiques, rehauss\u00e9s parfois d\u2019un trait de bleu, de rouge, de jaune ou de vert.<\/p>\n<p data-pm-slice=\"1 1 [&quot;ordered_list&quot;,{&quot;spread&quot;:true,&quot;startingNumber&quot;:1,&quot;start&quot;:688,&quot;end&quot;:3692},&quot;regular_list_item&quot;,{&quot;start&quot;:946,&quot;end&quot;:1254}]\">Pendentif Moustique en vol :<\/p>\n<p data-pm-slice=\"1 1 [&quot;ordered_list&quot;,{&quot;spread&quot;:true,&quot;startingNumber&quot;:1,&quot;start&quot;:688,&quot;end&quot;:3692},&quot;regular_list_item&quot;,{&quot;start&quot;:2514,&quot;end&quot;:2830}]\">Un moustique en vol est repr\u00e9sent\u00e9 avec pr\u00e9cision, ses ailes d\u00e9ploy\u00e9es au-dessus d\u2019un d\u00e9cor floral. Les fleurs, dans des tons s\u00e9pia, encadrent l\u2019insecte et cr\u00e9ent une sc\u00e8ne \u00e0 la fois l\u00e9g\u00e8re et vivante, presque humoristique, comme on en trouve parfois dans les marges enlumin\u00e9es.<\/p>\n<p data-pm-slice=\"1 1 [&quot;ordered_list&quot;,{&quot;spread&quot;:true,&quot;startingNumber&quot;:1,&quot;start&quot;:688,&quot;end&quot;:3692},&quot;regular_list_item&quot;,{&quot;start&quot;:688,&quot;end&quot;:944}]\">\n","protected":false},"excerpt":{"rendered":"<p>Un moustique en vol est repr\u00e9sent\u00e9 avec pr\u00e9cision, ses ailes d\u00e9ploy\u00e9es au-dessus d\u2019un d\u00e9cor floral, encadr\u00e9 par des fleurs dans des tons s\u00e9pia.<\/p>\n","protected":false},"featured_media":5059,"comment_status":"open","ping_status":"closed","template":"","meta":[],"product_brand":[],"product_cat":[287],"product_tag":[35,26],"class_list":{"0":"post-5069","1":"product","2":"type-product","3":"status-publish","4":"has-post-thumbnail","6":"product_cat-verre-peint-grisaille-antique","7":"product_tag-feuille-breloque-metal","8":"product_tag-pendentif-verre","9":"pa_bijou-pendentif","11":"first","12":"instock","13":"purchasable","14":"product-type-simple"},"_links":{"self":[{"href":"https:\/\/art-bijoux.com\/en\/wp-json\/wp\/v2\/product\/5069","targetHints":{"allow":["GET"]}}],"collection":[{"href":"https:\/\/art-bijoux.com\/en\/wp-json\/wp\/v2\/product"}],"about":[{"href":"https:\/\/art-bijoux.com\/en\/wp-json\/wp\/v2\/types\/product"}],"replies":[{"embeddable":true,"href":"https:\/\/art-bijoux.com\/en\/wp-json\/wp\/v2\/comments?post=5069"}],"version-history":[{"count":0,"href":"https:\/\/art-bijoux.com\/en\/wp-json\/wp\/v2\/product\/5069\/revisions"}],"wp:featuredmedia":[{"embeddable":true,"href":"https:\/\/art-bijoux.com\/en\/wp-json\/wp\/v2\/media\/5059"}],"wp:attachment":[{"href":"https:\/\/art-bijoux.com\/en\/wp-json\/wp\/v2\/media?parent=5069"}],"wp:term":[{"taxonomy":"product_brand","embeddable":true,"href":"https:\/\/art-bijoux.com\/en\/wp-json\/wp\/v2\/product_brand?post=5069"},{"taxonomy":"product_cat","embeddable":true,"href":"https:\/\/art-bijoux.com\/en\/wp-json\/wp\/v2\/product_cat?post=5069"},{"taxonomy":"product_tag","embeddable":true,"href":"https:\/\/art-bijoux.com\/en\/wp-json\/wp\/v2\/product_tag?post=5069"}],"curies":[{"name":"wp","href":"https:\/\/api.w.org\/{rel}","templated":true}]}}