{"id":5071,"date":"2025-04-24T10:57:12","date_gmt":"2025-04-24T08:57:12","guid":{"rendered":"https:\/\/art-bijoux.com\/?post_type=product&#038;p=5071"},"modified":"2025-04-24T11:00:55","modified_gmt":"2025-04-24T09:00:55","slug":"pendentif-verre-grisaille-lys","status":"publish","type":"product","link":"https:\/\/art-bijoux.com\/en\/boutique\/pendentif-verre-grisaille-lys\/","title":{"rendered":"Fleurs en lys stylis\u00e9es &#8211; Pendentif unique en verre antique peint \u00e0 la grisaille"},"content":{"rendered":"<figure id=\"attachment_5055\" aria-describedby=\"caption-attachment-5055\" style=\"width: 149px\" class=\"wp-caption alignleft\"><img decoding=\"async\" class=\"size-medium wp-image-5055\" src=\"https:\/\/art-bijoux.com\/wp-content\/uploads\/2025\/04\/Enluminure-6-149x300.jpg\" alt=\"Pendentif en verre antique peint \u00e0 la grisaille repr\u00e9sentant une branche aux couleurs d'automne\" width=\"149\" height=\"300\" srcset=\"https:\/\/art-bijoux.com\/wp-content\/uploads\/2025\/04\/Enluminure-6-149x300.jpg 149w, https:\/\/art-bijoux.com\/wp-content\/uploads\/2025\/04\/Enluminure-6-508x1024.jpg 508w, https:\/\/art-bijoux.com\/wp-content\/uploads\/2025\/04\/Enluminure-6-768x1547.jpg 768w, https:\/\/art-bijoux.com\/wp-content\/uploads\/2025\/04\/Enluminure-6-762x1536.jpg 762w, https:\/\/art-bijoux.com\/wp-content\/uploads\/2025\/04\/Enluminure-6-600x1209.jpg 600w, https:\/\/art-bijoux.com\/wp-content\/uploads\/2025\/04\/Enluminure-6.jpg 953w\" sizes=\"(max-width: 149px) 100vw, 149px\" \/><figcaption id=\"caption-attachment-5055\" class=\"wp-caption-text\">Pendentif en verre antique peint \u00e0 la grisaille repr\u00e9sentant une branche de lys<\/figcaption><\/figure>\n<p data-pm-slice=\"1 1 []\">Chaque bijou de cette s\u00e9rie unique est mont\u00e9 sur un rectangle de m\u00e9tal de 1,2 cm par 6 cm, inspir\u00e9 par les marges des livre m\u00e9di\u00e9vaux enlumin\u00e9s. Le d\u00e9cor est peint sur des verres antiques souffl\u00e9s \u00e0 la bouche, r\u00e9cup\u00e9r\u00e9s lors de restaurations de vitraux d\u2019\u00e9glises. Ces verres sont riches en bulles d\u2019air et en irr\u00e9gularit\u00e9s, marques pr\u00e9cieuses du travail artisanal du souffleur de verre. Sur chaque pi\u00e8ce, j\u2019ai peint \u00e0 la main une miniature inspir\u00e9e des enluminures m\u00e9di\u00e9vales, \u00e0 la grisaille, technique en usage d\u00e8s le XIIe si\u00e8cle. Les teintes dominantes sont des bruns typiques, rehauss\u00e9s parfois d\u2019un trait de bleu, de rouge, de jaune ou de vert.<\/p>\n<p data-pm-slice=\"1 1 [&quot;ordered_list&quot;,{&quot;spread&quot;:true,&quot;startingNumber&quot;:1,&quot;start&quot;:688,&quot;end&quot;:3692},&quot;regular_list_item&quot;,{&quot;start&quot;:946,&quot;end&quot;:1254}]\">Pendentif\u00a0 : <strong>Fleurs en lys stylis\u00e9es<\/strong><\/p>\n<p>Une branche souple aux courbes brunes s\u2019\u00e9lance au centre de la composition. De part et d\u2019autre, de d\u00e9licates fleurs beige aux formes stylis\u00e9es rappelant les lys s\u2019\u00e9panouissent. Ce pendentif \u00e9voque la gr\u00e2ce florale des bordures de manuscrits gothiques.<\/p>\n<p data-pm-slice=\"1 1 [&quot;ordered_list&quot;,{&quot;spread&quot;:true,&quot;startingNumber&quot;:1,&quot;start&quot;:688,&quot;end&quot;:3692},&quot;regular_list_item&quot;,{&quot;start&quot;:688,&quot;end&quot;:944}]\">\n","protected":false},"excerpt":{"rendered":"<p>Une branche souple aux courbes brunes s\u2019\u00e9lance au centre de la composition. De part et d\u2019autre, de d\u00e9licats lys beige s\u2019\u00e9panouissent.<\/p>\n","protected":false},"featured_media":5055,"comment_status":"open","ping_status":"closed","template":"","meta":[],"product_brand":[],"product_cat":[287],"product_tag":[35,26],"class_list":{"0":"post-5071","1":"product","2":"type-product","3":"status-publish","4":"has-post-thumbnail","6":"product_cat-verre-peint-grisaille-antique","7":"product_tag-feuille-breloque-metal","8":"product_tag-pendentif-verre","9":"pa_bijou-pendentif","11":"first","12":"instock","13":"purchasable","14":"product-type-simple"},"yoast_head":"<!-- This site is optimized with the Yoast SEO plugin v27.5 - https:\/\/yoast.com\/product\/yoast-seo-wordpress\/ -->\n<title>Fleurs en lys stylis\u00e9es - Pendentif unique en verre antique peint \u00e0 la grisaille - art-bijoux<\/title>\n<meta name=\"description\" content=\"Une branche souple aux courbes brunes s\u2019\u00e9lance au centre de la composition. De part et d\u2019autre, de d\u00e9licats lys beige s\u2019\u00e9panouissent.\" \/>\n<meta name=\"robots\" content=\"index, follow, max-snippet:-1, max-image-preview:large, max-video-preview:-1\" \/>\n<link rel=\"canonical\" href=\"https:\/\/art-bijoux.com\/en\/boutique\/pendentif-verre-grisaille-lys\/\" \/>\n<meta property=\"og:locale\" content=\"en_US\" \/>\n<meta property=\"og:type\" content=\"article\" \/>\n<meta property=\"og:title\" content=\"Fleurs en lys stylis\u00e9es - Pendentif unique en verre antique peint \u00e0 la grisaille - art-bijoux\" \/>\n<meta property=\"og:description\" content=\"Une branche souple aux courbes brunes s\u2019\u00e9lance au centre de la composition. De part et d\u2019autre, de d\u00e9licats lys beige s\u2019\u00e9panouissent.\" \/>\n<meta property=\"og:url\" content=\"https:\/\/art-bijoux.com\/en\/boutique\/pendentif-verre-grisaille-lys\/\" \/>\n<meta property=\"og:site_name\" content=\"art-bijoux\" \/>\n<meta property=\"article:modified_time\" content=\"2025-04-24T09:00:55+00:00\" \/>\n<meta property=\"og:image\" content=\"https:\/\/art-bijoux.com\/wp-content\/uploads\/2025\/04\/Enluminure-6.jpg\" \/>\n\t<meta property=\"og:image:width\" content=\"953\" \/>\n\t<meta property=\"og:image:height\" content=\"1920\" \/>\n\t<meta property=\"og:image:type\" content=\"image\/jpeg\" \/>\n<meta name=\"twitter:card\" content=\"summary_large_image\" \/>\n<meta name=\"twitter:label1\" content=\"Est. reading time\" \/>\n\t<meta name=\"twitter:data1\" content=\"2 minutes\" \/>\n<script type=\"application\/ld+json\" class=\"yoast-schema-graph\">{\"@context\":\"https:\\\/\\\/schema.org\",\"@graph\":[{\"@type\":\"WebPage\",\"@id\":\"https:\\\/\\\/art-bijoux.com\\\/en\\\/boutique\\\/pendentif-verre-grisaille-lys\\\/\",\"url\":\"https:\\\/\\\/art-bijoux.com\\\/en\\\/boutique\\\/pendentif-verre-grisaille-lys\\\/\",\"name\":\"Fleurs en lys stylis\u00e9es - Pendentif unique en verre antique peint \u00e0 la grisaille - art-bijoux\",\"isPartOf\":{\"@id\":\"https:\\\/\\\/art-bijoux.com\\\/en\\\/#website\"},\"primaryImageOfPage\":{\"@id\":\"https:\\\/\\\/art-bijoux.com\\\/en\\\/boutique\\\/pendentif-verre-grisaille-lys\\\/#primaryimage\"},\"image\":{\"@id\":\"https:\\\/\\\/art-bijoux.com\\\/en\\\/boutique\\\/pendentif-verre-grisaille-lys\\\/#primaryimage\"},\"thumbnailUrl\":\"https:\\\/\\\/art-bijoux.com\\\/wp-content\\\/uploads\\\/2025\\\/04\\\/Enluminure-6.jpg\",\"datePublished\":\"2025-04-24T08:57:12+00:00\",\"dateModified\":\"2025-04-24T09:00:55+00:00\",\"description\":\"Une branche souple aux courbes brunes s\u2019\u00e9lance au centre de la composition. De part et d\u2019autre, de d\u00e9licats lys beige s\u2019\u00e9panouissent.\",\"breadcrumb\":{\"@id\":\"https:\\\/\\\/art-bijoux.com\\\/en\\\/boutique\\\/pendentif-verre-grisaille-lys\\\/#breadcrumb\"},\"inLanguage\":\"en-US\",\"potentialAction\":[{\"@type\":\"ReadAction\",\"target\":[\"https:\\\/\\\/art-bijoux.com\\\/en\\\/boutique\\\/pendentif-verre-grisaille-lys\\\/\"]}]},{\"@type\":\"ImageObject\",\"inLanguage\":\"en-US\",\"@id\":\"https:\\\/\\\/art-bijoux.com\\\/en\\\/boutique\\\/pendentif-verre-grisaille-lys\\\/#primaryimage\",\"url\":\"https:\\\/\\\/art-bijoux.com\\\/wp-content\\\/uploads\\\/2025\\\/04\\\/Enluminure-6.jpg\",\"contentUrl\":\"https:\\\/\\\/art-bijoux.com\\\/wp-content\\\/uploads\\\/2025\\\/04\\\/Enluminure-6.jpg\",\"width\":953,\"height\":1920,\"caption\":\"Pendentif en verre antique peint \u00e0 la grisaille repr\u00e9sentant une branche aux couleurs d'automne\"},{\"@type\":\"BreadcrumbList\",\"@id\":\"https:\\\/\\\/art-bijoux.com\\\/en\\\/boutique\\\/pendentif-verre-grisaille-lys\\\/#breadcrumb\",\"itemListElement\":[{\"@type\":\"ListItem\",\"position\":1,\"name\":\"Accueil\",\"item\":\"https:\\\/\\\/art-bijoux.com\\\/en\\\/home\\\/\"},{\"@type\":\"ListItem\",\"position\":2,\"name\":\"Shop\",\"item\":\"https:\\\/\\\/art-bijoux.com\\\/en\\\/shop\\\/\"},{\"@type\":\"ListItem\",\"position\":3,\"name\":\"Fleurs en lys stylis\u00e9es &#8211; Pendentif unique en verre antique peint \u00e0 la grisaille\"}]},{\"@type\":\"WebSite\",\"@id\":\"https:\\\/\\\/art-bijoux.com\\\/en\\\/#website\",\"url\":\"https:\\\/\\\/art-bijoux.com\\\/en\\\/\",\"name\":\"art-bijoux\",\"description\":\"Osez porter \\\/ offrir un vitrail unique \u00e0 prix abordable\",\"publisher\":{\"@id\":\"https:\\\/\\\/art-bijoux.com\\\/en\\\/#organization\"},\"potentialAction\":[{\"@type\":\"SearchAction\",\"target\":{\"@type\":\"EntryPoint\",\"urlTemplate\":\"https:\\\/\\\/art-bijoux.com\\\/en\\\/?s={search_term_string}\"},\"query-input\":{\"@type\":\"PropertyValueSpecification\",\"valueRequired\":true,\"valueName\":\"search_term_string\"}}],\"inLanguage\":\"en-US\"},{\"@type\":\"Organization\",\"@id\":\"https:\\\/\\\/art-bijoux.com\\\/en\\\/#organization\",\"name\":\"art-bijoux\",\"url\":\"https:\\\/\\\/art-bijoux.com\\\/en\\\/\",\"logo\":{\"@type\":\"ImageObject\",\"inLanguage\":\"en-US\",\"@id\":\"https:\\\/\\\/art-bijoux.com\\\/en\\\/#\\\/schema\\\/logo\\\/image\\\/\",\"url\":\"https:\\\/\\\/art-bijoux.com\\\/wp-content\\\/uploads\\\/2024\\\/06\\\/Art-Bijoux-Logo-Small.png\",\"contentUrl\":\"https:\\\/\\\/art-bijoux.com\\\/wp-content\\\/uploads\\\/2024\\\/06\\\/Art-Bijoux-Logo-Small.png\",\"width\":722,\"height\":137,\"caption\":\"art-bijoux\"},\"image\":{\"@id\":\"https:\\\/\\\/art-bijoux.com\\\/en\\\/#\\\/schema\\\/logo\\\/image\\\/\"}}]}<\/script>\n<!-- \/ Yoast SEO plugin. -->","yoast_head_json":{"title":"Fleurs en lys stylis\u00e9es - Pendentif unique en verre antique peint \u00e0 la grisaille - art-bijoux","description":"Une branche souple aux courbes brunes s\u2019\u00e9lance au centre de la composition. De part et d\u2019autre, de d\u00e9licats lys beige s\u2019\u00e9panouissent.","robots":{"index":"index","follow":"follow","max-snippet":"max-snippet:-1","max-image-preview":"max-image-preview:large","max-video-preview":"max-video-preview:-1"},"canonical":"https:\/\/art-bijoux.com\/en\/boutique\/pendentif-verre-grisaille-lys\/","og_locale":"en_US","og_type":"article","og_title":"Fleurs en lys stylis\u00e9es - Pendentif unique en verre antique peint \u00e0 la grisaille - art-bijoux","og_description":"Une branche souple aux courbes brunes s\u2019\u00e9lance au centre de la composition. De part et d\u2019autre, de d\u00e9licats lys beige s\u2019\u00e9panouissent.","og_url":"https:\/\/art-bijoux.com\/en\/boutique\/pendentif-verre-grisaille-lys\/","og_site_name":"art-bijoux","article_modified_time":"2025-04-24T09:00:55+00:00","og_image":[{"width":953,"height":1920,"url":"https:\/\/art-bijoux.com\/wp-content\/uploads\/2025\/04\/Enluminure-6.jpg","type":"image\/jpeg"}],"twitter_card":"summary_large_image","twitter_misc":{"Est. reading time":"2 minutes"},"schema":{"@context":"https:\/\/schema.org","@graph":[{"@type":"WebPage","@id":"https:\/\/art-bijoux.com\/en\/boutique\/pendentif-verre-grisaille-lys\/","url":"https:\/\/art-bijoux.com\/en\/boutique\/pendentif-verre-grisaille-lys\/","name":"Fleurs en lys stylis\u00e9es - Pendentif unique en verre antique peint \u00e0 la grisaille - art-bijoux","isPartOf":{"@id":"https:\/\/art-bijoux.com\/en\/#website"},"primaryImageOfPage":{"@id":"https:\/\/art-bijoux.com\/en\/boutique\/pendentif-verre-grisaille-lys\/#primaryimage"},"image":{"@id":"https:\/\/art-bijoux.com\/en\/boutique\/pendentif-verre-grisaille-lys\/#primaryimage"},"thumbnailUrl":"https:\/\/art-bijoux.com\/wp-content\/uploads\/2025\/04\/Enluminure-6.jpg","datePublished":"2025-04-24T08:57:12+00:00","dateModified":"2025-04-24T09:00:55+00:00","description":"Une branche souple aux courbes brunes s\u2019\u00e9lance au centre de la composition. De part et d\u2019autre, de d\u00e9licats lys beige s\u2019\u00e9panouissent.","breadcrumb":{"@id":"https:\/\/art-bijoux.com\/en\/boutique\/pendentif-verre-grisaille-lys\/#breadcrumb"},"inLanguage":"en-US","potentialAction":[{"@type":"ReadAction","target":["https:\/\/art-bijoux.com\/en\/boutique\/pendentif-verre-grisaille-lys\/"]}]},{"@type":"ImageObject","inLanguage":"en-US","@id":"https:\/\/art-bijoux.com\/en\/boutique\/pendentif-verre-grisaille-lys\/#primaryimage","url":"https:\/\/art-bijoux.com\/wp-content\/uploads\/2025\/04\/Enluminure-6.jpg","contentUrl":"https:\/\/art-bijoux.com\/wp-content\/uploads\/2025\/04\/Enluminure-6.jpg","width":953,"height":1920,"caption":"Pendentif en verre antique peint \u00e0 la grisaille repr\u00e9sentant une branche aux couleurs d'automne"},{"@type":"BreadcrumbList","@id":"https:\/\/art-bijoux.com\/en\/boutique\/pendentif-verre-grisaille-lys\/#breadcrumb","itemListElement":[{"@type":"ListItem","position":1,"name":"Accueil","item":"https:\/\/art-bijoux.com\/en\/home\/"},{"@type":"ListItem","position":2,"name":"Shop","item":"https:\/\/art-bijoux.com\/en\/shop\/"},{"@type":"ListItem","position":3,"name":"Fleurs en lys stylis\u00e9es &#8211; Pendentif unique en verre antique peint \u00e0 la grisaille"}]},{"@type":"WebSite","@id":"https:\/\/art-bijoux.com\/en\/#website","url":"https:\/\/art-bijoux.com\/en\/","name":"art-bijoux","description":"Osez porter \/ offrir un vitrail unique \u00e0 prix abordable","publisher":{"@id":"https:\/\/art-bijoux.com\/en\/#organization"},"potentialAction":[{"@type":"SearchAction","target":{"@type":"EntryPoint","urlTemplate":"https:\/\/art-bijoux.com\/en\/?s={search_term_string}"},"query-input":{"@type":"PropertyValueSpecification","valueRequired":true,"valueName":"search_term_string"}}],"inLanguage":"en-US"},{"@type":"Organization","@id":"https:\/\/art-bijoux.com\/en\/#organization","name":"art-bijoux","url":"https:\/\/art-bijoux.com\/en\/","logo":{"@type":"ImageObject","inLanguage":"en-US","@id":"https:\/\/art-bijoux.com\/en\/#\/schema\/logo\/image\/","url":"https:\/\/art-bijoux.com\/wp-content\/uploads\/2024\/06\/Art-Bijoux-Logo-Small.png","contentUrl":"https:\/\/art-bijoux.com\/wp-content\/uploads\/2024\/06\/Art-Bijoux-Logo-Small.png","width":722,"height":137,"caption":"art-bijoux"},"image":{"@id":"https:\/\/art-bijoux.com\/en\/#\/schema\/logo\/image\/"}}]}},"_links":{"self":[{"href":"https:\/\/art-bijoux.com\/en\/wp-json\/wp\/v2\/product\/5071","targetHints":{"allow":["GET"]}}],"collection":[{"href":"https:\/\/art-bijoux.com\/en\/wp-json\/wp\/v2\/product"}],"about":[{"href":"https:\/\/art-bijoux.com\/en\/wp-json\/wp\/v2\/types\/product"}],"replies":[{"embeddable":true,"href":"https:\/\/art-bijoux.com\/en\/wp-json\/wp\/v2\/comments?post=5071"}],"version-history":[{"count":0,"href":"https:\/\/art-bijoux.com\/en\/wp-json\/wp\/v2\/product\/5071\/revisions"}],"wp:featuredmedia":[{"embeddable":true,"href":"https:\/\/art-bijoux.com\/en\/wp-json\/wp\/v2\/media\/5055"}],"wp:attachment":[{"href":"https:\/\/art-bijoux.com\/en\/wp-json\/wp\/v2\/media?parent=5071"}],"wp:term":[{"taxonomy":"product_brand","embeddable":true,"href":"https:\/\/art-bijoux.com\/en\/wp-json\/wp\/v2\/product_brand?post=5071"},{"taxonomy":"product_cat","embeddable":true,"href":"https:\/\/art-bijoux.com\/en\/wp-json\/wp\/v2\/product_cat?post=5071"},{"taxonomy":"product_tag","embeddable":true,"href":"https:\/\/art-bijoux.com\/en\/wp-json\/wp\/v2\/product_tag?post=5071"}],"curies":[{"name":"wp","href":"https:\/\/api.w.org\/{rel}","templated":true}]}}