{"id":5106,"date":"2025-04-26T11:44:43","date_gmt":"2025-04-26T09:44:43","guid":{"rendered":"https:\/\/art-bijoux.com\/?post_type=product&#038;p=5106"},"modified":"2025-04-26T11:50:14","modified_gmt":"2025-04-26T09:50:14","slug":"paon-medieval-pendentif-unique-en-verre-antique-peint-a-la-grisaille","status":"publish","type":"product","link":"https:\/\/art-bijoux.com\/en\/boutique\/paon-medieval-pendentif-unique-en-verre-antique-peint-a-la-grisaille\/","title":{"rendered":"Paon m\u00e9di\u00e9val &#8211; Pendentif unique en verre antique peint \u00e0 la grisaille"},"content":{"rendered":"<figure id=\"attachment_5086\" aria-describedby=\"caption-attachment-5086\" style=\"width: 169px\" class=\"wp-caption alignleft\"><img fetchpriority=\"high\" decoding=\"async\" class=\"size-medium wp-image-5086\" src=\"https:\/\/art-bijoux.com\/wp-content\/uploads\/2025\/04\/Enluminure-4-paon-169x300.jpg\" alt=\"Pendentif en grisaille sur verre antique avec un paon\" width=\"169\" height=\"300\" srcset=\"https:\/\/art-bijoux.com\/wp-content\/uploads\/2025\/04\/Enluminure-4-paon-169x300.jpg 169w, https:\/\/art-bijoux.com\/wp-content\/uploads\/2025\/04\/Enluminure-4-paon-577x1024.jpg 577w, https:\/\/art-bijoux.com\/wp-content\/uploads\/2025\/04\/Enluminure-4-paon-768x1364.jpg 768w, https:\/\/art-bijoux.com\/wp-content\/uploads\/2025\/04\/Enluminure-4-paon-865x1536.jpg 865w, https:\/\/art-bijoux.com\/wp-content\/uploads\/2025\/04\/Enluminure-4-paon-600x1066.jpg 600w, https:\/\/art-bijoux.com\/wp-content\/uploads\/2025\/04\/Enluminure-4-paon.jpg 1081w\" sizes=\"(max-width: 169px) 100vw, 169px\" \/><figcaption id=\"caption-attachment-5086\" class=\"wp-caption-text\">Pendentif en grisaille sur verre antique avec un paon<\/figcaption><\/figure>\n<p data-pm-slice=\"1 1 []\">Chaque bijou de cette s\u00e9rie unique est mont\u00e9 sur un rectangle de m\u00e9tal de 1,2 cm par 6 cm, inspir\u00e9 par les marges des livre m\u00e9di\u00e9vaux enlumin\u00e9s. Le d\u00e9cor est peint sur des verres antiques souffl\u00e9s \u00e0 la bouche, r\u00e9cup\u00e9r\u00e9s lors de restaurations de vitraux d\u2019\u00e9glises. Ces verres sont riches en bulles d\u2019air et en irr\u00e9gularit\u00e9s, marques pr\u00e9cieuses du travail artisanal du souffleur de verre. Sur chaque pi\u00e8ce, j\u2019ai peint \u00e0 la main une miniature inspir\u00e9e des marges enlumin\u00e9es des livres du Moyen-\u00e2ge, \u00e0 la grisaille, technique en usage d\u00e8s le XIIe si\u00e8cle. Les teintes dominantes sont des bruns typiques, rehauss\u00e9s parfois d\u2019un trait de bleu, de rouge, de jaune ou de vert.<\/p>\n<p data-pm-slice=\"1 1 [&quot;ordered_list&quot;,{&quot;spread&quot;:true,&quot;startingNumber&quot;:1,&quot;start&quot;:688,&quot;end&quot;:3692},&quot;regular_list_item&quot;,{&quot;start&quot;:946,&quot;end&quot;:1254}]\">Pendentif\u00a0 : <strong>Paon m\u00e9di\u00e9val<\/strong><\/p>\n<p data-pm-slice=\"1 1 [&quot;ordered_list&quot;,{&quot;spread&quot;:true,&quot;startingNumber&quot;:1,&quot;start&quot;:688,&quot;end&quot;:3692},&quot;regular_list_item&quot;,{&quot;start&quot;:3088,&quot;end&quot;:3358}]\">Un paon stylis\u00e9, aux ailes et aigrette rouges, d\u00e9ploie sa longue queue jaune dans un d\u00e9cor sobre. Cette miniature symbolise l&#8217;immortalit\u00e9, th\u00e8me fr\u00e9quent dans les enluminures du Moyen \u00c2ge, tout en r\u00e9v\u00e9lant un grand raffinement dans les d\u00e9tails.<\/p>\n<p data-pm-slice=\"1 1 [&quot;ordered_list&quot;,{&quot;spread&quot;:true,&quot;startingNumber&quot;:1,&quot;start&quot;:688,&quot;end&quot;:3692},&quot;regular_list_item&quot;,{&quot;start&quot;:688,&quot;end&quot;:944}]\">\n","protected":false},"excerpt":{"rendered":"<p>Un paon, aux ailes et aigrette rouges, d\u00e9ploie sa longue queue jaune dans un d\u00e9cor sobre. Cette miniature symbolise l&#8217;immortalit\u00e9.<\/p>\n","protected":false},"featured_media":5086,"comment_status":"open","ping_status":"closed","template":"","meta":[],"product_brand":[],"product_cat":[287],"product_tag":[52,35,293,26],"class_list":{"0":"post-5106","1":"product","2":"type-product","3":"status-publish","4":"has-post-thumbnail","6":"product_cat-verre-peint-grisaille-antique","7":"product_tag-portrait-animal","8":"product_tag-feuille-breloque-metal","9":"product_tag-oiseau-peinture","10":"product_tag-pendentif-verre","11":"pa_bijou-pendentif","13":"first","14":"instock","15":"purchasable","16":"product-type-simple"},"_links":{"self":[{"href":"https:\/\/art-bijoux.com\/en\/wp-json\/wp\/v2\/product\/5106","targetHints":{"allow":["GET"]}}],"collection":[{"href":"https:\/\/art-bijoux.com\/en\/wp-json\/wp\/v2\/product"}],"about":[{"href":"https:\/\/art-bijoux.com\/en\/wp-json\/wp\/v2\/types\/product"}],"replies":[{"embeddable":true,"href":"https:\/\/art-bijoux.com\/en\/wp-json\/wp\/v2\/comments?post=5106"}],"version-history":[{"count":0,"href":"https:\/\/art-bijoux.com\/en\/wp-json\/wp\/v2\/product\/5106\/revisions"}],"wp:featuredmedia":[{"embeddable":true,"href":"https:\/\/art-bijoux.com\/en\/wp-json\/wp\/v2\/media\/5086"}],"wp:attachment":[{"href":"https:\/\/art-bijoux.com\/en\/wp-json\/wp\/v2\/media?parent=5106"}],"wp:term":[{"taxonomy":"product_brand","embeddable":true,"href":"https:\/\/art-bijoux.com\/en\/wp-json\/wp\/v2\/product_brand?post=5106"},{"taxonomy":"product_cat","embeddable":true,"href":"https:\/\/art-bijoux.com\/en\/wp-json\/wp\/v2\/product_cat?post=5106"},{"taxonomy":"product_tag","embeddable":true,"href":"https:\/\/art-bijoux.com\/en\/wp-json\/wp\/v2\/product_tag?post=5106"}],"curies":[{"name":"wp","href":"https:\/\/api.w.org\/{rel}","templated":true}]}}