{"id":5107,"date":"2025-04-26T11:50:33","date_gmt":"2025-04-26T09:50:33","guid":{"rendered":"https:\/\/art-bijoux.com\/?post_type=product&#038;p=5107"},"modified":"2025-04-26T11:54:03","modified_gmt":"2025-04-26T09:54:03","slug":"pendentif-grisaille-verre-papillon","status":"publish","type":"product","link":"https:\/\/art-bijoux.com\/en\/boutique\/pendentif-grisaille-verre-papillon\/","title":{"rendered":"Papillon au dessus des fleurs &#8211; Pendentif unique en verre antique peint \u00e0 la grisaille"},"content":{"rendered":"<figure id=\"attachment_5088\" aria-describedby=\"caption-attachment-5088\" style=\"width: 167px\" class=\"wp-caption alignleft\"><img fetchpriority=\"high\" decoding=\"async\" class=\"size-medium wp-image-5088\" src=\"https:\/\/art-bijoux.com\/wp-content\/uploads\/2025\/04\/Enluminure-3-167x300.jpg\" alt=\"Pendentif en grisaille sur verre antique avec bleuets\" width=\"167\" height=\"300\" srcset=\"https:\/\/art-bijoux.com\/wp-content\/uploads\/2025\/04\/Enluminure-3-167x300.jpg 167w, https:\/\/art-bijoux.com\/wp-content\/uploads\/2025\/04\/Enluminure-3-569x1024.jpg 569w, https:\/\/art-bijoux.com\/wp-content\/uploads\/2025\/04\/Enluminure-3-768x1382.jpg 768w, https:\/\/art-bijoux.com\/wp-content\/uploads\/2025\/04\/Enluminure-3-854x1536.jpg 854w, https:\/\/art-bijoux.com\/wp-content\/uploads\/2025\/04\/Enluminure-3-600x1080.jpg 600w, https:\/\/art-bijoux.com\/wp-content\/uploads\/2025\/04\/Enluminure-3.jpg 1067w\" sizes=\"(max-width: 167px) 100vw, 167px\" \/><figcaption id=\"caption-attachment-5088\" class=\"wp-caption-text\">Pendentif en grisaille sur verre antique avec papillon<\/figcaption><\/figure>\n<p data-pm-slice=\"1 1 []\">Chaque bijou de cette s\u00e9rie unique est mont\u00e9 sur un rectangle de m\u00e9tal de 1,2 cm par 6 cm, inspir\u00e9 par les marges des livre m\u00e9di\u00e9vaux enlumin\u00e9s. Le d\u00e9cor est peint sur des verres antiques souffl\u00e9s \u00e0 la bouche, r\u00e9cup\u00e9r\u00e9s lors de restaurations de vitraux d\u2019\u00e9glises. Ces verres sont riches en bulles d\u2019air et en irr\u00e9gularit\u00e9s, marques pr\u00e9cieuses du travail artisanal du souffleur de verre. Sur chaque pi\u00e8ce, j\u2019ai peint \u00e0 la main une miniature inspir\u00e9e des marges enlumin\u00e9es des livres du Moyen-\u00e2ge, \u00e0 la grisaille, technique en usage d\u00e8s le XIIe si\u00e8cle. Les teintes dominantes sont des bruns typiques, rehauss\u00e9s parfois d\u2019un trait de bleu, de rouge, de jaune ou de vert.<\/p>\n<p data-pm-slice=\"1 1 [&quot;ordered_list&quot;,{&quot;spread&quot;:true,&quot;startingNumber&quot;:1,&quot;start&quot;:688,&quot;end&quot;:3692},&quot;regular_list_item&quot;,{&quot;start&quot;:946,&quot;end&quot;:1254}]\">Pendentif\u00a0 : <strong>Papillon au dessus des fleurs<\/strong><\/p>\n<p data-pm-slice=\"1 1 [&quot;ordered_list&quot;,{&quot;spread&quot;:true,&quot;startingNumber&quot;:1,&quot;start&quot;:688,&quot;end&quot;:3692},&quot;regular_list_item&quot;,{&quot;start&quot;:3360,&quot;end&quot;:3692}]\">Un d\u00e9licat papillon, les ailes d\u00e9ploy\u00e9es, survole une branche fleurie. Les petites fleurs bleues au c\u0153ur rouge apportent une touche de couleur vive et contrast\u00e9e. La sc\u00e8ne, \u00e0 la fois paisible et anim\u00e9e, \u00e9voque le printemps, le renouveau, et la l\u00e9g\u00e8ret\u00e9 des miniatures naturalistes m\u00e9di\u00e9vales.<\/p>\n<p data-pm-slice=\"1 1 [&quot;ordered_list&quot;,{&quot;spread&quot;:true,&quot;startingNumber&quot;:1,&quot;start&quot;:688,&quot;end&quot;:3692},&quot;regular_list_item&quot;,{&quot;start&quot;:688,&quot;end&quot;:944}]\">\n","protected":false},"excerpt":{"rendered":"<p>Un papillon, les ailes d\u00e9ploy\u00e9es, survole une branche fleurie. Les petites fleurs bleues au c\u0153ur rouge apportent une touche de couleur vive et contrast\u00e9e.<\/p>\n","protected":false},"featured_media":5088,"comment_status":"open","ping_status":"closed","template":"","meta":[],"product_brand":[],"product_cat":[287],"product_tag":[52,35,26],"class_list":{"0":"post-5107","1":"product","2":"type-product","3":"status-publish","4":"has-post-thumbnail","6":"product_cat-verre-peint-grisaille-antique","7":"product_tag-portrait-animal","8":"product_tag-feuille-breloque-metal","9":"product_tag-pendentif-verre","10":"pa_bijou-pendentif","12":"first","13":"instock","14":"purchasable","15":"product-type-simple"},"_links":{"self":[{"href":"https:\/\/art-bijoux.com\/en\/wp-json\/wp\/v2\/product\/5107","targetHints":{"allow":["GET"]}}],"collection":[{"href":"https:\/\/art-bijoux.com\/en\/wp-json\/wp\/v2\/product"}],"about":[{"href":"https:\/\/art-bijoux.com\/en\/wp-json\/wp\/v2\/types\/product"}],"replies":[{"embeddable":true,"href":"https:\/\/art-bijoux.com\/en\/wp-json\/wp\/v2\/comments?post=5107"}],"version-history":[{"count":0,"href":"https:\/\/art-bijoux.com\/en\/wp-json\/wp\/v2\/product\/5107\/revisions"}],"wp:featuredmedia":[{"embeddable":true,"href":"https:\/\/art-bijoux.com\/en\/wp-json\/wp\/v2\/media\/5088"}],"wp:attachment":[{"href":"https:\/\/art-bijoux.com\/en\/wp-json\/wp\/v2\/media?parent=5107"}],"wp:term":[{"taxonomy":"product_brand","embeddable":true,"href":"https:\/\/art-bijoux.com\/en\/wp-json\/wp\/v2\/product_brand?post=5107"},{"taxonomy":"product_cat","embeddable":true,"href":"https:\/\/art-bijoux.com\/en\/wp-json\/wp\/v2\/product_cat?post=5107"},{"taxonomy":"product_tag","embeddable":true,"href":"https:\/\/art-bijoux.com\/en\/wp-json\/wp\/v2\/product_tag?post=5107"}],"curies":[{"name":"wp","href":"https:\/\/api.w.org\/{rel}","templated":true}]}}