{"id":5109,"date":"2025-04-26T12:01:16","date_gmt":"2025-04-26T10:01:16","guid":{"rendered":"https:\/\/art-bijoux.com\/?post_type=product&#038;p=5109"},"modified":"2025-04-26T13:04:11","modified_gmt":"2025-04-26T11:04:11","slug":"pendentif-verre-grisaille-branche-2","status":"publish","type":"product","link":"https:\/\/art-bijoux.com\/en\/boutique\/pendentif-verre-grisaille-branche-2\/","title":{"rendered":"Fine branche &#8211; Pendentif unique en verre antique peint \u00e0 la grisaille"},"content":{"rendered":"<figure id=\"attachment_5092\" aria-describedby=\"caption-attachment-5092\" style=\"width: 162px\" class=\"wp-caption alignleft\"><img decoding=\"async\" class=\"size-medium wp-image-5092\" src=\"https:\/\/art-bijoux.com\/wp-content\/uploads\/2025\/04\/Enluminure-2-162x300.jpg\" alt=\"Pendentif en grisaille sur verre antique avec lys\" width=\"162\" height=\"300\" srcset=\"https:\/\/art-bijoux.com\/wp-content\/uploads\/2025\/04\/Enluminure-2-162x300.jpg 162w, https:\/\/art-bijoux.com\/wp-content\/uploads\/2025\/04\/Enluminure-2-553x1024.jpg 553w, https:\/\/art-bijoux.com\/wp-content\/uploads\/2025\/04\/Enluminure-2-768x1423.jpg 768w, https:\/\/art-bijoux.com\/wp-content\/uploads\/2025\/04\/Enluminure-2-829x1536.jpg 829w, https:\/\/art-bijoux.com\/wp-content\/uploads\/2025\/04\/Enluminure-2-600x1112.jpg 600w, https:\/\/art-bijoux.com\/wp-content\/uploads\/2025\/04\/Enluminure-2.jpg 1036w\" sizes=\"(max-width: 162px) 100vw, 162px\" \/><figcaption id=\"caption-attachment-5092\" class=\"wp-caption-text\">Pendentif en grisaille sur verre antique avec lys<\/figcaption><\/figure>\n<p data-pm-slice=\"1 1 []\">Chaque bijou de cette s\u00e9rie unique est mont\u00e9 sur un rectangle de m\u00e9tal de 1,2 cm par 6 cm, inspir\u00e9 par les marges des livre m\u00e9di\u00e9vaux enlumin\u00e9s. Le d\u00e9cor est peint sur des verres antiques souffl\u00e9s \u00e0 la bouche, r\u00e9cup\u00e9r\u00e9s lors de restaurations de vitraux d\u2019\u00e9glises. Ces verres sont riches en bulles d\u2019air et en irr\u00e9gularit\u00e9s, marques pr\u00e9cieuses du travail artisanal du souffleur de verre. Sur chaque pi\u00e8ce, j\u2019ai peint \u00e0 la main une miniature inspir\u00e9e des marges enlumin\u00e9es des livres du Moyen-\u00e2ge, \u00e0 la grisaille, technique en usage d\u00e8s le XIIe si\u00e8cle. Les teintes dominantes sont des bruns typiques, rehauss\u00e9s parfois d\u2019un trait de bleu, de rouge, de jaune ou de vert.<\/p>\n<p data-pm-slice=\"1 1 [&quot;ordered_list&quot;,{&quot;spread&quot;:true,&quot;startingNumber&quot;:1,&quot;start&quot;:688,&quot;end&quot;:3692},&quot;regular_list_item&quot;,{&quot;start&quot;:946,&quot;end&quot;:1254}]\">Pendentif\u00a0 : <strong>Fine branche<\/strong><\/p>\n<p data-pm-slice=\"1 1 [&quot;ordered_list&quot;,{&quot;spread&quot;:true,&quot;startingNumber&quot;:1,&quot;start&quot;:688,&quot;end&quot;:3692},&quot;regular_list_item&quot;,{&quot;start&quot;:1905,&quot;end&quot;:2214}]\">Un motif de branche sinueuse forme des arabesques d\u2019inspiration m\u00e9di\u00e9vale, ponctu\u00e9es de petites feuilles et de bleuets. Tout en \u00e9quilibre, cette composition rappelle les enluminures romanes, o\u00f9 la nature stylis\u00e9e se m\u00eale aux symboles. Le beige du fond laisse entrevoir les bulles du verre ancien.<\/p>\n<p data-pm-slice=\"1 1 [&quot;ordered_list&quot;,{&quot;spread&quot;:true,&quot;startingNumber&quot;:1,&quot;start&quot;:688,&quot;end&quot;:3692},&quot;regular_list_item&quot;,{&quot;start&quot;:688,&quot;end&quot;:944}]\">\n","protected":false},"excerpt":{"rendered":"<p>Un motif de branche sinueuse forme des arabesques d\u2019inspiration m\u00e9di\u00e9vale, ponctu\u00e9es de petites feuilles et de bleuets. Tout en \u00e9quilibre, cette composition rappelle les enluminures romanes, o\u00f9 la nature stylis\u00e9e se m\u00eale aux symboles.<\/p>\n","protected":false},"featured_media":5092,"comment_status":"open","ping_status":"closed","template":"","meta":[],"product_brand":[],"product_cat":[287],"product_tag":[35,26],"class_list":{"0":"post-5109","1":"product","2":"type-product","3":"status-publish","4":"has-post-thumbnail","6":"product_cat-verre-peint-grisaille-antique","7":"product_tag-feuille-breloque-metal","8":"product_tag-pendentif-verre","9":"pa_bijou-pendentif","11":"first","12":"instock","13":"purchasable","14":"product-type-simple"},"_links":{"self":[{"href":"https:\/\/art-bijoux.com\/en\/wp-json\/wp\/v2\/product\/5109","targetHints":{"allow":["GET"]}}],"collection":[{"href":"https:\/\/art-bijoux.com\/en\/wp-json\/wp\/v2\/product"}],"about":[{"href":"https:\/\/art-bijoux.com\/en\/wp-json\/wp\/v2\/types\/product"}],"replies":[{"embeddable":true,"href":"https:\/\/art-bijoux.com\/en\/wp-json\/wp\/v2\/comments?post=5109"}],"version-history":[{"count":0,"href":"https:\/\/art-bijoux.com\/en\/wp-json\/wp\/v2\/product\/5109\/revisions"}],"wp:featuredmedia":[{"embeddable":true,"href":"https:\/\/art-bijoux.com\/en\/wp-json\/wp\/v2\/media\/5092"}],"wp:attachment":[{"href":"https:\/\/art-bijoux.com\/en\/wp-json\/wp\/v2\/media?parent=5109"}],"wp:term":[{"taxonomy":"product_brand","embeddable":true,"href":"https:\/\/art-bijoux.com\/en\/wp-json\/wp\/v2\/product_brand?post=5109"},{"taxonomy":"product_cat","embeddable":true,"href":"https:\/\/art-bijoux.com\/en\/wp-json\/wp\/v2\/product_cat?post=5109"},{"taxonomy":"product_tag","embeddable":true,"href":"https:\/\/art-bijoux.com\/en\/wp-json\/wp\/v2\/product_tag?post=5109"}],"curies":[{"name":"wp","href":"https:\/\/api.w.org\/{rel}","templated":true}]}}