{"id":5126,"date":"2025-04-27T12:13:54","date_gmt":"2025-04-27T10:13:54","guid":{"rendered":"https:\/\/art-bijoux.com\/?post_type=product&#038;p=5126"},"modified":"2025-04-27T13:58:50","modified_gmt":"2025-04-27T11:58:50","slug":"pendentif-chat-verre-grisaille","status":"publish","type":"product","link":"https:\/\/art-bijoux.com\/en\/boutique\/pendentif-chat-verre-grisaille\/","title":{"rendered":"Pendentif Chat Blanc &#8220;Chat Brille&#8221; &#8211; Verre antique peint \u00e0 la grisaille"},"content":{"rendered":"<figure id=\"attachment_5127\" aria-describedby=\"caption-attachment-5127\" style=\"width: 235px\" class=\"wp-caption alignleft\"><img fetchpriority=\"high\" decoding=\"async\" class=\"size-medium wp-image-5127\" src=\"https:\/\/art-bijoux.com\/wp-content\/uploads\/2025\/04\/Chat-blanc-235x300.jpg\" alt=\"Chat blanc, pendentif \u00e0 la grisaille sur verre antique\" width=\"235\" height=\"300\" srcset=\"https:\/\/art-bijoux.com\/wp-content\/uploads\/2025\/04\/Chat-blanc-235x300.jpg 235w, https:\/\/art-bijoux.com\/wp-content\/uploads\/2025\/04\/Chat-blanc-802x1024.jpg 802w, https:\/\/art-bijoux.com\/wp-content\/uploads\/2025\/04\/Chat-blanc-768x980.jpg 768w, https:\/\/art-bijoux.com\/wp-content\/uploads\/2025\/04\/Chat-blanc-1203x1536.jpg 1203w, https:\/\/art-bijoux.com\/wp-content\/uploads\/2025\/04\/Chat-blanc-600x766.jpg 600w, https:\/\/art-bijoux.com\/wp-content\/uploads\/2025\/04\/Chat-blanc.jpg 1504w\" sizes=\"(max-width: 235px) 100vw, 235px\" \/><figcaption id=\"caption-attachment-5127\" class=\"wp-caption-text\">Chat blanc, pendentif \u00e0 la grisaille sur verre antique<\/figcaption><\/figure>\n<p>Chaque bijou de la collection Chat Brille est une pi\u00e8ce unique, pr\u00eat \u00e0 raconter son histoire et \u00e0 accompagner son propri\u00e9taire avec tendresse et \u00e9l\u00e9gance.<\/p>\n<p>Ce pendentif est mont\u00e9 sur un cercle dor\u00e9 entour\u00e9 de 26 strass \u00e9tincelants. Peint sur un verre antique souffl\u00e9 \u00e0 la bouche vert p\u00e2le, le chat blanc se devine dans une douce transparence. Ses yeux en amande, sa truffe, sa bouche et quelques rayures sur son front sont finement d\u00e9taill\u00e9s.<\/p>\n","protected":false},"excerpt":{"rendered":"<p>Ce pendentif est mont\u00e9 sur un cercle dor\u00e9 entour\u00e9 de 26 strass \u00e9tincelants. Peint sur un verre antique souffl\u00e9 \u00e0 la bouche vert p\u00e2le, le chat blanc se devine dans une douce transparence.<\/p>\n","protected":false},"featured_media":5129,"comment_status":"open","ping_status":"closed","template":"","meta":[],"product_brand":[],"product_cat":[214,286,180],"product_tag":[52,47,294],"class_list":{"0":"post-5126","1":"product","2":"type-product","3":"status-publish","4":"has-post-thumbnail","6":"product_cat-medaillon","7":"product_cat-pendentif-grisaille","8":"product_cat-portrait-animal","9":"product_tag-portrait-animal","10":"product_tag-chat","11":"product_tag-grisaille-verre","12":"pa_bijou-medaillon","14":"first","15":"instock","16":"purchasable","17":"product-type-simple"},"_links":{"self":[{"href":"https:\/\/art-bijoux.com\/en\/wp-json\/wp\/v2\/product\/5126","targetHints":{"allow":["GET"]}}],"collection":[{"href":"https:\/\/art-bijoux.com\/en\/wp-json\/wp\/v2\/product"}],"about":[{"href":"https:\/\/art-bijoux.com\/en\/wp-json\/wp\/v2\/types\/product"}],"replies":[{"embeddable":true,"href":"https:\/\/art-bijoux.com\/en\/wp-json\/wp\/v2\/comments?post=5126"}],"version-history":[{"count":1,"href":"https:\/\/art-bijoux.com\/en\/wp-json\/wp\/v2\/product\/5126\/revisions"}],"predecessor-version":[{"id":5131,"href":"https:\/\/art-bijoux.com\/en\/wp-json\/wp\/v2\/product\/5126\/revisions\/5131"}],"wp:featuredmedia":[{"embeddable":true,"href":"https:\/\/art-bijoux.com\/en\/wp-json\/wp\/v2\/media\/5129"}],"wp:attachment":[{"href":"https:\/\/art-bijoux.com\/en\/wp-json\/wp\/v2\/media?parent=5126"}],"wp:term":[{"taxonomy":"product_brand","embeddable":true,"href":"https:\/\/art-bijoux.com\/en\/wp-json\/wp\/v2\/product_brand?post=5126"},{"taxonomy":"product_cat","embeddable":true,"href":"https:\/\/art-bijoux.com\/en\/wp-json\/wp\/v2\/product_cat?post=5126"},{"taxonomy":"product_tag","embeddable":true,"href":"https:\/\/art-bijoux.com\/en\/wp-json\/wp\/v2\/product_tag?post=5126"}],"curies":[{"name":"wp","href":"https:\/\/api.w.org\/{rel}","templated":true}]}}