{"id":5132,"date":"2025-04-27T13:07:03","date_gmt":"2025-04-27T11:07:03","guid":{"rendered":"https:\/\/art-bijoux.com\/?post_type=product&#038;p=5132"},"modified":"2025-04-27T13:40:11","modified_gmt":"2025-04-27T11:40:11","slug":"pendentif-chat-verre-grisaille-2","status":"publish","type":"product","link":"https:\/\/art-bijoux.com\/en\/boutique\/pendentif-chat-verre-grisaille-2\/","title":{"rendered":"Pendentif Chat Bouffant &#8220;Chat Brille&#8221; &#8211; Verre antique peint \u00e0 la grisaille"},"content":{"rendered":"<figure id=\"attachment_5133\" aria-describedby=\"caption-attachment-5133\" style=\"width: 227px\" class=\"wp-caption alignleft\"><img fetchpriority=\"high\" decoding=\"async\" class=\"size-medium wp-image-5133\" src=\"https:\/\/art-bijoux.com\/wp-content\/uploads\/2025\/04\/Chat-bouffant-227x300.jpg\" alt=\"Pendentif Chat bouffant en verre antique souffl\u00e9 \u00e0 la bouche, peint \u00e0 la grisaille\" width=\"227\" height=\"300\" srcset=\"https:\/\/art-bijoux.com\/wp-content\/uploads\/2025\/04\/Chat-bouffant-227x300.jpg 227w, https:\/\/art-bijoux.com\/wp-content\/uploads\/2025\/04\/Chat-bouffant-775x1024.jpg 775w, https:\/\/art-bijoux.com\/wp-content\/uploads\/2025\/04\/Chat-bouffant-768x1014.jpg 768w, https:\/\/art-bijoux.com\/wp-content\/uploads\/2025\/04\/Chat-bouffant-1163x1536.jpg 1163w, https:\/\/art-bijoux.com\/wp-content\/uploads\/2025\/04\/Chat-bouffant-600x792.jpg 600w, https:\/\/art-bijoux.com\/wp-content\/uploads\/2025\/04\/Chat-bouffant.jpg 1454w\" sizes=\"(max-width: 227px) 100vw, 227px\" \/><figcaption id=\"caption-attachment-5133\" class=\"wp-caption-text\">Pendentif Chat bouffant en verre antique souffl\u00e9 \u00e0 la bouche, peint \u00e0 la grisaille<\/figcaption><\/figure>\n<p>Chaque bijou de la collection Chat Brille est une pi\u00e8ce unique, pr\u00eat \u00e0 raconter son histoire et \u00e0 accompagner son propri\u00e9taire avec tendresse et \u00e9l\u00e9gance.<\/p>\n<p>Ce chat au poil bouffant semble assoupi, les yeux semi-ferm\u00e9s. Ses rayures sont r\u00e9alis\u00e9es en diff\u00e9rentes nuances de marron et de beige. La monture circulaire est en m\u00e9tal argent\u00e9, cercl\u00e9e de 26 strass brillants.<\/p>\n<p>&nbsp;<\/p>\n","protected":false},"excerpt":{"rendered":"<p>Ce pendentif est mont\u00e9 sur un cercle dor\u00e9 entour\u00e9 de 26 strass \u00e9tincelants. Peint sur un verre antique un chat au poil bouffant a les yeux mi-clos.<\/p>\n","protected":false},"featured_media":5135,"comment_status":"open","ping_status":"closed","template":"","meta":[],"product_brand":[],"product_cat":[214,286,180],"product_tag":[52,47,294],"class_list":{"0":"post-5132","1":"product","2":"type-product","3":"status-publish","4":"has-post-thumbnail","6":"product_cat-medaillon","7":"product_cat-pendentif-grisaille","8":"product_cat-portrait-animal","9":"product_tag-portrait-animal","10":"product_tag-chat","11":"product_tag-grisaille-verre","12":"pa_bijou-medaillon","14":"first","15":"instock","16":"purchasable","17":"product-type-simple"},"_links":{"self":[{"href":"https:\/\/art-bijoux.com\/en\/wp-json\/wp\/v2\/product\/5132","targetHints":{"allow":["GET"]}}],"collection":[{"href":"https:\/\/art-bijoux.com\/en\/wp-json\/wp\/v2\/product"}],"about":[{"href":"https:\/\/art-bijoux.com\/en\/wp-json\/wp\/v2\/types\/product"}],"replies":[{"embeddable":true,"href":"https:\/\/art-bijoux.com\/en\/wp-json\/wp\/v2\/comments?post=5132"}],"version-history":[{"count":0,"href":"https:\/\/art-bijoux.com\/en\/wp-json\/wp\/v2\/product\/5132\/revisions"}],"wp:featuredmedia":[{"embeddable":true,"href":"https:\/\/art-bijoux.com\/en\/wp-json\/wp\/v2\/media\/5135"}],"wp:attachment":[{"href":"https:\/\/art-bijoux.com\/en\/wp-json\/wp\/v2\/media?parent=5132"}],"wp:term":[{"taxonomy":"product_brand","embeddable":true,"href":"https:\/\/art-bijoux.com\/en\/wp-json\/wp\/v2\/product_brand?post=5132"},{"taxonomy":"product_cat","embeddable":true,"href":"https:\/\/art-bijoux.com\/en\/wp-json\/wp\/v2\/product_cat?post=5132"},{"taxonomy":"product_tag","embeddable":true,"href":"https:\/\/art-bijoux.com\/en\/wp-json\/wp\/v2\/product_tag?post=5132"}],"curies":[{"name":"wp","href":"https:\/\/api.w.org\/{rel}","templated":true}]}}