{"id":5137,"date":"2025-04-27T13:40:33","date_gmt":"2025-04-27T11:40:33","guid":{"rendered":"https:\/\/art-bijoux.com\/?post_type=product&#038;p=5137"},"modified":"2025-04-27T13:46:07","modified_gmt":"2025-04-27T11:46:07","slug":"pendentif-chat-verre-grisaille-3","status":"publish","type":"product","link":"https:\/\/art-bijoux.com\/en\/boutique\/pendentif-chat-verre-grisaille-3\/","title":{"rendered":"Pendentif Chat Borgne &#8220;Chat Brille&#8221; &#8211; Verre antique peint \u00e0 la grisaille"},"content":{"rendered":"<figure id=\"attachment_5138\" aria-describedby=\"caption-attachment-5138\" style=\"width: 225px\" class=\"wp-caption alignleft\"><img fetchpriority=\"high\" decoding=\"async\" class=\"size-medium wp-image-5138\" src=\"https:\/\/art-bijoux.com\/wp-content\/uploads\/2025\/04\/Chat-borgne-225x300.jpg\" alt=\"Pendentif Chat Borgne en verre antique peint \u00e0 la grisaille\" width=\"225\" height=\"300\" srcset=\"https:\/\/art-bijoux.com\/wp-content\/uploads\/2025\/04\/Chat-borgne-225x300.jpg 225w, https:\/\/art-bijoux.com\/wp-content\/uploads\/2025\/04\/Chat-borgne-767x1024.jpg 767w, https:\/\/art-bijoux.com\/wp-content\/uploads\/2025\/04\/Chat-borgne-768x1026.jpg 768w, https:\/\/art-bijoux.com\/wp-content\/uploads\/2025\/04\/Chat-borgne-1150x1536.jpg 1150w, https:\/\/art-bijoux.com\/wp-content\/uploads\/2025\/04\/Chat-borgne-300x400.jpg 300w, https:\/\/art-bijoux.com\/wp-content\/uploads\/2025\/04\/Chat-borgne-600x801.jpg 600w, https:\/\/art-bijoux.com\/wp-content\/uploads\/2025\/04\/Chat-borgne.jpg 1442w\" sizes=\"(max-width: 225px) 100vw, 225px\" \/><figcaption id=\"caption-attachment-5138\" class=\"wp-caption-text\">Pendentif Chat Borgne en verre antique peint \u00e0 la grisaille<\/figcaption><\/figure>\n<p>Chaque bijou de la collection Chat Brille est une pi\u00e8ce unique, pr\u00eat \u00e0 raconter son histoire et \u00e0 accompagner son propri\u00e9taire avec tendresse et \u00e9l\u00e9gance.<\/p>\n<p>Mont\u00e9 sur un cercle argent\u00e9 orn\u00e9 de 26 strass, ce portrait touchant repr\u00e9sente un chat gris et blanc, au museau rose et \u00e0 l&#8217;\u0153il gauche expressif, l&#8217;\u0153il droit manquant, mais il reste beau, digne et expressif.Une pi\u00e8ce \u00e9mouvante pleine de caract\u00e8re.<\/p>\n<p>&nbsp;<\/p>\n","protected":false},"excerpt":{"rendered":"<p>Mont\u00e9 sur un cercle argent\u00e9 orn\u00e9 de 26 strass, ce portrait repr\u00e9sente un chat qui a perdu son \u0153il droit, mais reste beau et expressif.<\/p>\n","protected":false},"featured_media":5140,"comment_status":"open","ping_status":"closed","template":"","meta":[],"product_brand":[],"product_cat":[214,286,180],"product_tag":[52,47,294],"class_list":{"0":"post-5137","1":"product","2":"type-product","3":"status-publish","4":"has-post-thumbnail","6":"product_cat-medaillon","7":"product_cat-pendentif-grisaille","8":"product_cat-portrait-animal","9":"product_tag-portrait-animal","10":"product_tag-chat","11":"product_tag-grisaille-verre","12":"pa_bijou-medaillon","14":"first","15":"instock","16":"purchasable","17":"product-type-simple"},"_links":{"self":[{"href":"https:\/\/art-bijoux.com\/en\/wp-json\/wp\/v2\/product\/5137","targetHints":{"allow":["GET"]}}],"collection":[{"href":"https:\/\/art-bijoux.com\/en\/wp-json\/wp\/v2\/product"}],"about":[{"href":"https:\/\/art-bijoux.com\/en\/wp-json\/wp\/v2\/types\/product"}],"replies":[{"embeddable":true,"href":"https:\/\/art-bijoux.com\/en\/wp-json\/wp\/v2\/comments?post=5137"}],"version-history":[{"count":0,"href":"https:\/\/art-bijoux.com\/en\/wp-json\/wp\/v2\/product\/5137\/revisions"}],"wp:featuredmedia":[{"embeddable":true,"href":"https:\/\/art-bijoux.com\/en\/wp-json\/wp\/v2\/media\/5140"}],"wp:attachment":[{"href":"https:\/\/art-bijoux.com\/en\/wp-json\/wp\/v2\/media?parent=5137"}],"wp:term":[{"taxonomy":"product_brand","embeddable":true,"href":"https:\/\/art-bijoux.com\/en\/wp-json\/wp\/v2\/product_brand?post=5137"},{"taxonomy":"product_cat","embeddable":true,"href":"https:\/\/art-bijoux.com\/en\/wp-json\/wp\/v2\/product_cat?post=5137"},{"taxonomy":"product_tag","embeddable":true,"href":"https:\/\/art-bijoux.com\/en\/wp-json\/wp\/v2\/product_tag?post=5137"}],"curies":[{"name":"wp","href":"https:\/\/api.w.org\/{rel}","templated":true}]}}